{"id":1839,"date":"2017-10-31T17:47:03","date_gmt":"2017-10-31T15:47:03","guid":{"rendered":"http:\/\/www250.e1016.servidornet.com\/?page_id=1839"},"modified":"2023-11-02T13:56:24","modified_gmt":"2023-11-02T11:56:24","slug":"innova-2","status":"publish","type":"page","link":"http:\/\/www.datinza.com\/index.php\/fr\/innova-2\/","title":{"rendered":"INNOVA"},"content":{"rendered":"<link rel=\"stylesheet\" href=\"https:\/\/www.w3schools.com\/w3css\/4\/w3.css\">\n<article class=\"col2 pad_left1\">\n<div class=\"wrapper\">\n<h2> <\/h2>\n<p><strong>Datinza<\/strong> propose la conception cl\u00e9 en main de syst\u00e8mes d\u2019interrogation intelligents dans les bases de donn\u00e9es s\u00e9mantiques. Si ces donn\u00e9es ne sont pas disponibles, la connaissance et la technologie n\u00e9cessaires permettent de rajouter la s\u00e9mantique \u00e0 n\u2019importe quel type de base de donn\u00e9es.<\/p>\n<\/p><\/div>\n<h2>Proyecto CAU 1.0<\/h2>\n<div class=\"wrapper\">\n<p><strong>Datinza<\/strong> a d\u00e9velopp\u00e9 un logiciel de suivi d\u2019incidences en rapport avec l\u2019ordonnance \u00e9lectronique, pour faciliter le support ad\u00e9quat en temps et en forme aux pharmacies.<\/p>\n<p>La nouveaut\u00e9 consiste \u00e0 ce que les r\u00e9sultats obtenus dans le cadre du projet INNOVA-A1-064\/13 sont utilis\u00e9s pour enregistrer les solutions des diff\u00e9rentes incidences dans une base de connaissance permettant de sugg\u00e9rer des solutions au moment m\u00eame de la r\u00e9ception des demandes, en r\u00e9ussissant ainsi, d\u2019une part, \u00e0 r\u00e9duire les temps de r\u00e9ponse, et d\u2019autre part \u00e0 inf\u00e9rer les probl\u00e8mes les plus globaux en fonction de la localisation, du type d\u2019incidence, etc.<\/p>\n<\/p><\/div>\n<h2>Proyecto INNOVA-A1-064\/13<\/h2>\n<div class=\"wrapper\">\n<p><strong>Datinza<\/strong>, Depuis sa cr\u00e9ation, Datinza a mis\u00e9 continuellement sur l\u2019optimisation de son activit\u00e9 productive, en suivant une strat\u00e9gie d\u2019innovation et de d\u00e9veloppement de ses outils et m\u00e9thodologies de travail.<\/p>\n<h3>&nbsp;<\/h3>\n<\/p><\/div>\n<div class=\"w3-row-padding \">\n<div class=\"w3-twothird\">\n            <iframe loading=\"lazy\" class=\"left marg_right1  w3-round-large\" align=\"right\" width=\"560\" height=\"315\" src=\"https:\/\/www.youtube.com\/embed\/f1t_t0bR2qo\" frameborder=\"0\" allowfullscreen><\/iframe><\/p>\n<\/div>\n<div class=\"w3-third\">\n<p>Vid\u00e9o-pr\u00e9sentation d\u2019un des r\u00e9sultats obtenus dans le cadre du projet INNOVA-A1-064\/13, dont le prototype permet de consulter une base de connaissance par interaction multimodale, y compris un agent 3D avec reconnaissance et synth\u00e8se de voix.<\/p>\n<h4>&nbsp;<\/h4>\n<\/div>\n<\/div>\n<div class=\"w3-row-padding \" style=\"margin:5% 0% 0% 0%;\">\n<div class=\"w3-twothird\">\n<p>            <iframe loading=\"lazy\" class=\"left marg_right1  w3-round-large\"  align=\"right\" width=\"480\" height=\"360\" src=\"https:\/\/www.youtube.com\/embed\/lI7jP6wcMWM\" frameborder=\"0\" allowfullscreen><\/iframe>\n <\/div>\n<div class=\"w3-third\">\n<p><strong>Vid\u00e9o exemple n&ordm;1<\/strong><\/p>\n<p>Vid\u00e9o d\u00e9monstrative d\u2019une consultation par voix en rapport avec le domaine des antibiotiques.<\/p>\n<h4>\n            <\/h4>\n<\/div>\n<\/div>\n<div class=\"w3-row-padding \" style=\"margin:5% 0% 0% 0%;\">\n<div class=\"w3-twothird\">\n<p>          <iframe loading=\"lazy\" class=\"left marg_right1  w3-round-large\"  align=\"right\" width=\"480\" height=\"360\" src=\"https:\/\/www.youtube.com\/embed\/qQ54e5LEjEo\" frameborder=\"0\" allowfullscreen><\/iframe><\/p>\n<p>&nbsp;<\/p>\n<\/p><\/div>\n<div class=\"w3-third\">\n<p><strong>Vid\u00e9o exemple n&ordm; 2<\/strong><\/p>\n<p>Vid\u00e9o d\u00e9monstrative d\u2019une consultation s\u00e9mantique par voix sur les maladies et les troubles.<\/p>\n<h4>\n          <\/h4>\n<\/p><\/div>\n<\/div>\n<div class=\"w3-row-padding \" style=\"margin:5% 0% 0% 0%;\">\n<div class=\"w3-twothird\">\n<p>              <iframe loading=\"lazy\" class=\"left marg_right1  w3-round-large\"  align=\"right\" width=\"480\" height=\"360\" src=\"https:\/\/www.youtube.com\/embed\/8rP9aug3SkQ\" frameborder=\"0\" allowfullscreen><\/iframe>\n  <\/div>\n<div class=\"w3-third\">\n<p> <strong>Vid\u00e9o exemple n&ordm; 3<\/strong><\/p>\n<p>Vid\u00e9o d\u00e9monstrative d&#8217;une recherche sur l&#8217;industrie pharmaceutique.<\/p>\n<\/article>\n<\/div>\n<\/div>\n","protected":false},"excerpt":{"rendered":"<p>Datinza propose la conception cl\u00e9 en main de syst\u00e8mes d\u2019interrogation intelligents dans les bases de donn\u00e9es s\u00e9mantiques. Si ces donn\u00e9es ne sont pas disponibles, la connaissance et la technologie n\u00e9cessaires permettent de rajouter la s\u00e9mantique \u00e0 n\u2019importe quel type de base de donn\u00e9es. Proyecto CAU 1.0 Datinza a d\u00e9velopp\u00e9 un logiciel de suivi d\u2019incidences en [&hellip;]<\/p>\n","protected":false},"author":1,"featured_media":1252,"parent":0,"menu_order":0,"comment_status":"closed","ping_status":"closed","template":"page-full-width.php","meta":{"_exactmetrics_skip_tracking":false,"_exactmetrics_sitenote_active":false,"_exactmetrics_sitenote_note":"","_exactmetrics_sitenote_category":0,"footnotes":""},"class_list":["post-1839","page","type-page","status-publish","has-post-thumbnail","hentry"],"_links":{"self":[{"href":"http:\/\/www.datinza.com\/index.php\/wp-json\/wp\/v2\/pages\/1839","targetHints":{"allow":["GET"]}}],"collection":[{"href":"http:\/\/www.datinza.com\/index.php\/wp-json\/wp\/v2\/pages"}],"about":[{"href":"http:\/\/www.datinza.com\/index.php\/wp-json\/wp\/v2\/types\/page"}],"author":[{"embeddable":true,"href":"http:\/\/www.datinza.com\/index.php\/wp-json\/wp\/v2\/users\/1"}],"replies":[{"embeddable":true,"href":"http:\/\/www.datinza.com\/index.php\/wp-json\/wp\/v2\/comments?post=1839"}],"version-history":[{"count":3,"href":"http:\/\/www.datinza.com\/index.php\/wp-json\/wp\/v2\/pages\/1839\/revisions"}],"predecessor-version":[{"id":2478,"href":"http:\/\/www.datinza.com\/index.php\/wp-json\/wp\/v2\/pages\/1839\/revisions\/2478"}],"wp:featuredmedia":[{"embeddable":true,"href":"http:\/\/www.datinza.com\/index.php\/wp-json\/wp\/v2\/media\/1252"}],"wp:attachment":[{"href":"http:\/\/www.datinza.com\/index.php\/wp-json\/wp\/v2\/media?parent=1839"}],"curies":[{"name":"wp","href":"https:\/\/api.w.org\/{rel}","templated":true}]}}