{"id":1937,"date":"2017-11-02T18:53:21","date_gmt":"2017-11-02T16:53:21","guid":{"rendered":"http:\/\/www250.e1016.servidornet.com\/?page_id=1937"},"modified":"2017-11-03T14:53:01","modified_gmt":"2017-11-03T12:53:01","slug":"cau-3","status":"publish","type":"page","link":"http:\/\/www.datinza.com\/index.php\/pt\/cau-3\/","title":{"rendered":"CAU"},"content":{"rendered":"<h2>Proect CAU 1.0<\/h2>\n<div class=\"wrapper\">\n<p>A <strong>Datinza<\/strong> desenvolveu um software de acompanhamento de incid\u00eancias relacionado com a receita eletr\u00f3nica, para facilitar o suporte adequado em tempo e forma \u00e0s farm\u00e1cias.<\/p>\n<p>A novidade reside em que, atrav\u00e9s do uso dos resultados obtidos no quadro do projeto <a href=\"innova\">INNOVA-A1-064\/13<\/a>, as solu\u00e7\u00f5es das diferentes incid\u00eancias v\u00e3o sendo armazenadas numa base de conhecimento que permite sugerir solu\u00e7\u00f5es na pr\u00f3pria fase de rece\u00e7\u00e3o dos pedidos, conseguindo desta forma reduzir os tempos de resposta por um lado e por outro inferir problemas mais globais em fun\u00e7\u00e3o da localiza\u00e7\u00e3o, tipo de incid\u00eancia, etc.<\/p>\n<p>Este software pode ser <a href=\"\/DATINZA\/index.php\/servicios\/desarrollo-de-software\/#PERSONALIZADO\">personalizado <\/a>em fun\u00e7\u00e3o das suas necessidades .<\/p>\n<\/p><\/div>\n","protected":false},"excerpt":{"rendered":"<p>Proect CAU 1.0 A Datinza desenvolveu um software de acompanhamento de incid\u00eancias relacionado com a receita eletr\u00f3nica, para facilitar o suporte adequado em tempo e forma \u00e0s farm\u00e1cias. A novidade reside em que, atrav\u00e9s do uso dos resultados obtidos no quadro do projeto INNOVA-A1-064\/13, as solu\u00e7\u00f5es das diferentes incid\u00eancias v\u00e3o sendo armazenadas numa base de [&hellip;]<\/p>\n","protected":false},"author":1,"featured_media":1424,"parent":0,"menu_order":0,"comment_status":"closed","ping_status":"closed","template":"page-full-width.php","meta":{"_exactmetrics_skip_tracking":false,"_exactmetrics_sitenote_active":false,"_exactmetrics_sitenote_note":"","_exactmetrics_sitenote_category":0,"footnotes":""},"class_list":["post-1937","page","type-page","status-publish","has-post-thumbnail","hentry"],"_links":{"self":[{"href":"http:\/\/www.datinza.com\/index.php\/wp-json\/wp\/v2\/pages\/1937","targetHints":{"allow":["GET"]}}],"collection":[{"href":"http:\/\/www.datinza.com\/index.php\/wp-json\/wp\/v2\/pages"}],"about":[{"href":"http:\/\/www.datinza.com\/index.php\/wp-json\/wp\/v2\/types\/page"}],"author":[{"embeddable":true,"href":"http:\/\/www.datinza.com\/index.php\/wp-json\/wp\/v2\/users\/1"}],"replies":[{"embeddable":true,"href":"http:\/\/www.datinza.com\/index.php\/wp-json\/wp\/v2\/comments?post=1937"}],"version-history":[{"count":1,"href":"http:\/\/www.datinza.com\/index.php\/wp-json\/wp\/v2\/pages\/1937\/revisions"}],"predecessor-version":[{"id":1938,"href":"http:\/\/www.datinza.com\/index.php\/wp-json\/wp\/v2\/pages\/1937\/revisions\/1938"}],"wp:featuredmedia":[{"embeddable":true,"href":"http:\/\/www.datinza.com\/index.php\/wp-json\/wp\/v2\/media\/1424"}],"wp:attachment":[{"href":"http:\/\/www.datinza.com\/index.php\/wp-json\/wp\/v2\/media?parent=1937"}],"curies":[{"name":"wp","href":"https:\/\/api.w.org\/{rel}","templated":true}]}}