{"id":449,"date":"2017-07-31T11:41:56","date_gmt":"2017-07-31T09:41:56","guid":{"rendered":"http:\/\/www250.e1016.servidornet.com\/?page_id=449"},"modified":"2017-11-27T18:31:32","modified_gmt":"2017-11-27T16:31:32","slug":"desarrollo-de-software","status":"publish","type":"page","link":"http:\/\/www.datinza.com\/index.php\/servicios\/desarrollo-de-software\/","title":{"rendered":"Desarrollo de Software"},"content":{"rendered":"<p> <A name=\"HOME\"><\/A><\/p>\n<div > <A name=\"Desarrollo\"><\/A><\/p>\n<h4 style=\"text-align: center;\" > Desarrollo de Software<\/h4>\n<\/p><\/div>\n<p style=\"text-align: center;\">En Datinza contamos con un departamento de programaci\u00f3n con un alto grado de experiencia en cuanto a desarrollo de programas y aplicaciones. Adem\u00e1s, trabajamos con software propio desarrollado por dicho equipo, lo cual nos permite adaptarnos totalmente a las necesidades de cada cliente seg\u00fan sus caracter\u00edsticas.<\/p>\n<p><!-- &nbsp; --><br \/>\n<\/p>\n<p><!--<meta name=\"viewport\" content=\"width=device-width, initial-scale=1\">\n<link rel=\"stylesheet\" href=\"https:\/\/www.w3schools.com\/w3css\/4\/w3.css\"> --><br \/>\n<meta name=\"viewport\" content=\"width=device-width, initial-scale=1\">\n<link rel=\"stylesheet\" href=\"https:\/\/www.w3schools.com\/w3css\/4\/w3.css\">\n<div style=\"text-align: center; class=\"w3-container w3-green\">\n <!-- \n\n<h1>Prueba<\/h1>\n\n --><\/p>\n<\/div>\n<div style=\"text-align: center;\" class=\"w3-row-padding\">\n<div class=\"w3-third\" style=\"padding: 0px 10px 0px 10px ; \"><a href=\"#BIG_DATA\"><img loading=\"lazy\" decoding=\"async\" class=\"aligncenter\" src=\"\/wp-content\/uploads\/2017\/06\/BIG_DATA.png\" alt=\"editors\" width=\"103\" height=\"103\" \/><\/a> <\/p>\n<h5>Gesti\u00f3n, an\u00e1lisis y <br \/>explotaci\u00f3n de datos<\/h5>\n<p>Datinza dispone de la tecnolog\u00eda adecuada para gestionar ingentes cantidades de datos y obtener la informaci\u00f3n relevante de cara a la gesti\u00f3n eficaz de los procesos involucrados<\/p>\n<\/p><\/div>\n<div class=\"w3-third\" style=\"padding: 0px 10px 0px 10px ; \"> <a href=\"#PERSONALIZADO\"><img loading=\"lazy\" decoding=\"async\" class=\"aligncenter\" src=\"\/wp-content\/uploads\/2017\/06\/MEDIDA.png\" alt=\"editors\" width=\"103\" height=\"103\" \/><\/a> <\/p>\n<h5  >Aplicaciones a medida <\/p>\n<p style=\"color: white;\">.<\/p>\n<\/h5>\n<p>Un software ajustado a sus necesidades adaptable a su crecimiento.<\/p>\n<\/p><\/div>\n<div class=\"w3-third\" style=\"padding: 0px 10px 0px 10px ; \"><a href=\"#WEB\"><img loading=\"lazy\" decoding=\"async\" class=\"aligncenter\" src=\"\/wp-content\/uploads\/2017\/06\/WEB.png\" alt=\"editors\" width=\"103\" height=\"103\" \/><\/a> <\/p>\n<h5>Dise\u00f1o Web<\/p>\n<p style=\"color: white;\">.<\/p>\n<\/h5>\n<p>Abra su empresa al exterior proporcionando a sus clientes una imagen moderna.<\/p>\n<\/p><\/div>\n<\/p><\/div>\n<p><!-- SEPARADOR------------------------------------------------------------------------ --><\/p>\n<p style=\"color: white;\">.<\/p>\n<div class=\"pagetitle-separator\">\n<div class=\"pagetitle-separator-border\">\n            <A name=\"BIG_DATA\"><\/A><\/p>\n<div class=\"pagetitle-separator-box\"><\/div>\n<\/p><\/div>\n<\/p><\/div>\n<p><!-- FIN SEPARADOR------------------------------------------------------------------- --><\/p>\n<p><img loading=\"lazy\" decoding=\"async\" class=\"aligncenter\" src=\"\/wp-content\/uploads\/2017\/06\/BIG_DATA.png\" alt=\"editors\" width=\"160\" height=\"160\" \/> <\/p>\n<p  class=\"tx1\"  style = \"color:#22a1c4;font-size: 130%;font-weight: regular; margin: 0% 0% 1% 0%; text-align: center;\" >Gesti\u00f3n y an\u00e1lisis de datos<br \/>(BIG DATA)<\/p>\n<p><!--\n \n\n<div  style = \"margin: 0% 0% 0% 0%;\">   <img decoding=\"async\" class=\"aligncenter  w3-round-large\"  src=\"\/wp-content\/uploads\/2017\/06\/G01.jpg\" alt=\"editors\"  style = \"width: 100%;height: 100%;  \"  \/> \n    <\/div>\n\n  \n--><\/p>\n<div align=\"center\"><video  autoplay loop style = \"width: 100%; height: auto; margin: 0 auto;\"><source src=\"\/wp-content\/uploads\/2017\/08\/BG_sl_2.mp4\" type=\"video\/mp4\" >Your browser does not support the video tag.<\/video>\n<\/div>\n<p style=\"padding: 5% 15% 0% 15% ; \">\nDatinza posee su propia tecnolog\u00eda para extraer informaci\u00f3n relevante a partir de grandes cantidades de datos con diferentes tipolog\u00edas, que permite el an\u00e1lisis predictivo y la miner\u00eda de datos.\n<\/p>\n<p>  <A name=\"PERSONALIZADO\"><\/A><\/p>\n<p style=\"padding: 0% 15% 0% 15% ; \">La visualizaci\u00f3n de datos en tiempo real y los sistemas de alerta temprana son algunos de nuestros desarrollos en este campo, que permiten gestionar los procesos y asesorar en la toma de decisiones.<\/p>\n<p><!-- SEPARADOR------------------------------------------------------------------------ --><\/p>\n<p style=\"color: white;\">.<\/p>\n<p><a href=\"#HOME\"><img loading=\"lazy\" decoding=\"async\" class=\"aligncenter\" src=\"\/wp-content\/uploads\/2017\/09\/top_a.png\" alt=\"editors\" width=\"50\" height=\"50\" \/><\/a> <\/p>\n<div class=\"pagetitle-separator\">\n<div class=\"pagetitle-separator-border\">\n<div class=\"pagetitle-separator-box\"><\/div>\n<\/p><\/div>\n<\/p><\/div>\n<p><!-- FIN SEPARADOR------------------------------------------------------------------- --><\/p>\n<p><img loading=\"lazy\" decoding=\"async\" class=\"aligncenter\" src=\"\/wp-content\/uploads\/2017\/06\/MEDIDA.png\" alt=\"editors\" width=\"160\" height=\"160\" \/> <\/p>\n<p  class=\"tx1\"  style = \"color:#22a1c4;font-size: 130%;font-weight: regular; margin: 0% 0% 5% 0%; text-align: center;\" >Aplicaciones a medida<\/p>\n<p class=\"tx1\"  style=\"padding: 0% 25% 0% 25% ;text-align: left; \">\nDatinza puede crear para su empresa un software personalizado que le permita gestionar de manera eficaz sus necesidades, como por ejemplo:\n<\/p>\n<div class=\"tx1\" style=\"margin: 2% 25% 0% 25%;text-align: left; \" >\n<p  style = \"color:#196F8A;\">\n<b>Programa CAU<\/b><br \/> (Centro de Atenci\u00f3n al Usuario)\n<\/p>\n<p>\nSistema que permite el registro de incidencias en tiempo real as\u00ed como el seguimiento de las mismas. Este programa facilita la evaluaci\u00f3n de dichas incidencias para as\u00ed elaborar procesos estandarizados o protocolos de acci\u00f3n con la finalidad de reducir su gravedad, su frecuencia o evitar que vuelvan a ocurrir.\n<\/p>\n<p>\nYa que cada empresa es distinta nos adaptamos a las caracter\u00edsticas de cada una, a\u00f1adiendo o suprimiendo funciones seg\u00fan las necesidades del cliente.<\/p>\n<\/div>\n<div class=\"w3-row-padding  w3-container\" style =\"padding:0 !important;\">\n<div class=\"w3-quarter  w3-container\"  style =\"padding:0 !important;\">\n<div  style = \"margin: 5% 0% 0% 0%; padding:0 !important;\">   <img decoding=\"async\" class=\"aligncenter  w3-round-large\"  src=\"\/wp-content\/uploads\/2017\/06\/ERP_inf.jpg\" alt=\"editors\" style = \" width: 150%; height: 250%; \" style=\"padding:0 !important;\"  \/>\n    <\/div>\n<\/p><\/div>\n<div class=\"w3-threequarter w3-container\" >\n<div class=\"tx1\" style=\"margin: 20% 5% 0% 25%; text-align: left;\" >\n<p style=\" text-align: left; color:#196F8A;\">\n<b>Programa ERP<\/b><br \/> (Sistema de planificaci\u00f3n de recursos empresariales)\n<\/p>\n<p style=\" text-align: left; \">\nDesarrollo a medida de una plataforma que, a partir de una base de datos centralizada, cubre todas las gestiones habituales que se realizan dentro de cualquier tipo de empresa, entidad, organismo o instituci\u00f3n.<\/p>\n<p><!--<\/p>\n\n\n\n\n\n<ul style=\"list-style-type: square;  margin: 3% 2% 0% 10%;\"> \n\n\n<li>\n\n<p style=\"margin:0; text-align: left;\"><b>Flexibilidad total:<\/b> Plataforma totalmente adaptable a los distintos sectores.<\/p>\n\n <\/li>\n\n\n\n\n<li>\n\n<p style=\"margin:0; text-align: left;\"><b>Planificaci\u00f3n estrat\u00e9gica:<\/b> Facilita la planificaci\u00f3n a medio y largo plazo.<\/p>\n\n <\/li>\n\n \n\n\n<li>\n\n<p style=\"margin:0; text-align: left;\"><b>Control de gesti\u00f3n:<\/b> Permite el control de los ingresos y gastos dentro de la organizaci\u00f3n.<\/p>\n\n <\/li>\n\n \n\n\n<li>\n\n<p style=\"margin:0; text-align: left;\"><b>Control de gesti\u00f3n:<\/b> Permite el control de los ingresos y gastos dentro de la organizaci\u00f3n.<\/p>\n\n <\/li>\n\n \n\n\n<li>\n\n<p style=\"margin:0; text-align: left;\"><b>Optimizaci\u00f3n de recursos:<\/b> eficiencia, rendimiento, etc.<\/p>\n\n <\/li>\n\n \n<\/ul>\n\n\n-->\n<\/div>\n<\/div>\n<\/div>\n<p><!-- SEPARADOR------------------------------------------------------------------------ --><\/p>\n<p style=\"color: white;\">.<\/p>\n<p><a href=\"#HOME\"><img loading=\"lazy\" decoding=\"async\" class=\"aligncenter\" src=\"\/wp-content\/uploads\/2017\/09\/top_a.png\" alt=\"editors\" width=\"50\" height=\"50\" \/><\/a> <\/p>\n<div class=\"pagetitle-separator\">\n<div class=\"pagetitle-separator-border\">\n            <A name=\"WEB\"><\/A><\/p>\n<div class=\"pagetitle-separator-box\"><\/div>\n<\/p><\/div>\n<\/p><\/div>\n<p><!-- FIN SEPARADOR------------------------------------------------------------------- --><\/p>\n<p><img loading=\"lazy\" decoding=\"async\" class=\"aligncenter\" src=\"\/wp-content\/uploads\/2017\/06\/WEB.png\" alt=\"editors\" width=\"160\" height=\"160\" \/> <\/p>\n<p  class=\"tx1\"  style = \"color:#22a1c4;font-size: 130%;font-weight: regular; margin: 0% 0% 5% 0%; text-align: center;\" >Dise\u00f1o Web<\/p>\n<p style=\"padding: 0% 25% 0% 25% ; text-align: center;\">\nDatinza le ayuda a transformar la imagen de su empresa y transmitir a sus clientes una imagen moderna, funcional y adaptada a su p\u00fablico objetivo.<\/p>\n","protected":false},"excerpt":{"rendered":"<p>Desarrollo de Software En Datinza contamos con un departamento de programaci\u00f3n con un alto grado de experiencia en cuanto a desarrollo de programas y aplicaciones. Adem\u00e1s, trabajamos con software propio desarrollado por dicho equipo, lo cual nos permite adaptarnos totalmente a las necesidades de cada cliente seg\u00fan sus caracter\u00edsticas.<\/p>\n","protected":false},"author":1,"featured_media":1437,"parent":315,"menu_order":0,"comment_status":"closed","ping_status":"closed","template":"page-full-width.php","meta":{"_exactmetrics_skip_tracking":false,"_exactmetrics_sitenote_active":false,"_exactmetrics_sitenote_note":"","_exactmetrics_sitenote_category":0,"footnotes":""},"class_list":["post-449","page","type-page","status-publish","has-post-thumbnail","hentry"],"_links":{"self":[{"href":"http:\/\/www.datinza.com\/index.php\/wp-json\/wp\/v2\/pages\/449","targetHints":{"allow":["GET"]}}],"collection":[{"href":"http:\/\/www.datinza.com\/index.php\/wp-json\/wp\/v2\/pages"}],"about":[{"href":"http:\/\/www.datinza.com\/index.php\/wp-json\/wp\/v2\/types\/page"}],"author":[{"embeddable":true,"href":"http:\/\/www.datinza.com\/index.php\/wp-json\/wp\/v2\/users\/1"}],"replies":[{"embeddable":true,"href":"http:\/\/www.datinza.com\/index.php\/wp-json\/wp\/v2\/comments?post=449"}],"version-history":[{"count":203,"href":"http:\/\/www.datinza.com\/index.php\/wp-json\/wp\/v2\/pages\/449\/revisions"}],"predecessor-version":[{"id":2342,"href":"http:\/\/www.datinza.com\/index.php\/wp-json\/wp\/v2\/pages\/449\/revisions\/2342"}],"up":[{"embeddable":true,"href":"http:\/\/www.datinza.com\/index.php\/wp-json\/wp\/v2\/pages\/315"}],"wp:featuredmedia":[{"embeddable":true,"href":"http:\/\/www.datinza.com\/index.php\/wp-json\/wp\/v2\/media\/1437"}],"wp:attachment":[{"href":"http:\/\/www.datinza.com\/index.php\/wp-json\/wp\/v2\/media?parent=449"}],"curies":[{"name":"wp","href":"https:\/\/api.w.org\/{rel}","templated":true}]}}