{"id":1244,"date":"2017-08-23T12:36:33","date_gmt":"2017-08-23T10:36:33","guid":{"rendered":"http:\/\/www250.e1016.servidornet.com\/?page_id=1244"},"modified":"2023-11-02T13:57:03","modified_gmt":"2023-11-02T11:57:03","slug":"innova","status":"publish","type":"page","link":"https:\/\/www.datinza.com\/index.php\/innova\/","title":{"rendered":"INNOVA"},"content":{"rendered":"<link rel=\"stylesheet\" href=\"https:\/\/www.w3schools.com\/w3css\/4\/w3.css\">\n<article class=\"col2 pad_left1\">\n<div class=\"wrapper\">\n<h2> <\/h2>\n<p><strong>Datinza<\/strong>  ofrece el dise\u00f1o llave en mano de sistemas de interrogaci\u00f3n inteligentes en base de datos sem\u00e1nticas. En el caso de no disponer de tales bases de datos, se dispone del conocimiento y la tecnolog\u00eda necesarios para a\u00f1adir sem\u00e1ntica a cualquier tipo de base de datos.<\/p>\n<\/p><\/div>\n<h2>Proyecto CAU 1.0<\/h2>\n<div class=\"wrapper\">\n<p>Se ha desarrollado un software de seguimiento de incidencias relacionado con la receta electr\u00f3nica, para facilitar el soporte adecuado en tiempo y forma a las farmacias. <\/p>\n<p>La novedad reside en que, mediante el uso de los resultados obtenidos en el marco del proyecto INNOVA-A1-064\/13, los soluciones de las diferentes incidencias se van almacenando en una base de conocimiento que permite sugerir soluciones en la misma fase de recepci\u00f3n de las solicitudes, logrando as\u00ed reducir los tiempos de respuesta por un lado y por otro inferir problemas m\u00e1s globales  en funci\u00f3n de la localizaci\u00f3n, tipo de incidencia, etc.    <\/p>\n<\/p><\/div>\n<h2>Proyecto INNOVA-A1-064\/13<\/h2>\n<div class=\"wrapper\">\n<p><strong>Datinza<\/strong>,  desde su creaci&oacute;n, ha realizado una apuesta continua por la optimizaci&oacute;n de su  actividad productiva, siguiendo una estrategia de innovaci&oacute;n y desarrollo de  nuestras herramientas y metodolog&iacute;as de trabajo.          <\/p>\n<h3>&nbsp;<\/h3>\n<\/p><\/div>\n<div class=\"w3-row-padding \">\n<div class=\"w3-twothird\">\n            <iframe loading=\"lazy\" class=\"left marg_right1  w3-round-large\" align=\"right\" width=\"560\" height=\"315\" src=\"https:\/\/www.youtube.com\/embed\/f1t_t0bR2qo\" frameborder=\"0\" allowfullscreen><\/iframe><\/p>\n<\/div>\n<div class=\"w3-third\">\n<p>Videopresentaci&oacute;n de uno los resultados obtenidos en el marco del <strong>proyecto  INNOVA-A1-064\/13<\/strong>, cuyo prototipo permite consultar una base de conocimiento  mediante interacci&oacute;n multimodal, incluyendo un agente 3D con  reconocimiento y s&iacute;ntesis de voz.<\/p>\n<h4>&nbsp;<\/h4>\n<\/div>\n<\/div>\n<div class=\"w3-row-padding \" style=\"margin:5% 0% 0% 0%;\">\n<div class=\"w3-twothird\">\n<p>            <iframe loading=\"lazy\" class=\"left marg_right1  w3-round-large\"  align=\"right\" width=\"480\" height=\"360\" src=\"https:\/\/www.youtube.com\/embed\/lI7jP6wcMWM\" frameborder=\"0\" allowfullscreen><\/iframe>\n <\/div>\n<div class=\"w3-third\">\n<p><strong>Video de ejemplo n&ordm;1<\/strong><\/p>\n<p>V&iacute;deo  demostrativo donde se puede ver una consulta v&iacute;a voz relacionada con el &aacute;mbito de los  antibi&oacute;ticos.<\/p>\n<h4>\n            <\/h4>\n<\/div>\n<\/div>\n<div class=\"w3-row-padding \" style=\"margin:5% 0% 0% 0%;\">\n<div class=\"w3-twothird\">\n<p>          <iframe loading=\"lazy\" class=\"left marg_right1  w3-round-large\"  align=\"right\" width=\"480\" height=\"360\" src=\"https:\/\/www.youtube.com\/embed\/qQ54e5LEjEo\" frameborder=\"0\" allowfullscreen><\/iframe><\/p>\n<p>&nbsp;<\/p>\n<\/p><\/div>\n<div class=\"w3-third\">\n<p><strong>Video de ejemplo n&ordm; 2<\/strong><\/p>\n<p>V&iacute;deo  demostrativo donde se puede ver una consulta sem&aacute;ntica v&iacute;a voz sobre  enfermedades y trastornos.<\/p>\n<h4>\n          <\/h4>\n<\/p><\/div>\n<\/div>\n<div class=\"w3-row-padding \" style=\"margin:5% 0% 0% 0%;\">\n<div class=\"w3-twothird\">\n<p>              <iframe loading=\"lazy\" class=\"left marg_right1  w3-round-large\"  align=\"right\" width=\"480\" height=\"360\" src=\"https:\/\/www.youtube.com\/embed\/8rP9aug3SkQ\" frameborder=\"0\" allowfullscreen><\/iframe>\n  <\/div>\n<div class=\"w3-third\">\n<p> <strong>Video de ejemplo n&ordm; 3<\/strong><\/p>\n<p>V&iacute;deo  demostrativo donde se puede ver una b&uacute;squeda sobre la Industria  Farmac&eacute;utica.<\/p>\n<\/article>\n<\/div>\n<\/div>\n","protected":false},"excerpt":{"rendered":"<p>Datinza ofrece el dise\u00f1o llave en mano de sistemas de interrogaci\u00f3n inteligentes en base de datos sem\u00e1nticas. En el caso de no disponer de tales bases de datos, se dispone del conocimiento y la tecnolog\u00eda necesarios para a\u00f1adir sem\u00e1ntica a cualquier tipo de base de datos. Proyecto CAU 1.0 Se ha desarrollado un software de [&hellip;]<\/p>\n","protected":false},"author":1,"featured_media":1252,"parent":0,"menu_order":0,"comment_status":"closed","ping_status":"closed","template":"page-full-width.php","meta":{"_exactmetrics_skip_tracking":false,"_exactmetrics_sitenote_active":false,"_exactmetrics_sitenote_note":"","_exactmetrics_sitenote_category":0,"footnotes":""},"class_list":["post-1244","page","type-page","status-publish","has-post-thumbnail","hentry"],"_links":{"self":[{"href":"https:\/\/www.datinza.com\/index.php\/wp-json\/wp\/v2\/pages\/1244","targetHints":{"allow":["GET"]}}],"collection":[{"href":"https:\/\/www.datinza.com\/index.php\/wp-json\/wp\/v2\/pages"}],"about":[{"href":"https:\/\/www.datinza.com\/index.php\/wp-json\/wp\/v2\/types\/page"}],"author":[{"embeddable":true,"href":"https:\/\/www.datinza.com\/index.php\/wp-json\/wp\/v2\/users\/1"}],"replies":[{"embeddable":true,"href":"https:\/\/www.datinza.com\/index.php\/wp-json\/wp\/v2\/comments?post=1244"}],"version-history":[{"count":14,"href":"https:\/\/www.datinza.com\/index.php\/wp-json\/wp\/v2\/pages\/1244\/revisions"}],"predecessor-version":[{"id":2479,"href":"https:\/\/www.datinza.com\/index.php\/wp-json\/wp\/v2\/pages\/1244\/revisions\/2479"}],"wp:featuredmedia":[{"embeddable":true,"href":"https:\/\/www.datinza.com\/index.php\/wp-json\/wp\/v2\/media\/1252"}],"wp:attachment":[{"href":"https:\/\/www.datinza.com\/index.php\/wp-json\/wp\/v2\/media?parent=1244"}],"curies":[{"name":"wp","href":"https:\/\/api.w.org\/{rel}","templated":true}]}}