{"id":1265,"date":"2017-08-23T16:27:19","date_gmt":"2017-08-23T14:27:19","guid":{"rendered":"http:\/\/www250.e1016.servidornet.com\/?page_id=1265"},"modified":"2017-10-31T17:09:00","modified_gmt":"2017-10-31T15:09:00","slug":"cau","status":"publish","type":"page","link":"https:\/\/www.datinza.com\/index.php\/cau\/","title":{"rendered":"CAU"},"content":{"rendered":"<h2>Proyecto CAU 1.0<\/h2>\n<div class=\"wrapper\">\n<p><strong>Datinza<\/strong> ha desarrollado un software de seguimiento de incidencias relacionado con la receta electr\u00f3nica, para facilitar el soporte adecuado en tiempo y forma a las farmacias. <\/p>\n<p>La novedad reside en que, mediante el uso de los resultados obtenidos en el marco del proyecto <a href=\"innova\">INNOVA-A1-064\/13<\/a>, los soluciones de las diferentes incidencias se van almacenando en una base de conocimiento que permite sugerir soluciones en la misma fase de recepci\u00f3n de las solicitudes, logrando as\u00ed reducir los tiempos de respuesta por un lado y por otro inferir problemas m\u00e1s globales  en funci\u00f3n de la localizaci\u00f3n, tipo de incidencia, etc.    <\/p>\n<p>Este software se puede <a href=\"\/DATINZA\/index.php\/servicios\/desarrollo-de-software\/#PERSONALIZADO\">personalizar<\/a> en funci\u00f3n de sus necesidades.<\/p>\n<\/p><\/div>\n","protected":false},"excerpt":{"rendered":"<p>Proyecto CAU 1.0 Datinza ha desarrollado un software de seguimiento de incidencias relacionado con la receta electr\u00f3nica, para facilitar el soporte adecuado en tiempo y forma a las farmacias. La novedad reside en que, mediante el uso de los resultados obtenidos en el marco del proyecto INNOVA-A1-064\/13, los soluciones de las diferentes incidencias se van [&hellip;]<\/p>\n","protected":false},"author":1,"featured_media":1424,"parent":0,"menu_order":0,"comment_status":"closed","ping_status":"closed","template":"page-full-width.php","meta":{"footnotes":""},"class_list":["post-1265","page","type-page","status-publish","has-post-thumbnail","hentry"],"_links":{"self":[{"href":"https:\/\/www.datinza.com\/index.php\/wp-json\/wp\/v2\/pages\/1265","targetHints":{"allow":["GET"]}}],"collection":[{"href":"https:\/\/www.datinza.com\/index.php\/wp-json\/wp\/v2\/pages"}],"about":[{"href":"https:\/\/www.datinza.com\/index.php\/wp-json\/wp\/v2\/types\/page"}],"author":[{"embeddable":true,"href":"https:\/\/www.datinza.com\/index.php\/wp-json\/wp\/v2\/users\/1"}],"replies":[{"embeddable":true,"href":"https:\/\/www.datinza.com\/index.php\/wp-json\/wp\/v2\/comments?post=1265"}],"version-history":[{"count":6,"href":"https:\/\/www.datinza.com\/index.php\/wp-json\/wp\/v2\/pages\/1265\/revisions"}],"predecessor-version":[{"id":1273,"href":"https:\/\/www.datinza.com\/index.php\/wp-json\/wp\/v2\/pages\/1265\/revisions\/1273"}],"wp:featuredmedia":[{"embeddable":true,"href":"https:\/\/www.datinza.com\/index.php\/wp-json\/wp\/v2\/media\/1424"}],"wp:attachment":[{"href":"https:\/\/www.datinza.com\/index.php\/wp-json\/wp\/v2\/media?parent=1265"}],"curies":[{"name":"wp","href":"https:\/\/api.w.org\/{rel}","templated":true}]}}