{"id":1309,"date":"2017-09-11T16:49:29","date_gmt":"2017-09-11T14:49:29","guid":{"rendered":"http:\/\/www250.e1016.servidornet.com\/?page_id=1309"},"modified":"2017-11-28T10:36:31","modified_gmt":"2017-11-28T08:36:31","slug":"proyecto-diz-98tr","status":"publish","type":"page","link":"https:\/\/www.datinza.com\/index.php\/proyecto-diz-98tr\/","title":{"rendered":"Esc\u00e1ner de Alta Velocidad (Proyecto DIZ-98TR)"},"content":{"rendered":"<link rel=\"stylesheet\" href=\"https:\/\/www.w3schools.com\/w3css\/4\/w3.css\">\n<style>\n.blog-post-title {padding:0 !important;}\n<\/style>\n<p><!--\n\n\n\n<div class=\"w3-row\" style=\"margin:5%;\">\n  \n\n<div class=\"w3-container w3-twothird\"  style=\"margin:5%;\">\n      \n        <video  autoplay loop style=\"display:block; width:100%;   margin:5px;\" \n<source src=\"\/wp-content\/uploads\/2017\/09\/Maquina_web_03.mp4\" type=\"video\/mp4\" >\n  \n         Your browser does not support the video tag. \n<\/video>\n       \n  <\/div>\n\n\n  \n\n<div class=\"w3-container w3-third\" style=\"margin:5%;\">\n   \n\n\n\n<p>En 1998 la compa\u00f1\u00eda decidi\u00f3 romper con la forma tradicional de digitalizaci\u00f3n que hasta entonces hab\u00edan seguido las empresas del sector con una gran apuesta, tanto econ\u00f3mica como de cambio de todo su proceso de trabajo.  Esta apuesta, con un alto componente de riesgo, se realiz\u00f3 en colaboraci\u00f3n con el Centro Polit\u00e9cnico Superior de la Universidad de Zaragoza y con el Instituto Tecnol\u00f3gico de Arag\u00f3n.<\/p>\n\n\n\n\n<p>Con el objetivo de mecanizar el proceso, el primer prototipo logr\u00f3 una velocidad de digitalizaci\u00f3n de 7 documentos por segundo. Actualmente nuestras m\u00e1quinas tienen una velocidad de 12 documentos por segundo, adem\u00e1s de decodificar m\u00faltiples c\u00f3digos 1D y 2D o realizar reconocimiento \u00f3ptico de caracteres (OCR), permitiendo as\u00ed obtener tambi\u00e9n la informaci\u00f3n contenida en los documentos para su posterior an\u00e1lisis y almacenamiento en bases de datos.<\/p>\n\n\n\n\n<p>La incorporaci\u00f3n de este nuevo tipo de m\u00e1quina al proceso de trabajo aument\u00f3 la productividad  de forma exponencial. La rapidez del servicio, unida a la tasa de error m\u00e1s baja del mercado y al precio ha permitido a la empresa ir ganando cuota de mercado, y ya es el proveedor de este servicio m\u00e1s grande del pa\u00eds. En este tiempo se pas\u00f3, dentro del \u00e1rea de sanidad, de digitalizar nueve millones de recetas en 10 d\u00edas a digitalizar m\u00e1s de 50 millones de recetas.<\/p>\n\n\n\n  <\/div>\n\n\n<\/div>\n\n\n\n--><\/p>\n<section>\n<!-- \n\n<h4 style=\"text-align:center;\">Proyecto DIZ-98TR<\/h4>\n\n--><br \/>\n<video  autoplay loop style=\"display:block; width:70%; margin-right:2%; shape-outside: content-box(1% round 45%);  float: left;shape-outside-margin: .5%;\" \n<source src=\"\/wp-content\/uploads\/2017\/09\/Maquina_web_03.mp4\" type=\"video\/mp4\" >Your browser does not support the video tag.<\/video><\/p>\n<p >En 1998 la compa\u00f1\u00eda decidi\u00f3 romper con la forma tradicional de digitalizaci\u00f3n que hasta entonces hab\u00edan seguido las empresas del sector con una gran apuesta, tanto econ\u00f3mica como de cambio de todo su proceso de trabajo.  Esta apuesta, con un alto componente de riesgo, se realiz\u00f3 en colaboraci\u00f3n con el Centro Polit\u00e9cnico Superior de la Universidad de Zaragoza y con el Instituto Tecnol\u00f3gico de Arag\u00f3n.<\/p>\n<p>Con el objetivo de mecanizar el proceso, el primer prototipo logr\u00f3 una velocidad de digitalizaci\u00f3n de 7 documentos por segundo. Actualmente nuestras m\u00e1quinas tienen una velocidad de 12 documentos por segundo, adem\u00e1s de decodificar m\u00faltiples c\u00f3digos 1D y 2D o realizar reconocimiento \u00f3ptico de caracteres (OCR), permitiendo as\u00ed obtener tambi\u00e9n la informaci\u00f3n contenida en los documentos para su posterior an\u00e1lisis y almacenamiento en bases de datos.<\/p>\n<p>La incorporaci\u00f3n de este nuevo tipo de m\u00e1quina al proceso de trabajo aument\u00f3 la productividad  de forma exponencial. La rapidez del servicio, unida a la tasa de error m\u00e1s baja del mercado y al precio ha permitido a la empresa ir ganando cuota de mercado, y ya es el proveedor de este servicio m\u00e1s grande del pa\u00eds. En este tiempo se pas\u00f3, dentro del \u00e1rea de sanidad, de digitalizar nueve millones de recetas en 10 d\u00edas a digitalizar m\u00e1s de 50 millones de recetas.<\/p>\n<\/section>\n","protected":false},"excerpt":{"rendered":"","protected":false},"author":1,"featured_media":1432,"parent":0,"menu_order":0,"comment_status":"closed","ping_status":"closed","template":"page-full-width.php","meta":{"_exactmetrics_skip_tracking":false,"_exactmetrics_sitenote_active":false,"_exactmetrics_sitenote_note":"","_exactmetrics_sitenote_category":0,"footnotes":""},"class_list":["post-1309","page","type-page","status-publish","has-post-thumbnail","hentry"],"_links":{"self":[{"href":"https:\/\/www.datinza.com\/index.php\/wp-json\/wp\/v2\/pages\/1309","targetHints":{"allow":["GET"]}}],"collection":[{"href":"https:\/\/www.datinza.com\/index.php\/wp-json\/wp\/v2\/pages"}],"about":[{"href":"https:\/\/www.datinza.com\/index.php\/wp-json\/wp\/v2\/types\/page"}],"author":[{"embeddable":true,"href":"https:\/\/www.datinza.com\/index.php\/wp-json\/wp\/v2\/users\/1"}],"replies":[{"embeddable":true,"href":"https:\/\/www.datinza.com\/index.php\/wp-json\/wp\/v2\/comments?post=1309"}],"version-history":[{"count":64,"href":"https:\/\/www.datinza.com\/index.php\/wp-json\/wp\/v2\/pages\/1309\/revisions"}],"predecessor-version":[{"id":2354,"href":"https:\/\/www.datinza.com\/index.php\/wp-json\/wp\/v2\/pages\/1309\/revisions\/2354"}],"wp:featuredmedia":[{"embeddable":true,"href":"https:\/\/www.datinza.com\/index.php\/wp-json\/wp\/v2\/media\/1432"}],"wp:attachment":[{"href":"https:\/\/www.datinza.com\/index.php\/wp-json\/wp\/v2\/media?parent=1309"}],"curies":[{"name":"wp","href":"https:\/\/api.w.org\/{rel}","templated":true}]}}