{"id":1382,"date":"2017-09-14T11:57:39","date_gmt":"2017-09-14T09:57:39","guid":{"rendered":"http:\/\/www250.e1016.servidornet.com\/?page_id=1382"},"modified":"2017-11-27T18:24:47","modified_gmt":"2017-11-27T16:24:47","slug":"dispensacion_de_re","status":"publish","type":"page","link":"https:\/\/www.datinza.com\/index.php\/servicios\/colegios-farmaceuticos\/dispensacion_de_re\/","title":{"rendered":"Dispensaci\u00f3n de R.E."},"content":{"rendered":"<p> <!--<meta name=\"viewport\" content=\"width=device-width, initial-scale=1\">\n<link rel=\"stylesheet\" href=\"https:\/\/www.w3schools.com\/w3css\/4\/w3.css\"> --><br \/>\n<meta name=\"viewport\" content=\"width=device-width, initial-scale=1\">\n<link rel=\"stylesheet\" href=\"https:\/\/www.w3schools.com\/w3css\/4\/w3.css\">\n<A name=\"DISPENSACION\"><\/A><\/p>\n<div class=\"w3-row-padding \">\n<div class=\"w3-quarter\">\n<p><!--  <img loading=\"lazy\" decoding=\"async\" class=\"aligncenter\" src=\"\/wp-content\/uploads\/2017\/06\/RE.png\" alt=\"editors\" width=\"160\" height=\"160\" \/> -->\n  <\/div>\n<div class=\"w3-rest w3-container\">\n<h4 style=\"text-align: left;\">Colegios Oficiales Farmac\u00e9uticos <\/h4>\n<p  class=\"tx1\"  style = \"color:#22a1c4;font-size: 130%;font-weight: regular; \" > Dispensaci\u00f3n de Receta Electr\u00f3nica <\/p>\n<p class=\"tx1\" >Datinza realiza la gesti\u00f3n integral del proceso de dispensaci\u00f3n de la receta electr\u00f3nica mediante el desarrollo de un sistema adaptado a las necesidades de cada Colegio y de los diferentes Servicios de Salud Auton\u00f3micos. <\/p>\n<p class=\"tx1\" >El servicio incluye consultor\u00eda y seguimiento de todas las fases del proceso desde la dispensaci\u00f3n en la oficina de farmacia hasta la explotaci\u00f3n de datos posterior.\n <\/p>\n<\/p><\/div>\n<\/div>\n<div class=\"w3-row-padding \">\n<div class=\"w3-quarter \">\n<div class=\"imagen_vertical \">   <img decoding=\"async\" class=\"aligncenter\"  src=\"\/wp-content\/uploads\/2017\/09\/CPD_.jpg\" alt=\"editors\"  style = \"width: 100%;height: 100%;  \" \/>\n    <\/div>\n<\/p><\/div>\n<div class=\"w3-rest w3-container\" >\n<p class=\"tx1\"  style = \"color:#196F8A;font-size: 110%;font-weight: regular; margin: 5% 5% 2% 10%;\" > Housing <\/p>\n<ul style=\"list-style-type: square;  margin: 0% 10% 0% 10%;\">\n<li>\n<p style=\"margin:0;\"> Ofrecemos el servicio de custodia de datos, con acceso 365&#215;24 desde cualquier lugar con conexi\u00f3n.<\/p>\n<\/li>\n<li>\n<p style=\"margin:0;\"> Desarrollamos los protocolos de comunicaci\u00f3n, el software y el interfaz necesario para su consulta.<\/p>\n<\/li>\n<li>\n<p style=\"margin:0;\"> Nuestro sistema de Gesti\u00f3n de la Seguridad de la Informaci\u00f3n est\u00e1 certificado y auditado por AENOR, de acuerdo con la norma ISO 27001 de Protecci\u00f3n de Datos. Por el tipo de informaci\u00f3n que gestionamos, estamos obligados a someternos a auditorias bianuales.<\/p>\n<\/li>\n<\/ul>\n<p class=\"tx1\"  style = \"color:#196F8A;font-size: 110%;font-weight: regular; margin: 5% 5% 2% 10%;\" > CPD<\/p>\n<p class=\"tx1\" style=\"margin: 0% 5% 0% 10%;\">Nuestro Centro de Proceso de Datos cumple con todos los est\u00e1ndares t\u00e9cnicos y legales exigibles a este tipo de instalaciones:<\/p>\n<\/p>\n<ul style=\"list-style-type: square; margin: 0% 10% 0% 10%;\">\n<li>\n<p style=\"margin:0;\">Acceso restringido y controlado.<\/p>\n<\/li>\n<li>\n<p style=\"margin:0;\">Grabaci\u00f3n continua de im\u00e1genes.<\/p>\n<\/li>\n<li>\n<p style=\"margin:0;\">Control de temperatura y humedad.<\/p>\n<\/li>\n<li>\n<p style=\"margin:0;\">Alimentaci\u00f3n el\u00e9ctrica aut\u00f3noma y redundante.<\/p>\n<\/li>\n<li>\n<p style=\"margin:0;\">Conexi\u00f3n de datos por fibra redundante.<\/p>\n<\/li>\n<li>\n<p style=\"margin:0;\">Protecci\u00f3n antiincendios en la estructura y con agente extintor.<\/p>\n<\/li>\n<li>\n<p style=\"margin:0;\">Vigilancia de intrusismo conectada a centralita.<\/p>\n<\/li>\n<\/ul><\/div>\n<\/div>\n","protected":false},"excerpt":{"rendered":"<p>Colegios Oficiales Farmac\u00e9uticos Dispensaci\u00f3n de Receta Electr\u00f3nica Datinza realiza la gesti\u00f3n integral del proceso de dispensaci\u00f3n de la receta electr\u00f3nica mediante el desarrollo de un sistema adaptado a las necesidades de cada Colegio y de los diferentes Servicios de Salud Auton\u00f3micos. El servicio incluye consultor\u00eda y seguimiento de todas las fases del proceso desde la [&hellip;]<\/p>\n","protected":false},"author":1,"featured_media":1463,"parent":335,"menu_order":0,"comment_status":"closed","ping_status":"closed","template":"page-full-width.php","meta":{"_exactmetrics_skip_tracking":false,"_exactmetrics_sitenote_active":false,"_exactmetrics_sitenote_note":"","_exactmetrics_sitenote_category":0,"footnotes":""},"class_list":["post-1382","page","type-page","status-publish","has-post-thumbnail","hentry"],"_links":{"self":[{"href":"https:\/\/www.datinza.com\/index.php\/wp-json\/wp\/v2\/pages\/1382","targetHints":{"allow":["GET"]}}],"collection":[{"href":"https:\/\/www.datinza.com\/index.php\/wp-json\/wp\/v2\/pages"}],"about":[{"href":"https:\/\/www.datinza.com\/index.php\/wp-json\/wp\/v2\/types\/page"}],"author":[{"embeddable":true,"href":"https:\/\/www.datinza.com\/index.php\/wp-json\/wp\/v2\/users\/1"}],"replies":[{"embeddable":true,"href":"https:\/\/www.datinza.com\/index.php\/wp-json\/wp\/v2\/comments?post=1382"}],"version-history":[{"count":20,"href":"https:\/\/www.datinza.com\/index.php\/wp-json\/wp\/v2\/pages\/1382\/revisions"}],"predecessor-version":[{"id":2326,"href":"https:\/\/www.datinza.com\/index.php\/wp-json\/wp\/v2\/pages\/1382\/revisions\/2326"}],"up":[{"embeddable":true,"href":"https:\/\/www.datinza.com\/index.php\/wp-json\/wp\/v2\/pages\/335"}],"wp:featuredmedia":[{"embeddable":true,"href":"https:\/\/www.datinza.com\/index.php\/wp-json\/wp\/v2\/media\/1463"}],"wp:attachment":[{"href":"https:\/\/www.datinza.com\/index.php\/wp-json\/wp\/v2\/media?parent=1382"}],"curies":[{"name":"wp","href":"https:\/\/api.w.org\/{rel}","templated":true}]}}