{"id":1410,"date":"2017-09-14T13:43:14","date_gmt":"2017-09-14T11:43:14","guid":{"rendered":"http:\/\/www250.e1016.servidornet.com\/?page_id=1410"},"modified":"2017-11-27T18:26:05","modified_gmt":"2017-11-27T16:26:05","slug":"facturacion","status":"publish","type":"page","link":"https:\/\/www.datinza.com\/index.php\/servicios\/colegios-farmaceuticos\/facturacion\/","title":{"rendered":"Facturaci\u00f3n"},"content":{"rendered":"<p><!--<meta name=\"viewport\" content=\"width=device-width, initial-scale=1\">\n<link rel=\"stylesheet\" href=\"https:\/\/www.w3schools.com\/w3css\/4\/w3.css\"> --><br \/>\n<meta name=\"viewport\" content=\"width=device-width, initial-scale=1\">\n<link rel=\"stylesheet\" href=\"https:\/\/www.w3schools.com\/w3css\/4\/w3.css\">\n<div class=\"w3-row-padding \">\n<div class=\"w3-quarter\">\n       <img loading=\"lazy\" decoding=\"async\" class=\"aligncenter\" src=\"\/wp-content\/uploads\/2017\/06\/DF.png\" alt=\"editors\" width=\"160\" height=\"160\" \/>\n  <\/div>\n<div class=\"w3-rest w3-container\">\n<h4 style=\"text-align: left;\">Colegios Oficiales Farmac\u00e9uticos <\/h4>\n<p  class=\"tx1\"  style = \"color:#22a1c4;font-size: 130%;font-weight: regular; \" > Facturaci\u00f3n y digitalizaci\u00f3n de recetas farmac\u00e9uticas <\/p>\n<p><!--\n\n\n<p class=\"tx1\" text-align: right;>Datinza realiza la gesti\u00f3n integral del proceso de dispensaci\u00f3n de la receta electr\u00f3nica mediante el desarrollo de un sistema adaptado a las necesidades de cada Colgeio y de los diferentes Servicios de Salud Auton\u00f3micos. <\/p>\n\n\n--><\/p>\n<p class=\"tx1\">Nuestro Centro de Proceso de Datos cumple con todos los est\u00e1ndares t\u00e9cnicos y legales exigibles a este tipo de instalaciones: acceso restringido y controlado, grabaci\u00f3n continua de im\u00e1genes, control de temperatura y humedad, alimentaci\u00f3n el\u00e9ctrica aut\u00f3noma y redundante, conexi\u00f3n de datos por fibra redundante, protecci\u00f3n antiincendios en la estructura y con agente extintor y vigilancia de intrusismo conectada a centralita.\n <\/p>\n<\/p><\/div>\n<\/div>\n<div class=\"w3-container\" style=\" margin: 0% 0% 0% 20%; \">\n<div class=\"w3-row-padding\" style=\" margin: 5% 0% 0% 0%; \">\n<div class=\"w3-container w3-twothird\" style=\" text-align: left;  \">\n<p class=\"tx1\"   style = \"color:#196F8A;font-size: 110%;font-weight: regular; margin: 5% 5% 2% 15%; \"  >&#8718; Justificantes de Dispensaciones Electr\u00f3nicas<\/p>\n<p class=\"tx1\"  style=\"margin:0% 5% 0% 15%; color:#196F8A;\" > Digitalizaci\u00f3n y procesamiento de justificantes <\/p>\n<p class=\"tx1\"  style=\"margin:0% 5% 0% 15%; \"   > Digitalizamos los justificantes adapt\u00e1ndonos a los distintos formatos de cada comunidad aut\u00f3noma, cerrando as\u00ed un proceso que se ofrece completo y totalmente centralizado, sin intervenci\u00f3n de otros agentes.<\/p>\n<\/p><\/div>\n<div class=\"w3-container w3-third\">\n   <img decoding=\"async\" class=\"aligncenter w3-round-large\"  src=\"\/wp-content\/uploads\/2017\/06\/MAQUINA.jpg\" alt=\"editors\"  style = \"width: 100%;height: auto;  \" \/>\n  <\/div>\n<\/div>\n<div class=\"w3-row-padding\"  style=\" margin: 5% 0% 0% 9%; \">\n<div class=\"w3-container w3-third\" style=\"padding: 4% 0% 0% 0%;\">\n   <img decoding=\"async\" class=\"aligncenter w3-round-large\"  src=\"\/wp-content\/uploads\/2017\/09\/digitalizacion_.jpg\" alt=\"editors\"  style = \"width: 100%;height: auto;  margin: 0% 0% 0% 0%;\"\/>\n  <\/div>\n<div class=\"w3-container w3-twothird\">\n<p class=\"tx1\"  style = \"color:#196F8A;font-size: 110%;font-weight: regular; margin: 5% 5% 2% 5%;\" >&#8718; Receta Papel<\/p>\n<p class=\"tx1\"  style=\"margin:0% 5% 0% 5%;color:#196F8A;\"> Digitalizaci\u00f3n <\/p>\n<p class=\"tx1\"  style=\"margin:0% 5% 5% 5%;;\">Digitalizamos el cien por cien de las recetas m\u00e9dicas adecu\u00e1ndonos a los requerimientos y caracter\u00edsticas de cada comunidad aut\u00f3noma. Gestionamos el env\u00edo de datos y la facturaci\u00f3n antes del d\u00eda 10 del mes siguiente al vencido.<\/p>\n<p class=\"tx1\"  style=\"margin:0% 5% 0% 5%;color:#196F8A;\">Resultados de Facturaci\u00f3n<\/p>\n<p class=\"tx1\"  style=\"margin:0% 5% 5% 5%;;\">Facturamos las recetas directamente a los servicios de salud auton\u00f3micos correspondientes. Ponemos a disposici\u00f3n de las farmacias las herramientas de control y consulta de los datos de esta facturaci\u00f3n.<\/p>\n<p class=\"tx1\"  style=\"margin:0% 5% 0% 5%;color:#196F8A;\">Custodia<\/p>\n<p class=\"tx1\"  style=\"margin:0% 5% 5% 5%;;\">Ofrecemos complementariamente el servicio de custodia de las recetas procesadas en nuestro almac\u00e9n, dotado con las m\u00e1s avanzadas t\u00e9cnicas de seguridad y protecci\u00f3n.<\/p>\n<\/p><\/div>\n<\/div>\n<\/div>\n","protected":false},"excerpt":{"rendered":"<p>Colegios Oficiales Farmac\u00e9uticos Facturaci\u00f3n y digitalizaci\u00f3n de recetas farmac\u00e9uticas Nuestro Centro de Proceso de Datos cumple con todos los est\u00e1ndares t\u00e9cnicos y legales exigibles a este tipo de instalaciones: acceso restringido y controlado, grabaci\u00f3n continua de im\u00e1genes, control de temperatura y humedad, alimentaci\u00f3n el\u00e9ctrica aut\u00f3noma y redundante, conexi\u00f3n de datos por fibra redundante, protecci\u00f3n antiincendios [&hellip;]<\/p>\n","protected":false},"author":1,"featured_media":1436,"parent":335,"menu_order":0,"comment_status":"closed","ping_status":"closed","template":"page-full-width.php","meta":{"_exactmetrics_skip_tracking":false,"_exactmetrics_sitenote_active":false,"_exactmetrics_sitenote_note":"","_exactmetrics_sitenote_category":0,"footnotes":""},"class_list":["post-1410","page","type-page","status-publish","has-post-thumbnail","hentry"],"_links":{"self":[{"href":"https:\/\/www.datinza.com\/index.php\/wp-json\/wp\/v2\/pages\/1410","targetHints":{"allow":["GET"]}}],"collection":[{"href":"https:\/\/www.datinza.com\/index.php\/wp-json\/wp\/v2\/pages"}],"about":[{"href":"https:\/\/www.datinza.com\/index.php\/wp-json\/wp\/v2\/types\/page"}],"author":[{"embeddable":true,"href":"https:\/\/www.datinza.com\/index.php\/wp-json\/wp\/v2\/users\/1"}],"replies":[{"embeddable":true,"href":"https:\/\/www.datinza.com\/index.php\/wp-json\/wp\/v2\/comments?post=1410"}],"version-history":[{"count":6,"href":"https:\/\/www.datinza.com\/index.php\/wp-json\/wp\/v2\/pages\/1410\/revisions"}],"predecessor-version":[{"id":2330,"href":"https:\/\/www.datinza.com\/index.php\/wp-json\/wp\/v2\/pages\/1410\/revisions\/2330"}],"up":[{"embeddable":true,"href":"https:\/\/www.datinza.com\/index.php\/wp-json\/wp\/v2\/pages\/335"}],"wp:featuredmedia":[{"embeddable":true,"href":"https:\/\/www.datinza.com\/index.php\/wp-json\/wp\/v2\/media\/1436"}],"wp:attachment":[{"href":"https:\/\/www.datinza.com\/index.php\/wp-json\/wp\/v2\/media?parent=1410"}],"curies":[{"name":"wp","href":"https:\/\/api.w.org\/{rel}","templated":true}]}}