{"id":1413,"date":"2017-09-14T13:45:51","date_gmt":"2017-09-14T11:45:51","guid":{"rendered":"http:\/\/www250.e1016.servidornet.com\/?page_id=1413"},"modified":"2017-11-27T18:28:20","modified_gmt":"2017-11-27T16:28:20","slug":"secretaria","status":"publish","type":"page","link":"https:\/\/www.datinza.com\/index.php\/servicios\/colegios-farmaceuticos\/secretaria\/","title":{"rendered":"Secretar\u00eda"},"content":{"rendered":"<p><!--<meta name=\"viewport\" content=\"width=device-width, initial-scale=1\">\n<link rel=\"stylesheet\" href=\"https:\/\/www.w3schools.com\/w3css\/4\/w3.css\"> --><br \/>\n<meta name=\"viewport\" content=\"width=device-width, initial-scale=1\">\n<link rel=\"stylesheet\" href=\"https:\/\/www.w3schools.com\/w3css\/4\/w3.css\">\n<h4 style=\"text-align: center;\">Colegios Oficiales Farmac\u00e9uticos <\/h4>\n<p><img loading=\"lazy\" decoding=\"async\" class=\"aligncenter\" src=\"\/wp-content\/uploads\/2017\/06\/ERP.png\" alt=\"editors\" width=\"160\" height=\"160\" \/> <\/p>\n<p  class=\"tx1\"  style = \"color:#22a1c4;font-size: 130%;font-weight: regular; margin: 0% 0% 5% 0%; text-align: center;\" > Secretar\u00eda Virtual<br \/>(ERP)<\/p>\n<div class=\"w3-row-padding  w3-container\">\n<div class=\"w3-threequarter w3-container\" >\n<p class=\"tx1\"  style = \"color:#196F8A;font-size: 110%;font-weight: regular; margin: 5% 5% 2% 10%;\" >Programa DATINZA-ERP <\/p>\n<p class=\"tx1\" style=\"margin: 0% 5% 0% 10%;\">Desarrollo a medida de una secretar\u00eda virtual espec\u00edfica para los Colegios Oficiales de Farmac\u00e9uticos (COF). Esta plataforma cubre todas las gestiones habituales que se realizan en dichos organismos oficiales.<\/p>\n<p class=\"tx1\" style=\"margin: 0% 5% 0% 10%;\">Se compone de una serie de m\u00f3dulos principales y comunes que contemplan todas las gestiones est\u00e1ndar de los COF:\n<\/p>\n<ul style=\"list-style-type: square;  margin: 3% 10% 0% 10%;\">\n<li>\n<p style=\"margin:0;\">Gesti\u00f3n de fichas de colegiados.<\/p>\n<\/li>\n<li>\n<p style=\"margin:0;\">Gesti\u00f3n de sus farmacias asociadas.<\/p>\n<\/li>\n<li>\n<p style=\"margin:0;\">Gesti\u00f3n del pago de recibos por parte de los colegiados.<\/p>\n<\/li>\n<li>\n<p style=\"margin:0;\">Gesti\u00f3n de liquidaciones de farmacia.<\/p>\n<\/li>\n<li>\n<p style=\"margin:0;\">Registro oficial de documentos del colegio.<\/p>\n<\/li>\n<\/ul>\n<p class=\"tx1\" style=\"margin: 3% 5% 0% 10%;\"> Gracias a la experiencia de nuestro equipo de desarrollo, podemos adaptarnos y asesorar acerca de la gesti\u00f3n de los recursos inform\u00e1ticos del COF en caso de ser necesario. <\/p>\n<p class=\"tx1\"  style = \"color:#196F8A;font-size: 110%;font-weight: regular; margin: 5% 5% 2% 10%;\" >Portal DATINZA-ERP Web<\/p>\n<p class=\"tx1\" style=\"margin: 0% 5% 0% 10%;\">Todas las gestiones realizadas en el COF con el programa DATINZA-ERP, pueden ser consultadas online con nuestro portal Web:<\/p>\n<\/p>\n<ul style=\"list-style-type: square; margin: 0% 10% 0% 10%;\">\n<li>\n<p style=\"margin:0;\">Acceso restringido y controlado.<\/p>\n<\/li>\n<li>\n<p style=\"margin:0;\">Todas las gestiones relativas a un colegiado dentro del COF, pueden ser visualizadas por este en el \u00e1rea privada de cada usuario. Por ejemplo, consultar el importe total de los recibos pagados en un a\u00f1o, o visualizar un registro de documentos y descarg\u00e1rselo.<\/p>\n<\/li>\n<li>\n<p style=\"margin:0;\">Nuestros clientes pueden solicitar servicios personalizados, como estad\u00edsticas y gr\u00e1ficas adicionales, para mejorar la utilidad de este servicio y de esta manera ajustarnos a sus necesidades.<\/p>\n<\/li>\n<\/ul><\/div>\n<div class=\"w3-quarter  w3-container\">\n<div class=\"imagen_vertical \" style = \"margin: 35% 0% 0% 0%;\">   <img decoding=\"async\" class=\"aligncenter\"  src=\"\/wp-content\/uploads\/2017\/06\/PO01.jpg\" alt=\"editors\"  style = \"width: 100%;height: 100%;  \"  \/>\n    <\/div>\n<\/p><\/div>\n<\/div>\n","protected":false},"excerpt":{"rendered":"<p>Colegios Oficiales Farmac\u00e9uticos Secretar\u00eda Virtual(ERP) Programa DATINZA-ERP Desarrollo a medida de una secretar\u00eda virtual espec\u00edfica para los Colegios Oficiales de Farmac\u00e9uticos (COF). Esta plataforma cubre todas las gestiones habituales que se realizan en dichos organismos oficiales. Se compone de una serie de m\u00f3dulos principales y comunes que contemplan todas las gestiones est\u00e1ndar de los COF: [&hellip;]<\/p>\n","protected":false},"author":1,"featured_media":1450,"parent":335,"menu_order":0,"comment_status":"closed","ping_status":"closed","template":"page-full-width.php","meta":{"footnotes":""},"class_list":["post-1413","page","type-page","status-publish","has-post-thumbnail","hentry"],"_links":{"self":[{"href":"https:\/\/www.datinza.com\/index.php\/wp-json\/wp\/v2\/pages\/1413","targetHints":{"allow":["GET"]}}],"collection":[{"href":"https:\/\/www.datinza.com\/index.php\/wp-json\/wp\/v2\/pages"}],"about":[{"href":"https:\/\/www.datinza.com\/index.php\/wp-json\/wp\/v2\/types\/page"}],"author":[{"embeddable":true,"href":"https:\/\/www.datinza.com\/index.php\/wp-json\/wp\/v2\/users\/1"}],"replies":[{"embeddable":true,"href":"https:\/\/www.datinza.com\/index.php\/wp-json\/wp\/v2\/comments?post=1413"}],"version-history":[{"count":8,"href":"https:\/\/www.datinza.com\/index.php\/wp-json\/wp\/v2\/pages\/1413\/revisions"}],"predecessor-version":[{"id":2334,"href":"https:\/\/www.datinza.com\/index.php\/wp-json\/wp\/v2\/pages\/1413\/revisions\/2334"}],"up":[{"embeddable":true,"href":"https:\/\/www.datinza.com\/index.php\/wp-json\/wp\/v2\/pages\/335"}],"wp:featuredmedia":[{"embeddable":true,"href":"https:\/\/www.datinza.com\/index.php\/wp-json\/wp\/v2\/media\/1450"}],"wp:attachment":[{"href":"https:\/\/www.datinza.com\/index.php\/wp-json\/wp\/v2\/media?parent=1413"}],"curies":[{"name":"wp","href":"https:\/\/api.w.org\/{rel}","templated":true}]}}