{"id":1708,"date":"2017-10-19T10:27:45","date_gmt":"2017-10-19T08:27:45","guid":{"rendered":"http:\/\/www250.e1016.servidornet.com\/?page_id=1708"},"modified":"2017-11-27T15:38:22","modified_gmt":"2017-11-27T13:38:22","slug":"moto","status":"publish","type":"page","link":"https:\/\/www.datinza.com\/index.php\/moto\/","title":{"rendered":"EUPLA Racing Team &#8211; ERT16"},"content":{"rendered":"<link rel=\"stylesheet\" href=\"https:\/\/www.w3schools.com\/w3css\/4\/w3.css\">\n<style>\np {  margin:2% 5% 0% 0%!important;}\n<\/style>\n<div class=\"w3-row  w3-container\">\n<div class=\"w3-quarter  w3-container\">\n<div   style=\"margin:10% 0% 0% 0%!important;\">   <img decoding=\"async\" class=\"aligncenter  w3-round-large\"  src=\"\/wp-content\/uploads\/2017\/09\/moto.jpg\" alt=\"editors\"  style = \"width: 100%;height: 100%;  \" \/>\n    <\/div>\n<\/p><\/div>\n<div class=\"w3-threequarter w3-container\" >\n<p><strong>Datinza<\/strong> ha colaborado con la Escuela Universitaria Polit\u00e9cnica de La Almunia en el desarrollo de un proyecto que representa los principales valores de la compa\u00f1\u00eda, la innovaci\u00f3n tecnol\u00f3gica orientada a la sostenibilidad medioambiental.<\/p>\n<p>Estos valores de la compa\u00f1\u00eda se materializan en la <a href=\"http:\/\/euplart.com\/es\/content\/inicio\">ERT16<\/a>, la motocicleta 100% el\u00e9ctrica de competici\u00f3n de caracter\u00edsticas equiparables a una FIM Moto3 y desarrollada de la mano del equipo universitario EUPLA Racing Team.<\/p>\n<\/div>\n<\/div>\n<div class=\"w3-row-padding \" style=\"margin:0% 0% 0% 4%;\">\n<p>La motocicleta cuenta con las \u00faltimas tecnolog\u00edas aplicadas en la movilidad el\u00e9ctrica entre las que destacan:<\/p>\n<ul style=\"list-style-type: square; margin: 0% 5% 0% 5%;\">\n<li>\n<p style=\"margin:0;\">Un motor el\u00e9ctrico brushless de 34KW y 80Nm capaz de propulsar el veh\u00edculo hasta velocidades superiores a los 180Km\/h.<\/p>\n<\/li>\n<li>\n<p style=\"margin:0;\">Bater\u00eda de 5,5KWh de litio pol\u00edmero que integra un BMS (Battery Management System) de elevada potencia de balanceo.<\/p>\n<\/li>\n<li>\n<p style=\"margin:0;\">Un sistema de seguridad integrado por numerosas centralitas cuya funci\u00f3n se centra en proteger tanto a sistema como a piloto.<\/p>\n<\/li>\n<li>\n<p style=\"margin:0;\">Re-parametrizaci\u00f3n inal\u00e1mbrica de la unidad de potencia.<\/p>\n<\/li>\n<li>\n<p style=\"margin:0;\">Chasis de doble viga de aluminio aeron\u00e1utico.<\/p>\n<\/li>\n<li>\n<p style=\"margin:0;\">Transmisi\u00f3n directa.<\/p>\n<\/li>\n<li>\n<p style=\"margin:0;\">Carenado creado por impresi\u00f3n 3D.<\/p>\n<\/li>\n<\/ul>\n<p> <\/p>\n<p>Se trata de un proyecto activo que se encuentra en plena evoluci\u00f3n y que en 2018 prev\u00e9 presentar una segunda versi\u00f3n que mejorar\u00e1 las prestaciones enumeradas e integrar\u00e1 nuevos desarrollos tecnol\u00f3gicos.<\/p>\n<\/p><\/div>\n","protected":false},"excerpt":{"rendered":"<p>Datinza ha colaborado con la Escuela Universitaria Polit\u00e9cnica de La Almunia en el desarrollo de un proyecto que representa los principales valores de la compa\u00f1\u00eda, la innovaci\u00f3n tecnol\u00f3gica orientada a la sostenibilidad medioambiental. Estos valores de la compa\u00f1\u00eda se materializan en la ERT16, la motocicleta 100% el\u00e9ctrica de competici\u00f3n de caracter\u00edsticas equiparables a una FIM [&hellip;]<\/p>\n","protected":false},"author":1,"featured_media":1717,"parent":0,"menu_order":0,"comment_status":"closed","ping_status":"closed","template":"page-full-width.php","meta":{"_exactmetrics_skip_tracking":false,"_exactmetrics_sitenote_active":false,"_exactmetrics_sitenote_note":"","_exactmetrics_sitenote_category":0,"footnotes":""},"class_list":["post-1708","page","type-page","status-publish","has-post-thumbnail","hentry"],"_links":{"self":[{"href":"https:\/\/www.datinza.com\/index.php\/wp-json\/wp\/v2\/pages\/1708","targetHints":{"allow":["GET"]}}],"collection":[{"href":"https:\/\/www.datinza.com\/index.php\/wp-json\/wp\/v2\/pages"}],"about":[{"href":"https:\/\/www.datinza.com\/index.php\/wp-json\/wp\/v2\/types\/page"}],"author":[{"embeddable":true,"href":"https:\/\/www.datinza.com\/index.php\/wp-json\/wp\/v2\/users\/1"}],"replies":[{"embeddable":true,"href":"https:\/\/www.datinza.com\/index.php\/wp-json\/wp\/v2\/comments?post=1708"}],"version-history":[{"count":28,"href":"https:\/\/www.datinza.com\/index.php\/wp-json\/wp\/v2\/pages\/1708\/revisions"}],"predecessor-version":[{"id":2300,"href":"https:\/\/www.datinza.com\/index.php\/wp-json\/wp\/v2\/pages\/1708\/revisions\/2300"}],"wp:featuredmedia":[{"embeddable":true,"href":"https:\/\/www.datinza.com\/index.php\/wp-json\/wp\/v2\/media\/1717"}],"wp:attachment":[{"href":"https:\/\/www.datinza.com\/index.php\/wp-json\/wp\/v2\/media?parent=1708"}],"curies":[{"name":"wp","href":"https:\/\/api.w.org\/{rel}","templated":true}]}}