{"id":1821,"date":"2017-10-31T17:25:51","date_gmt":"2017-10-31T15:25:51","guid":{"rendered":"http:\/\/www250.e1016.servidornet.com\/?page_id=1821"},"modified":"2017-11-27T18:36:16","modified_gmt":"2017-11-27T16:36:16","slug":"espace-cardio-protege","status":"publish","type":"page","link":"https:\/\/www.datinza.com\/index.php\/fr\/espace-cardio-protege\/","title":{"rendered":"Espace Cardio-prot\u00e9g\u00e9"},"content":{"rendered":"<link rel=\"stylesheet\" href=\"https:\/\/www.w3schools.com\/w3css\/4\/w3.css\">\n<style>\n.blog-post-title {padding:0 !important;}\n<\/style>\n<div class=\"w3-row\"  style=\"margin:4% 0% 0% 0%;\">\n<div class=\" w3-container w3-third\">\n      <img decoding=\"async\" class=\"aligncenter  w3-round-large\"  src=\"\/wp-content\/uploads\/2017\/09\/Espacio_Cardioprotegido.jpg\" alt=\"editors\"  style = \"width: 100%;   \" \/>\n  <\/div>\n<div class=\"w3-container w3-twothird\"  style=\"margin:1% 0% 0% 0%;\">\n<p >L\u2019engagement social de Datinza S.A. va bien au-del\u00e0 du simple recyclage, les alternatives \u00e9lectroniques au papier et les investissements en technologies plus propres et respectueuses envers l\u2019environnement. Nous avons rejoint cette ann\u00e9e le Projet Salvavidas et nous sommes devenus un \u00ab Espace  Cardio-prot\u00e9g\u00e9 \u00bb, c&#8217;est-\u00e0-dire un espace \u00e9quip\u00e9 d\u2019un service mobile de r\u00e9animation cardio-respiratoire avec d\u00e9fibrillateurs externes semi-automatiques (DESA) disponibles pour le personnel non sanitaire en cas d&#8217;arr\u00eat cardiaque.<\/p>\n<p >La certification d\u2019espace cardio-prot\u00e9g\u00e9 se base sur cinq \u00e9l\u00e9ments:<\/p>\n<ul style=\"list-style-type: square; margin: 0% 5% 5% 5%;\">\n<li>\n<p style=\"margin:0;\"><b>D\u00c9FIBRILLATEUR ET DISTRIBUTEUR:<\/b> r\u00e8glementations, assurances et respect des normes de vente de mat\u00e9riel.<\/p>\n<\/li>\n<li>\n<p style=\"margin:0;\"><b>INSTALLATION:<\/b> Distribution, situation et signal\u00e9tique.<\/p>\n<\/li>\n<li>\n<p style=\"margin:0;\"><b>FORMATION MINIMUM:<\/b> Acc\u00e8s public \u00e0 la d\u00e9fibrillation, 90 minutes, et r\u00e8glementaire, suivant la r\u00e8glementation de chaque communaut\u00e9 autonome d&#8217;Espagne.<\/p>\n<\/li>\n<li>\n<p style=\"margin:0;\"><b>MAINTENANCE:<\/b> Contr\u00f4le de p\u00e9remption informatis\u00e9 des batteries et \u00e9lectrodes.<\/p>\n<\/li>\n<li>\n<p style=\"margin:0;\"><b>RENOUVELLEMENT:<\/b> biannuel, recyclage de formation obligatoire, renouvellement des batteries et \u00e9lectrodes.<\/p>\n<\/li>\n<\/ul>\n<p style=\"margin:5% 0% 0% 0%;\">Les premi\u00e8res minutes sont cruciales pour la victime et un traitement ad\u00e9quat et pr\u00e9coce est d\u00e9terminant pour assurer sa survie. En Espagne, il se produit environ 30 000 arr\u00eats cardiaques par an (un tous les vingt minutes), qui provoquent plus de morts que les accidents de circulation. De l\u00e0 l&#8217;initiative et notre envie d&#8217;apporter notre grain de sable.\n<\/p>\n<\/p><\/div>\n<\/div>\n","protected":false},"excerpt":{"rendered":"<p>L\u2019engagement social de Datinza S.A. va bien au-del\u00e0 du simple recyclage, les alternatives \u00e9lectroniques au papier et les investissements en technologies plus propres et respectueuses envers l\u2019environnement. Nous avons rejoint cette ann\u00e9e le Projet Salvavidas et nous sommes devenus un \u00ab Espace Cardio-prot\u00e9g\u00e9 \u00bb, c&#8217;est-\u00e0-dire un espace \u00e9quip\u00e9 d\u2019un service mobile de r\u00e9animation cardio-respiratoire avec [&hellip;]<\/p>\n","protected":false},"author":1,"featured_media":2246,"parent":0,"menu_order":0,"comment_status":"closed","ping_status":"closed","template":"page-full-width.php","meta":{"footnotes":""},"class_list":["post-1821","page","type-page","status-publish","has-post-thumbnail","hentry"],"_links":{"self":[{"href":"https:\/\/www.datinza.com\/index.php\/wp-json\/wp\/v2\/pages\/1821","targetHints":{"allow":["GET"]}}],"collection":[{"href":"https:\/\/www.datinza.com\/index.php\/wp-json\/wp\/v2\/pages"}],"about":[{"href":"https:\/\/www.datinza.com\/index.php\/wp-json\/wp\/v2\/types\/page"}],"author":[{"embeddable":true,"href":"https:\/\/www.datinza.com\/index.php\/wp-json\/wp\/v2\/users\/1"}],"replies":[{"embeddable":true,"href":"https:\/\/www.datinza.com\/index.php\/wp-json\/wp\/v2\/comments?post=1821"}],"version-history":[{"count":7,"href":"https:\/\/www.datinza.com\/index.php\/wp-json\/wp\/v2\/pages\/1821\/revisions"}],"predecessor-version":[{"id":2352,"href":"https:\/\/www.datinza.com\/index.php\/wp-json\/wp\/v2\/pages\/1821\/revisions\/2352"}],"wp:featuredmedia":[{"embeddable":true,"href":"https:\/\/www.datinza.com\/index.php\/wp-json\/wp\/v2\/media\/2246"}],"wp:attachment":[{"href":"https:\/\/www.datinza.com\/index.php\/wp-json\/wp\/v2\/media?parent=1821"}],"curies":[{"name":"wp","href":"https:\/\/api.w.org\/{rel}","templated":true}]}}