{"id":1828,"date":"2017-10-31T17:30:26","date_gmt":"2017-10-31T15:30:26","guid":{"rendered":"http:\/\/www250.e1016.servidornet.com\/?page_id=1828"},"modified":"2017-11-27T15:40:16","modified_gmt":"2017-11-27T13:40:16","slug":"eupla-racing-team-ert16","status":"publish","type":"page","link":"https:\/\/www.datinza.com\/index.php\/fr\/eupla-racing-team-ert16\/","title":{"rendered":"EUPLA Racing Team &#8211; ERT16"},"content":{"rendered":"<link rel=\"stylesheet\" href=\"https:\/\/www.w3schools.com\/w3css\/4\/w3.css\">\n<style>\np {  margin:2% 5% 0% 0%!important;}\n<\/style>\n<div class=\"w3-row  w3-container\">\n<div class=\"w3-quarter  w3-container\">\n<div   style=\"margin:10% 0% 0% 0%!important;\">   <img decoding=\"async\" class=\"aligncenter  w3-round-large\"  src=\"\/wp-content\/uploads\/2017\/09\/moto.jpg\" alt=\"editors\"  style = \"width: 100%;height: 100%;  \" \/>\n    <\/div>\n<\/p><\/div>\n<div class=\"w3-threequarter w3-container\" >\n<p><strong>Datinza<\/strong> a collabor\u00e9 avec l\u2019\u00c9cole Universitaire Polytechnique de La Almunia pour le d\u00e9veloppement d\u2019un projet repr\u00e9sentant les principales valeurs de l\u2019entreprise, l\u2019innovation technologique orient\u00e9e \u00e0 la durabilit\u00e9 environnementale.<\/p>\n<p>Ces valeurs d\u2019entreprise se mat\u00e9rialisent dans  l&#8217;<a href=\"http:\/\/euplart.com\/es\/content\/inicio\">ERT16<\/a>, la motocyclette de comp\u00e9tition 100% \u00e9lectrique avec des caract\u00e9ristiques comparables \u00e0 une FIM Moto3 et d\u00e9velopp\u00e9e par l\u2019\u00e9quipe universitaire EUPLA Racing Team.<\/p>\n<\/div>\n<\/div>\n<div class=\"w3-row-padding \" style=\"margin:0% 0% 0% 4%;\">\n<p>La motocyclette a \u00e9t\u00e9 construite avec les derni\u00e8res technologies appliqu\u00e9es \u00e0 la mobilit\u00e9 \u00e9lectrique, avec les principales caract\u00e9ristiques suivantes:<\/p>\n<ul style=\"list-style-type: square; margin: 0% 5% 0% 5%;\">\n<li>\n<p style=\"margin:0;\">Moteur \u00e9lectrique brushless 34 kW et 80 Mm, capable de propulser l\u2019engin \u00e0 plus de 180 km\/h.<\/p>\n<\/li>\n<li>\n<p style=\"margin:0;\">Batterie 5,5 kWh en lithium polym\u00e8re, int\u00e9grant BMS (Battery Management System) \u00e0 haute puissance d\u2019\u00e9quilibrage.<\/p>\n<\/li>\n<li>\n<p style=\"margin:0;\">Syst\u00e8me de s\u00e9curit\u00e9 int\u00e9gr\u00e9 par de nombreuses centrales avec la fonction de prot\u00e9ger aussi bien le syst\u00e8me que le pilote.<\/p>\n<\/li>\n<li>\n<p style=\"margin:0;\">Reparam\u00e9trage sans fil de l\u2019unit\u00e9 de puissance.<\/p>\n<\/li>\n<li>\n<p style=\"margin:0;\">Ch\u00e2ssis \u00e0 double poutre en aluminium a\u00e9ronautique.<\/p>\n<\/li>\n<li>\n<p style=\"margin:0;\">Transmission directe.<\/p>\n<\/li>\n<li>\n<p style=\"margin:0;\">Car\u00e9nage cr\u00e9\u00e9 par impression 3D.<\/p>\n<\/li>\n<\/ul>\n<p> <\/p>\n<p>Il s\u2019agit d\u2019un projet actif et en pleine \u00e9volution, avec une seconde version attendue pour 2018 qui am\u00e9liorera les performances et int\u00e9grera de nouveaux d\u00e9veloppements technologiques.<\/p>\n<\/p><\/div>\n","protected":false},"excerpt":{"rendered":"<p>Datinza a collabor\u00e9 avec l\u2019\u00c9cole Universitaire Polytechnique de La Almunia pour le d\u00e9veloppement d\u2019un projet repr\u00e9sentant les principales valeurs de l\u2019entreprise, l\u2019innovation technologique orient\u00e9e \u00e0 la durabilit\u00e9 environnementale. Ces valeurs d\u2019entreprise se mat\u00e9rialisent dans l&#8217;ERT16, la motocyclette de comp\u00e9tition 100% \u00e9lectrique avec des caract\u00e9ristiques comparables \u00e0 une FIM Moto3 et d\u00e9velopp\u00e9e par l\u2019\u00e9quipe universitaire EUPLA [&hellip;]<\/p>\n","protected":false},"author":1,"featured_media":1717,"parent":0,"menu_order":0,"comment_status":"closed","ping_status":"closed","template":"page-full-width.php","meta":{"footnotes":""},"class_list":["post-1828","page","type-page","status-publish","has-post-thumbnail","hentry"],"_links":{"self":[{"href":"https:\/\/www.datinza.com\/index.php\/wp-json\/wp\/v2\/pages\/1828","targetHints":{"allow":["GET"]}}],"collection":[{"href":"https:\/\/www.datinza.com\/index.php\/wp-json\/wp\/v2\/pages"}],"about":[{"href":"https:\/\/www.datinza.com\/index.php\/wp-json\/wp\/v2\/types\/page"}],"author":[{"embeddable":true,"href":"https:\/\/www.datinza.com\/index.php\/wp-json\/wp\/v2\/users\/1"}],"replies":[{"embeddable":true,"href":"https:\/\/www.datinza.com\/index.php\/wp-json\/wp\/v2\/comments?post=1828"}],"version-history":[{"count":4,"href":"https:\/\/www.datinza.com\/index.php\/wp-json\/wp\/v2\/pages\/1828\/revisions"}],"predecessor-version":[{"id":2303,"href":"https:\/\/www.datinza.com\/index.php\/wp-json\/wp\/v2\/pages\/1828\/revisions\/2303"}],"wp:featuredmedia":[{"embeddable":true,"href":"https:\/\/www.datinza.com\/index.php\/wp-json\/wp\/v2\/media\/1717"}],"wp:attachment":[{"href":"https:\/\/www.datinza.com\/index.php\/wp-json\/wp\/v2\/media?parent=1828"}],"curies":[{"name":"wp","href":"https:\/\/api.w.org\/{rel}","templated":true}]}}