{"id":1842,"date":"2017-10-31T17:50:48","date_gmt":"2017-10-31T15:50:48","guid":{"rendered":"http:\/\/www250.e1016.servidornet.com\/?page_id=1842"},"modified":"2017-11-03T14:53:16","modified_gmt":"2017-11-03T12:53:16","slug":"cau-2","status":"publish","type":"page","link":"https:\/\/www.datinza.com\/index.php\/fr\/cau-2\/","title":{"rendered":"CAU"},"content":{"rendered":"<h2>Proect CAU 1.0<\/h2>\n<div class=\"wrapper\">\n<p><strong>Datinza<\/strong> a d\u00e9velopp\u00e9 un logiciel de suivi d\u2019incidences en rapport avec l\u2019ordonnance \u00e9lectronique, pour faciliter le support ad\u00e9quat en temps et en forme aux pharmacies.<\/p>\n<p>La nouveaut\u00e9 consiste \u00e0 ce que les r\u00e9sultats obtenus dans le cadre du projet <a href=\"innova\">INNOVA-A1-064\/13<\/a>, sont utilis\u00e9s pour enregistrer les solutions des diff\u00e9rentes incidences dans une base de connaissance permettant de sugg\u00e9rer des solutions au moment m\u00eame de la r\u00e9ception des demandes, en r\u00e9ussissant ainsi, d\u2019une part, \u00e0 r\u00e9duire les temps de r\u00e9ponse, et d\u2019autre part \u00e0 inf\u00e9rer les probl\u00e8mes les plus globaux en fonction de la localisation, du type d\u2019incidence, etc.<\/p>\n<p>Ce logiciel peut \u00eatre <a href=\"\/DATINZA\/index.php\/servicios\/desarrollo-de-software\/#PERSONALIZADO\">personnalis\u00e9 <\/a>en fonction des besoins de chaque client.<\/p>\n<\/p><\/div>\n","protected":false},"excerpt":{"rendered":"<p>Proect CAU 1.0 Datinza a d\u00e9velopp\u00e9 un logiciel de suivi d\u2019incidences en rapport avec l\u2019ordonnance \u00e9lectronique, pour faciliter le support ad\u00e9quat en temps et en forme aux pharmacies. La nouveaut\u00e9 consiste \u00e0 ce que les r\u00e9sultats obtenus dans le cadre du projet INNOVA-A1-064\/13, sont utilis\u00e9s pour enregistrer les solutions des diff\u00e9rentes incidences dans une base [&hellip;]<\/p>\n","protected":false},"author":1,"featured_media":1424,"parent":0,"menu_order":0,"comment_status":"closed","ping_status":"closed","template":"page-full-width.php","meta":{"footnotes":""},"class_list":["post-1842","page","type-page","status-publish","has-post-thumbnail","hentry"],"_links":{"self":[{"href":"https:\/\/www.datinza.com\/index.php\/wp-json\/wp\/v2\/pages\/1842","targetHints":{"allow":["GET"]}}],"collection":[{"href":"https:\/\/www.datinza.com\/index.php\/wp-json\/wp\/v2\/pages"}],"about":[{"href":"https:\/\/www.datinza.com\/index.php\/wp-json\/wp\/v2\/types\/page"}],"author":[{"embeddable":true,"href":"https:\/\/www.datinza.com\/index.php\/wp-json\/wp\/v2\/users\/1"}],"replies":[{"embeddable":true,"href":"https:\/\/www.datinza.com\/index.php\/wp-json\/wp\/v2\/comments?post=1842"}],"version-history":[{"count":1,"href":"https:\/\/www.datinza.com\/index.php\/wp-json\/wp\/v2\/pages\/1842\/revisions"}],"predecessor-version":[{"id":1843,"href":"https:\/\/www.datinza.com\/index.php\/wp-json\/wp\/v2\/pages\/1842\/revisions\/1843"}],"wp:featuredmedia":[{"embeddable":true,"href":"https:\/\/www.datinza.com\/index.php\/wp-json\/wp\/v2\/media\/1424"}],"wp:attachment":[{"href":"https:\/\/www.datinza.com\/index.php\/wp-json\/wp\/v2\/media?parent=1842"}],"curies":[{"name":"wp","href":"https:\/\/api.w.org\/{rel}","templated":true}]}}