{"id":1844,"date":"2017-10-31T18:05:59","date_gmt":"2017-10-31T16:05:59","guid":{"rendered":"http:\/\/www250.e1016.servidornet.com\/?page_id=1844"},"modified":"2017-11-28T10:37:05","modified_gmt":"2017-11-28T08:37:05","slug":"scanner-haute-vitesse","status":"publish","type":"page","link":"https:\/\/www.datinza.com\/index.php\/fr\/scanner-haute-vitesse\/","title":{"rendered":"Scanner Haute Vitesse"},"content":{"rendered":"<link rel=\"stylesheet\" href=\"https:\/\/www.w3schools.com\/w3css\/4\/w3.css\">\n<style>\n.blog-post-title {padding:0 !important;}\n<\/style>\n<p><!--\n\n\n\n<div class=\"w3-row\" style=\"margin:5%;\">\n  \n\n<div class=\"w3-container w3-twothird\"  style=\"margin:5%;\">\n      \n        <video  autoplay loop style=\"display:block; width:100%;   margin:5px;\" \n<source src=\"\/wp-content\/uploads\/2017\/09\/Maquina_web_03.mp4\" type=\"video\/mp4\" >\n  \n         Your browser does not support the video tag. \n<\/video>\n       \n  <\/div>\n\n\n  \n\n<div class=\"w3-container w3-third\" style=\"margin:5%;\">\n   \n\n\n\n<p>En 1998, la soci\u00e9t\u00e9 d\u00e9cida de rompre avec le mode traditionnel de num\u00e9risation qu\u2019avaient suivi jusque l\u00e0 les entreprises du secteur et s\u2019engageant dans un grand pari au niveau financier et technique, en modifiant tout son processus de travail. Ce pari, non exempt de risque, fut mat\u00e9rialis\u00e9 en collaboration avec le Centre Polytechnique Sup\u00e9rieur de l\u2019Universit\u00e9 de Saragosse et l\u2019Institut Technologique d\u2019Arag\u00f3n.<\/p>\n\n\n\n\n<p>Dans le but de m\u00e9caniser le processus, le premier prototype atteignit une vitesse de num\u00e9risation de 7 documents par seconde. \u00c0 l\u2019heure actuelle, nos machines parviennent \u00e0 travailler \u00e0 une vitesse de 12 documents par seconde, en plus de d\u00e9coder de multiples codes 1D et 2D et d\u2019effectuer la reconnaissance optique de caract\u00e8res (OCR), en permettant ainsi d\u2019obtenir l\u2019information contenue dans les documents pour leur analyse et stockage ult\u00e9rieur dans des bases de donn\u00e9es.<\/p>\n\n\n\n\n<p>L\u2019int\u00e9gration de ce nouveau type de machine dans le processus de travail a permis d\u2019augmenter exponentiellement la productivit\u00e9. La rapidit\u00e9 du service, alli\u00e9e au taux d'erreur le plus bas du march\u00e9 et au prix, a permis \u00e0 l'entreprise de gagner des segments de march\u00e9, et elle est aujourd\u2019hui le fournisseur de ce type de service le plus important du pays. Entre temps, dans le domaine sanitaire, elle a pass\u00e9 de num\u00e9riser neuf millions d\u2019ordonnances en 10 jours \u00e0 en num\u00e9riser plus de 50 millions.\/p>\n\n  <\/div>\n\n\n<\/div>\n\n\n\n--><\/p>\n<section>\n<!-- \n\n<h4 style=\"text-align:center;\">Proyecto DIZ-98TR<\/h4>\n\n--><br \/>\n<video  autoplay loop style=\"display:block; width:70%; margin-right:2%; shape-outside: content-box(1% round 45%);  float: left;shape-outside-margin: .5%;\" \n<source src=\"\/wp-content\/uploads\/2017\/09\/Maquina_web_03.mp4\" type=\"video\/mp4\" >Your browser does not support the video tag.<\/video><\/p>\n<p>En 1998, la soci\u00e9t\u00e9 d\u00e9cida de rompre avec le mode traditionnel de num\u00e9risation qu\u2019avaient suivi jusque l\u00e0 les entreprises du secteur et s\u2019engageant dans un grand pari au niveau financier et technique, en modifiant tout son processus de travail. Ce pari, non exempt de risque, fut mat\u00e9rialis\u00e9 en collaboration avec le Centre Polytechnique Sup\u00e9rieur de l\u2019Universit\u00e9 de Saragosse et l\u2019Institut Technologique d\u2019Arag\u00f3n.<\/p>\n<p>Dans le but de m\u00e9caniser le processus, le premier prototype atteignit une vitesse de num\u00e9risation de 7 documents par seconde. \u00c0 l\u2019heure actuelle, nos machines parviennent \u00e0 travailler \u00e0 une vitesse de 12 documents par seconde, en plus de d\u00e9coder de multiples codes 1D et 2D et d\u2019effectuer la reconnaissance optique de caract\u00e8res (OCR), en permettant ainsi d\u2019obtenir l\u2019information contenue dans les documents pour leur analyse et stockage ult\u00e9rieur dans des bases de donn\u00e9es.<\/p>\n<p>L\u2019int\u00e9gration de ce nouveau type de machine dans le processus de travail a permis d\u2019augmenter exponentiellement la productivit\u00e9. La rapidit\u00e9 du service, alli\u00e9e au taux d&#8217;erreur le plus bas du march\u00e9 et au prix, a permis \u00e0 l&#8217;entreprise de gagner des segments de march\u00e9, et elle est aujourd\u2019hui le fournisseur de ce type de service le plus important du pays. Entre temps, dans le domaine sanitaire, elle a pass\u00e9 de num\u00e9riser neuf millions d\u2019ordonnances en 10 jours \u00e0 en num\u00e9riser plus de 50 millions.\/p><\/p>\n<\/section>\n","protected":false},"excerpt":{"rendered":"","protected":false},"author":1,"featured_media":1432,"parent":0,"menu_order":0,"comment_status":"closed","ping_status":"closed","template":"page-full-width.php","meta":{"_exactmetrics_skip_tracking":false,"_exactmetrics_sitenote_active":false,"_exactmetrics_sitenote_note":"","_exactmetrics_sitenote_category":0,"footnotes":""},"class_list":["post-1844","page","type-page","status-publish","has-post-thumbnail","hentry"],"_links":{"self":[{"href":"https:\/\/www.datinza.com\/index.php\/wp-json\/wp\/v2\/pages\/1844","targetHints":{"allow":["GET"]}}],"collection":[{"href":"https:\/\/www.datinza.com\/index.php\/wp-json\/wp\/v2\/pages"}],"about":[{"href":"https:\/\/www.datinza.com\/index.php\/wp-json\/wp\/v2\/types\/page"}],"author":[{"embeddable":true,"href":"https:\/\/www.datinza.com\/index.php\/wp-json\/wp\/v2\/users\/1"}],"replies":[{"embeddable":true,"href":"https:\/\/www.datinza.com\/index.php\/wp-json\/wp\/v2\/comments?post=1844"}],"version-history":[{"count":2,"href":"https:\/\/www.datinza.com\/index.php\/wp-json\/wp\/v2\/pages\/1844\/revisions"}],"predecessor-version":[{"id":2356,"href":"https:\/\/www.datinza.com\/index.php\/wp-json\/wp\/v2\/pages\/1844\/revisions\/2356"}],"wp:featuredmedia":[{"embeddable":true,"href":"https:\/\/www.datinza.com\/index.php\/wp-json\/wp\/v2\/media\/1432"}],"wp:attachment":[{"href":"https:\/\/www.datinza.com\/index.php\/wp-json\/wp\/v2\/media?parent=1844"}],"curies":[{"name":"wp","href":"https:\/\/api.w.org\/{rel}","templated":true}]}}