{"id":1848,"date":"2017-10-31T18:25:02","date_gmt":"2017-10-31T16:25:02","guid":{"rendered":"http:\/\/www250.e1016.servidornet.com\/?page_id=1848"},"modified":"2021-09-24T10:34:06","modified_gmt":"2021-09-24T08:34:06","slug":"entreprise","status":"publish","type":"page","link":"https:\/\/www.datinza.com\/index.php\/fr\/entreprise\/","title":{"rendered":"Entreprise"},"content":{"rendered":"<br \/>\n<style>\n.page-title-col { display: block!important; } \n<\/style>\n<div  >\n<h4 style=\"text-align: center;\"> Entreprise<\/h4>\n<\/p><\/div>\n<div class=\"w3-container  \">\n   <a style =\"  text-align: center; \"><br \/>\n<!--\n <img decoding=\"async\"   class=\"img-responsive wp-post-image\" alt=\"\"  src=\"\/wp-content\/uploads\/2017\/06\/PO01_.jpg\" style = \"width: 100%; margin: 0%; padding: 0%;\" \/>\n--><\/p>\n<p style = \"padding: 0% 4% 1% 4%;\">Fond\u00e9e en 1997, Datinza centre ses activit\u00e9s sur la num\u00e9risation, le traitement et la gestion de tout type de documents \u00e0 grande vitesse.<\/p>\n<p style = \"padding: 1% 4% 1% 4%;\">L\u2019exp\u00e9rience acquise toutes ces ann\u00e9es a fait \u00e9volu\u00e9 la soci\u00e9t\u00e9 jusqu&#8217;\u00e0 en faire beaucoup plus qu&#8217;une simple entreprise de num\u00e9risation de documents, capable d\u2019offrir aujourd\u2019hui des services de pointe dans le domaine de l\u2019informatique et de la technologie.<\/p>\n<p style = \"padding: 1% 4% 4% 4%;\">Le principal actif de la soci\u00e9t\u00e9 est son staff de professionnels sp\u00e9cialis\u00e9s qui vous dispense une attention personnalis\u00e9e et orient\u00e9e \u00e0 vous faire obtenir les meilleurs r\u00e9sultats. Notre personnel est hautement form\u00e9 et poss\u00e8de de l\u2019exp\u00e9rience dans les diff\u00e9rentes technologies de l&#8217;information pour apporter des solutions \u00e0 travers le d\u00e9veloppement de logiciel et d\u2019applications.<\/p>\n<p><\/a>\n  <\/div>\n<div align=\"center\"><video  autoplay loop style = \"width: 100%; height: auto; margin: 0 auto;\"><source src=\"\/wp-content\/uploads\/2017\/06\/DATINZA_05.mp4\" type=\"video\/mp4\" >Your browser does not support the video tag.<\/video>\n<\/div>\n<link rel=\"stylesheet\" href=\"https:\/\/www.w3schools.com\/w3css\/4\/w3.css\">\n<p><!-- SEPARADOR --><\/p>\n<p> .  <\/p>\n<div class=\"pagetitle-separator\">\n<div class=\"pagetitle-separator-border\">\n<div class=\"pagetitle-separator-box\"><\/div>\n<\/p><\/div>\n<\/p><\/div>\n<p><!-- FIN SEPARADOR --><\/p>\n<p><dic class=\"container\"><\/p>\n<div class=\"w3-row\">\n<div class=\"w3-third w3-container\">\n<div class=\"team-box\"  >\n       <img decoding=\"async\" width=\"256\" class=\"img-responsive wp-post-image\" alt=\"\" src=\"\/wp-content\/uploads\/2017\/06\/MISION_a.png\" \/>\n     <\/div>\n<div class=\"team-area\">\n<h5>Mission<span><\/span><\/h5>\n<div class=\"desi-seperate\"><\/div>\n<p>Notre mission est d\u2019offrir les derni\u00e8res avanc\u00e9es en mati\u00e8re de services de num\u00e9risation et technologiques, ainsi que le d\u00e9veloppement de logiciel et d\u2019applications. Datinza peut ainsi se d\u00e9finir comme un agent motivateur de changements pour ses clients, capable de cr\u00e9er des solutions interactives apportant de la valeur et des avantages comp\u00e9titifs \u00e0 vos affaires, d\u2019une mani\u00e8re personnalis\u00e9e et proche.<\/p>\n<\/p><\/div>\n<\/p><\/div>\n<div class=\"w3-third w3-container\">\n<div class=\"team-box\"  >\n       <img decoding=\"async\" width=\"256\" class=\"img-responsive wp-post-image\" alt=\"\" src=\"\/wp-content\/uploads\/2017\/06\/VISION_a.png\" \/>\n     <\/div>\n<div class=\"team-area\">\n<h5>Vision<span><\/span><\/h5>\n<div class=\"desi-seperate\"><\/div>\n<p>Datinza veut \u00eatre per\u00e7ue comme une r\u00e9f\u00e9rence dans son secteur, gr\u00e2ce \u00e0 la croissance continue comme entreprise, motiv\u00e9e par l\u2019innovation constante, l\u2019apprentissage acquis de ses clients et l&#8217;exp\u00e9rience et l&#8217;implication de tous ses employ\u00e9s.<\/p>\n<p style=\"color: white;\">.<\/p>\n<\/h5>\n<p style=\"color: white;\">.<\/p>\n<\/h5><\/div>\n<\/p><\/div>\n<div class=\"w3-third w3-container \">\n<div class=\"team-box\"  >\n       <img decoding=\"async\" width=\"256\" class=\"img-responsive wp-post-image\" alt=\"\" src=\"\/wp-content\/uploads\/2017\/06\/VALORES_a.png\" \/>\n     <\/div>\n<div class=\"team-area\">\n<h5>Valeurs<span><\/span><\/h5>\n<div class=\"desi-seperate\" style = \"text-align: left;\" ><\/div>\n<p class = \"tx1\"  style = \"text-align: left;\">&#8211;<b> Engagement<\/b> d\u2019accomplir toutes les obligations de nos clients<br \/>\n&#8211;<b> Adaptabilit\u00e9<\/b> aux n\u00e9cessit\u00e9s du client.<br \/>\n&#8211;<b> Proactivit\u00e9<\/b> \u00e0 l\u2019heure d\u2019innover et d&#8217;offrir des am\u00e9liorations continues dans nos services.<br \/>\n&#8211;<b> Ambition<\/b> d\u2019\u00e9volution en tant que groupe avec un projet en d\u00e9veloppement constant.<br \/>\n&#8211;<b> Transparence<\/b> totale envers nos clients.\n<\/p>\n<\/p><\/div>\n<\/p><\/div>\n<\/div><\/div>\n<p><!-- SEPARADOR --><\/p>\n<p> .  <\/p>\n<div class=\"pagetitle-separator\">\n<div class=\"pagetitle-separator-border\">\n<div class=\"pagetitle-separator-box\"><\/div>\n<\/p><\/div>\n<\/p><\/div>\n<p><!-- FIN SEPARADOR --><br \/>\n<!--   ------------------------------------------- --><\/p>\n<div style=\"text-align: center;\" class=\"w3-row-padding\">\n<div class=\"w3-third\" style=\"padding: 0px 10px 0px 10px ; \">\n<p><!--a href=\"#BIG_DATA\"><img decoding=\"async\" class=\"aligncenter\" src=\"\/wp-content\/uploads\/2017\/06\/logo_empresa_registrada.jpg\" alt=\"editors\" \/><\/a> \n     \n    \n    \n\n<p style=\"margin: 5% 10% 0% 10%!important;\">Certification AENOR de Syst\u00e8me de Gestion de la <a style=\"color:#01A9DB;\" href=\"index.php\/politica-de-calidad\"><strong>Qualit\u00e9<\/strong><\/a> conforme \u00e0 la norme UNE-EN ISO 9001:20015<\/p-->\n <\/div>\n<div class=\"w3-third\" style=\"padding: 0px 10px 0px 10px ; \">\n<p><!--a href=\"#PERSONALIZADO\"><img decoding=\"async\" class=\"aligncenter\" src=\"\/wp-content\/uploads\/2017\/06\/logo_seguridad_informacion.jpg\" alt=\"editors\"   \/><\/a> \n    \n     \n    \n\n<p style=\"margin: 5% 10% 0% 10%!important;\">Certification AENOR de Syst\u00e8me de Gestion de la S\u00e9curit\u00e9 de l\u2019Information (SGSI) conforme \u00e0 la norme UNE-ISO\/IEC 27001:2014<\/p-->\n  <\/div>\n<div class=\"w3-third\" style=\"padding: 0px 10px 0px 10px ; \">\n<p><!--a href=\"#WEB\"><img decoding=\"async\" class=\"aligncenter\" src=\"\/wp-content\/uploads\/2017\/06\/brand.gif\" alt=\"editors\"   width=\"100\" style=\"top:-10px;\" \/><\/a> \n\n     \n   \n    \n\n<p style=\"margin: 5% 10% 0% 10%!important;\">Certificat IQNET pour \u00ab La conception et la prestation du service de num\u00e9risation et de traitement de donn\u00e9es de documents de texte et cod\u00e9s \u00bb.<\/p-->\n  <\/div>\n<\/p><\/div>\n<p><!-- ----------------------------------------------- --><\/p>\n<div class=\"row\">\n<div class=\"callout-section\">\n<h3>Contactez-nous<\/h3>\n<p>Connaissez nos services sans engagement. Nous \u00e9tudierons votre cas et vous donnerons une r\u00e9ponse le plus bri\u00e8vement possible.<br \/>\n\t\t\t\t<a class=\"normal-button  reverse\" href=\"\/index.php\/contacto\">Contactez<\/a>\n\t\t\t\t<\/p>\n<\/p><\/div>\n<\/div>\n","protected":false},"excerpt":{"rendered":"<p>Entreprise Fond\u00e9e en 1997, Datinza centre ses activit\u00e9s sur la num\u00e9risation, le traitement et la gestion de tout type de documents \u00e0 grande vitesse. L\u2019exp\u00e9rience acquise toutes ces ann\u00e9es a fait \u00e9volu\u00e9 la soci\u00e9t\u00e9 jusqu&#8217;\u00e0 en faire beaucoup plus qu&#8217;une simple entreprise de num\u00e9risation de documents, capable d\u2019offrir aujourd\u2019hui des services de pointe dans le [&hellip;]<\/p>\n","protected":false},"author":1,"featured_media":894,"parent":0,"menu_order":0,"comment_status":"closed","ping_status":"closed","template":"page-full-width.php","meta":{"footnotes":""},"class_list":["post-1848","page","type-page","status-publish","has-post-thumbnail","hentry"],"_links":{"self":[{"href":"https:\/\/www.datinza.com\/index.php\/wp-json\/wp\/v2\/pages\/1848","targetHints":{"allow":["GET"]}}],"collection":[{"href":"https:\/\/www.datinza.com\/index.php\/wp-json\/wp\/v2\/pages"}],"about":[{"href":"https:\/\/www.datinza.com\/index.php\/wp-json\/wp\/v2\/types\/page"}],"author":[{"embeddable":true,"href":"https:\/\/www.datinza.com\/index.php\/wp-json\/wp\/v2\/users\/1"}],"replies":[{"embeddable":true,"href":"https:\/\/www.datinza.com\/index.php\/wp-json\/wp\/v2\/comments?post=1848"}],"version-history":[{"count":10,"href":"https:\/\/www.datinza.com\/index.php\/wp-json\/wp\/v2\/pages\/1848\/revisions"}],"predecessor-version":[{"id":2468,"href":"https:\/\/www.datinza.com\/index.php\/wp-json\/wp\/v2\/pages\/1848\/revisions\/2468"}],"wp:featuredmedia":[{"embeddable":true,"href":"https:\/\/www.datinza.com\/index.php\/wp-json\/wp\/v2\/media\/894"}],"wp:attachment":[{"href":"https:\/\/www.datinza.com\/index.php\/wp-json\/wp\/v2\/media?parent=1848"}],"curies":[{"name":"wp","href":"https:\/\/api.w.org\/{rel}","templated":true}]}}