{"id":1851,"date":"2017-10-31T18:36:27","date_gmt":"2017-10-31T16:36:27","guid":{"rendered":"http:\/\/www250.e1016.servidornet.com\/?page_id=1851"},"modified":"2017-11-27T18:20:09","modified_gmt":"2017-11-27T16:20:09","slug":"numerisation-de-documents","status":"publish","type":"page","link":"https:\/\/www.datinza.com\/index.php\/fr\/numerisation-de-documents\/","title":{"rendered":"Num\u00e9risation de documents"},"content":{"rendered":"<style>\n.blog-post-title {\n    padding: 0px 0px 0px 0px!important;\n}\n<\/style>\n<p><A name=\"HOME\"><\/A><\/p>\n<div align=\"center\"><video  autoplay loop style = \"width: 100%; height: auto; margin: 0 auto;\"><source src=\"\/wp-content\/uploads\/2017\/09\/video_02_TIMELAPSE_DATINZA.mp4\" type=\"video\/mp4\" >Your browser does not support the video tag.<\/video><\/p>\n<div  >\n<h4 style=\"text-align: center;\"> Num\u00e9risation de documents <\/h4>\n<\/p><\/div>\n<p style=\"text-align: center;\">Nous num\u00e9risons, traitons et g\u00e9rons tout type de documents, avec une capacit\u00e9 pouvant m\u00eame d\u00e9passer 36 000 documents \u00e0 l\u2019heure. Nous proc\u00e9dons \u00e0 une indexation automatique des documents dans une base de donn\u00e9es afin de pouvoir effectuer des recherches intelligentes et de r\u00e9duire le temps de gestion de l\u2019information.<\/p>\n<p>&nbsp;<\/p>\n<p><!--<meta name=\"viewport\" content=\"width=device-width, initial-scale=1\">\n<link rel=\"stylesheet\" href=\"https:\/\/www.w3schools.com\/w3css\/4\/w3.css\"> --><br \/>\n<meta name=\"viewport\" content=\"width=device-width, initial-scale=1\">\n<link rel=\"stylesheet\" href=\"https:\/\/www.w3schools.com\/w3css\/4\/w3.css\">\n<div style=\"text-align: center;\" class=\"w3-row-padding\"><p\">\n<div class=\"w3-quarter\" style=\"padding: 0px 10px 0px 10px ; \"> <a href=\"#DMasiva\"><img loading=\"lazy\" decoding=\"async\" class=\"aligncenter\" src=\"\/wp-content\/uploads\/2017\/06\/DIG_MAS.png\" alt=\"editors\" width=\"103\" height=\"103\" \/><\/a> <\/p>\n<h5 >Num\u00e9risation massive de documents<\/h5>\n<p >Peu importe le nombre ni le type de documents, notre logiciel s\u2019adapte \u00e0 vos exigences et \u00e0 votre organisation.<\/p>\n<\/p><\/div>\n<div class=\"w3-quarter\" style=\"padding: 0px 10px 0px 10px ; \"><a href=\"#OCR\"><img loading=\"lazy\" decoding=\"async\" class=\"aligncenter\" src=\"\/wp-content\/uploads\/2017\/06\/OCR.png\" alt=\"editors\" width=\"103\" height=\"103\" \/><\/a> <\/p>\n<h5>Reconnaissance automatique<br \/> de contenus<\/h5>\n<p>Pour vous permettre de r\u00e9aliser toute sorte de recherches dans les documents num\u00e9ris\u00e9s.<\/p>\n<\/p><\/div>\n<div class=\"w3-quarter\" style=\"padding: 0px 10px 0px 10px ; \"><a href=\"#ALMACEN\"><img loading=\"lazy\" decoding=\"async\" class=\"aligncenter\" src=\"\/wp-content\/uploads\/2017\/06\/CUS.png\" alt=\"editors\" width=\"103\" height=\"103\" \/><\/a> <\/p>\n<h5>Archivage de <br \/>documents<\/h5>\n<p>Datinza dispose de plus de 1.500 m\u00e8tres carr\u00e9s d\u2019installations pour assurer un service complet de stockage temporaire de documents<\/p>\n<\/p><\/div>\n<div class=\"w3-quarter\" style=\"padding: 0px 10px 0px 10px ; \"> <img loading=\"lazy\" decoding=\"async\" class=\"aligncenter\" src=\"\/wp-content\/uploads\/2017\/06\/DES.png\" alt=\"editors\" width=\"103\" height=\"103\" \/> <\/p>\n<h5>Destruction <br \/>certifi\u00e9e<\/h5>\n<p>   <!-- \n\n\n\n--><\/p>\n<p>Besoin de d\u00e9truire vos documents ? Nous vous garantissons un syst\u00e8me efficace et en vous fournissant le certificat correspondant.<\/p>\n<\/p><\/div>\n<\/div>\n<p><A name=\"DMasiva\"><\/A><\/p>\n<p><!-- SEPARADOR --><\/p>\n<p style=\"color: white;\">.<\/p>\n<div class=\"pagetitle-separator\">\n<div class=\"pagetitle-separator-border\">\n<div class=\"pagetitle-separator-box\"><\/div>\n<\/p><\/div>\n<\/p><\/div>\n<p><!-- FIN SEPARADOR --><\/p>\n<p><!-- ***************************************** --><\/p>\n<p>&nbsp;&nbsp;<\/p>\n<div class=\"w3-row\"  style = \"width: 100%;\n   \n    background-image: url('\/wp-content\/uploads\/2017\/09\/DATINZA_Dmasiva_2.jpg');\n    \n    background-size: cover; \n    \n   \n\n\n\n<div class=\"w3-row\">\n<div class=\"w3-third\" >&nbsp;<\/p>\n<div   style=\"padding: 0px 10px 0px 10px ; \"> <a  ><img loading=\"lazy\" decoding=\"async\" class=\"aligncenter\" src=\"\/wp-content\/uploads\/2017\/06\/DIG_MAS.png\" alt=\"editors\" width=\"103\" height=\"103\" \/><\/a> <\/p>\n<p style = \"text-align: center;color:#FFFFFF;font-size: 130%;font-weight: regular; \" >Digitalizaci\u00f3n Masiva <br \/>de Documentos<\/p>\n<\/p><\/div>\n<\/div>\n<div class=\"w3-twothird\" >\n<p class=\"tx1 w3-large\" style = \"color:#FFFFFF; font-size: 130%; font-weight: regular; margin-top: 4%; margin-left: 5%; margin-bottom: 4%; margin-right: 5%;\"> Peu importe le nombre et le type de documents, nous nous adaptons \u00e0 vos exigence et \u00e0 votre organisation, en plus de faciliter leur signature \u00e9lectronique pour garantir l\u2019authenticit\u00e9 et la non-manipulation ult\u00e9rieure.<\/p>\n<div class=\"w3-row\" style= \" margin-top: 0%; \">\n<div class=\"w3-container w3-quarter\" style=\"padding: 10px 10px 10px 10px ; margin-top: -2%;\"><a href=\"\/index.php\/2017\/06\/\"><img loading=\"lazy\" decoding=\"async\"  class=\"aligncenter\"  src=\"\/wp-content\/uploads\/2017\/06\/EXP.png\" alt=\"editors\" width=\"60\" height=\"60\" \/><\/a>\n           <\/div>\n<div class=\"w3-container w3-rest\" >\n<p class=\"tx1\" style= \"color:#ffffff; font-size: 120%;font-weight: bold;\">Exp\u00e9rience<\/p>\n<p class=\"tx1\" style= \"color:#ffffff;  margin-top: -2%;  \"> Au service de nos clients depuis 1997.<\/p>\n<\/p><\/div>\n<\/p><\/div>\n<div class=\"w3-row\" >\n<div class=\"w3-container w3-quarter\" style=\"padding: 10px 10px 10px 10px ; \"><a href=\"\/index.php\/2017\/06\/\"><img loading=\"lazy\" decoding=\"async\"  class=\"aligncenter\"  src=\"\/wp-content\/uploads\/2017\/06\/TEC.png\" alt=\"editors\" width=\"60\" height=\"60\" \/><\/a>\n           <\/div>\n<div class=\"w3-container w3-rest\" style = \"@media only screen and (max-device-width: 400px)   {text-align: center;}\">\n<p class=\"tx1\" style= \"color:#ffffff; font-size: 120%;font-weight: bold;\">Technologie<\/p>\n<p class=\"tx1\" style= \"color:#ffffff;   margin-top: -2%;  \"> Nous avons cr\u00e9\u00e9 la machine de num\u00e9risation la plus rapide sur le march\u00e9 : 36 000 documents \u00e0 l\u2019heure.<\/p>\n<\/p><\/div>\n<\/p><\/div>\n<div class=\"w3-row\">\n<div class=\"w3-container w3-quarter\" style=\"padding: 10px 10px 10px 10px ; \"><a href=\"\/index.php\/2017\/06\/\"><img loading=\"lazy\" decoding=\"async\"  class=\"aligncenter\"   src=\"\/wp-content\/uploads\/2017\/06\/CAL.png\" alt=\"editors\" width=\"60\" height=\"60\" \/><\/a>\n           <\/div>\n<div class=\"w3-container w3-rest\"  >\n<p class=\"tx1\" style= \"color:#ffffff; font-size: 120%;font-weight: bold;   \">Qualit\u00e9<\/p>\n<p><A name=\"OCR\"><\/A><\/p>\n<p class=\"tx1\" style= \"color:#ffffff;   margin-top: -2%;  \"> Tous nos processus de travail sont hautement automatis\u00e9s et supervis\u00e9s.<\/p>\n<\/p><\/div>\n<\/p><\/div>\n<\/p><\/div>\n<\/div>\n<\/div>\n<p><!-- ***************************************** --><\/p>\n<p><!-- SEPARADOR --><\/p>\n<p style=\"color: white;\">.<\/p>\n<p><a href=\"#HOME\"><img loading=\"lazy\" decoding=\"async\" class=\"aligncenter\" src=\"\/wp-content\/uploads\/2017\/09\/top_a.png\" alt=\"editors\" width=\"50\" height=\"50\" \/><\/a> <\/p>\n<div class=\"pagetitle-separator\">\n<div class=\"pagetitle-separator-border\">\n<div class=\"pagetitle-separator-box\"><\/div>\n<\/p><\/div>\n<\/p><\/div>\n<p><!-- FIN SEPARADOR --><\/p>\n<p><!-- ***************************************** --><\/p>\n<p>&nbsp;&nbsp;<\/p>\n<div class=\"w3-row\"  style = \"width: 100%;\n   \n <!--   background-image: url('\/wp-content\/uploads\/2017\/06\/DATINZA_OCR_.jpg');\n    \n    background-size: contain; \n --><\/p>\n<div class=\"w3-row\">\n  <!--  \n\n<div class=\"w3-third\" >&nbsp;\n\n<p>\n\n <\/p>\n\n--><\/p>\n<div   style=\"padding: 0px 10px 0px 10px ; \"> <a  ><img loading=\"lazy\" decoding=\"async\" class=\"aligncenter\" src=\"\/wp-content\/uploads\/2017\/06\/OCR.png\" alt=\"editors\" width=\"103\" height=\"103\" \/><\/a> <\/p>\n<p style = \"text-align: center;color:#22a1c4;font-size: 130%;font-weight: regular; \" >Reconnaissance automatique <br \/>de contenus<\/p>\n<p><!--   <\/div>\n\n --><\/p>\n<p><A name=\"ALMACEN\"><\/A><\/p>\n<\/div>\n<p> <!--    \n\n<div class=\"w3-twothird\" >--><\/p>\n<p    style = \"color:#000000; font-size: 100%; font-weight: regular; margin-top: 4%; margin-left: 5%; margin-bottom: 4%; margin-right: 5%;text-align: center;\">Nous comptons sur la technologie de pointe en mati\u00e8re de reconnaissance num\u00e9rique de caract\u00e8res, marques et codes 1D et 2D, ce qui nous permet de garantir un processus de num\u00e9risation sans erreurs. Gr\u00e2ce \u00e0 cette technologie, nous sommes en mesure d\u2019extraire les donn\u00e9es n\u00e9cessaires de n&#8217;importe quel document et de les stocker dans des bases de donn\u00e9es pour leur traitement et analyse ult\u00e9rieurs.<\/p>\n<\/div>\n<p><!-- ***************************************** --><\/p>\n<p><!-- SEPARADOR --><\/p>\n<p style=\"color: white;\">.<\/p>\n<p><a href=\"#HOME\"><img loading=\"lazy\" decoding=\"async\" class=\"aligncenter\" src=\"\/wp-content\/uploads\/2017\/09\/top_a.png\" alt=\"editors\" width=\"50\" height=\"50\" \/><\/a> <\/p>\n<div class=\"pagetitle-separator\">\n<div class=\"pagetitle-separator-border\">\n<div class=\"pagetitle-separator-box\"><\/div>\n<\/p><\/div>\n<\/p><\/div>\n<\/div>\n<p><!-- FIN SEPARADOR --><\/p>\n<p><!-- ***************************************** --><\/p>\n<div class=\"w3-row\"  style = \"width: 100%;\n <!--  \n    background-image: url('\/wp-content\/uploads\/2017\/06\/DATINZA_OCR_.jpg');\n    \n    background-size: contain; \n -->  <\/p>\n<div class=\"w3-row\">\n<div> <a  ><img loading=\"lazy\" decoding=\"async\" class=\"aligncenter\" src=\"\/wp-content\/uploads\/2017\/06\/CUS.png\" alt=\"editors\" width=\"103\" height=\"103\" \/><\/a> <\/p>\n<p style = \"text-align: center;color:#22a1c4;font-size: 130%;font-weight: regular; \" > Archivage de <br \/>documents<\/p>\n<\/div>\n<p style = \"color:#000000; font-size:100%; font-weight: regular; margin-top: 4%; margin-left: 5%; margin-bottom: 4%; margin-right: 5%;text-align: center;\">Nos installations ont \u00e9t\u00e9 renouvel\u00e9es et actuellement nous disposons de plus de 1 500 m\u00e8tres carr\u00e9s de surface de stockage, parfaitement conditionn\u00e9e pour l\u2019archivage et la garde de documents.<\/p>\n<\/div>\n<\/div>\n","protected":false},"excerpt":{"rendered":"<p>Your browser does not support the video tag. Num\u00e9risation de documents Nous num\u00e9risons, traitons et g\u00e9rons tout type de documents, avec une capacit\u00e9 pouvant m\u00eame d\u00e9passer 36 000 documents \u00e0 l\u2019heure. Nous proc\u00e9dons \u00e0 une indexation automatique des documents dans une base de donn\u00e9es afin de pouvoir effectuer des recherches intelligentes et de r\u00e9duire le [&hellip;]<\/p>\n","protected":false},"author":1,"featured_media":0,"parent":0,"menu_order":0,"comment_status":"closed","ping_status":"closed","template":"page-full-width.php","meta":{"footnotes":""},"class_list":["post-1851","page","type-page","status-publish","hentry"],"_links":{"self":[{"href":"https:\/\/www.datinza.com\/index.php\/wp-json\/wp\/v2\/pages\/1851","targetHints":{"allow":["GET"]}}],"collection":[{"href":"https:\/\/www.datinza.com\/index.php\/wp-json\/wp\/v2\/pages"}],"about":[{"href":"https:\/\/www.datinza.com\/index.php\/wp-json\/wp\/v2\/types\/page"}],"author":[{"embeddable":true,"href":"https:\/\/www.datinza.com\/index.php\/wp-json\/wp\/v2\/users\/1"}],"replies":[{"embeddable":true,"href":"https:\/\/www.datinza.com\/index.php\/wp-json\/wp\/v2\/comments?post=1851"}],"version-history":[{"count":5,"href":"https:\/\/www.datinza.com\/index.php\/wp-json\/wp\/v2\/pages\/1851\/revisions"}],"predecessor-version":[{"id":2319,"href":"https:\/\/www.datinza.com\/index.php\/wp-json\/wp\/v2\/pages\/1851\/revisions\/2319"}],"wp:attachment":[{"href":"https:\/\/www.datinza.com\/index.php\/wp-json\/wp\/v2\/media?parent=1851"}],"curies":[{"name":"wp","href":"https:\/\/api.w.org\/{rel}","templated":true}]}}