{"id":1853,"date":"2017-10-31T18:41:29","date_gmt":"2017-10-31T16:41:29","guid":{"rendered":"http:\/\/www250.e1016.servidornet.com\/?page_id=1853"},"modified":"2020-01-13T15:00:11","modified_gmt":"2020-01-13T13:00:11","slug":"ordres-pharmaciens","status":"publish","type":"page","link":"https:\/\/www.datinza.com\/index.php\/fr\/ordres-pharmaciens\/","title":{"rendered":"Ordres Pharmaciens"},"content":{"rendered":"<link rel=\"stylesheet\" href=\"https:\/\/www.w3schools.com\/w3css\/4\/w3.css\">\n<div class=\"w3-row\">\n <!-- \n\n<div class=\"w3-container w3-quarter\"> --><\/p>\n<div class=\"w3-container w3-third\">\n    <video  autoplay  style = \"position: center;width: 100%; height: auto; margin: 0 auto; padding:  0% 4% 0% 0%;\"><source src=\"\/wp-content\/uploads\/2017\/06\/MAPA_ES_DATINZA_3.mp4\" type=\"video\/mp4\" ><\/div>\n<p> <!-- \n\n<div class=\"w3-container w3-threequarter\"> --><\/p>\n<div class=\"w3-container w3-twothird\">\n<h4 style=\"text-align: left; margin: 0% 0% 5% 0%!important;\">Ordres Pharmaciens<\/h4>\n<p style=\"text-align: left; padding:  0% 14% 0% 0%;\">Datinza collabore avec <b>32 ordres pharmaciens provinciaux<\/b> dans <b>13 communaut\u00e9s autonomes espagnoles<\/b>, ce qui lui a permis d\u2019acqu\u00e9rir une grande exp\u00e9rience et la capacit\u00e9 de s\u2019adapter \u00e0 leurs singularit\u00e9s. Ce background nous permet d\u2019affirmer aujourd\u2019hui que nous sommes le leader en Espagne de l\u2019ordonnance m\u00e9dicale \u00e9lectronique et que nous continuons d\u2019innover pour offrir \u00e0 nos clients de nouveaux et meilleurs services.<\/p>\n<p style=\"text-align: left;  padding: 0% 14% 0% 0%;\">Notre Service Technique con\u00e7oit et d\u00e9veloppe des solutions pour aider les clients \u00e0 faire face \u00e0 de nouvelles n\u00e9cessit\u00e9s ou aux changements l\u00e9gislatifs ou r\u00e8glementaires qui leur sont impos\u00e9s.<\/p>\n<p>&nbsp;\n  <\/p><\/div>\n<\/div>\n<div style=\"text-align: center;\">\n<p><!--\n\n\n<h1>Prueba<\/h1>\n\n\n--><\/p>\n<\/div>\n<div class=\"w3-row-padding\" style=\"text-align: center;\">\n<div class=\"w3-quarter\" style=\"padding: 0px 10px 0px 10px;\">\n<p><a href=\"\/index.php\/fr\/ordres-pharmaciens\/delivrance-dordonnance-electronique\/\"><img loading=\"lazy\" decoding=\"async\" class=\"aligncenter\" src=\"\/wp-content\/uploads\/2017\/06\/RE.png\" alt=\"editors\" width=\"103\" height=\"103\" \/><\/a><\/p>\n<h5>D\u00e9livrance d\u2019ordonnance \u00e9lectronique<br \/><\/h5>\n<p><!--<a href=\"#DISPENSACION\"><img loading=\"lazy\" decoding=\"async\" class=\"aligncenter\" src=\"\/wp-content\/uploads\/2017\/06\/RE.png\" alt=\"editors\" width=\"103\" height=\"103\" \/><\/a>\n\n\n<h5>Dispensaci\u00f3n de Receta Electr\u00f3nica<br \/><\/h5>\n\n --><\/p>\n<p>Nous avons d\u00e9velopp\u00e9 les services d\u2019int\u00e9gration du N\u0153ud de Dispensation entre les pharmacies et les Services de Sant\u00e9, ainsi que les services sp\u00e9cifiques des ordres pharmaciens avec lesquels nous travaillons.<\/p>\n<\/div>\n<div class=\"w3-quarter\" style=\"padding: 0px 10px 0px 10px;\">\n<p><a href=\"\/index.php\/fr\/ordres-pharmaciens\/facturation\/\"><img loading=\"lazy\" decoding=\"async\" class=\"aligncenter\" src=\"\/wp-content\/uploads\/2017\/06\/DF.png\" alt=\"editors\" width=\"103\" height=\"103\" \/><\/a><\/p>\n<h5>Num\u00e9risation et facturation d\u2019ordonnance m\u00e9dicale<\/h5>\n<p>Aussi bien pour l\u2019ordonnance traditionnelle sur papier que les justificatifs de l\u2019ordonnance \u00e9lectronique<\/p>\n<\/div>\n<div class=\"w3-quarter\" style=\"padding: 0px 10px 0px 10px;\">\n<p><a href=\"\/index.php\/fr\/ordres-pharmaciens\/secretariat\/\"><img loading=\"lazy\" decoding=\"async\" class=\"aligncenter\" src=\"\/wp-content\/uploads\/2017\/06\/ERP.png\" alt=\"editors\" width=\"103\" height=\"103\" \/><\/a><\/p>\n<h5>Secr\u00e9tariat virtuel<br \/>\n(ERP)<\/h5>\n<p>Comprend les services d\u2019analyse de donn\u00e9es et graphiques<\/p>\n<\/div>\n<div class=\"w3-quarter\" style=\"padding: 0px 10px 0px 10px;\">\n<p><a href=\"\/index.php\/fr\/ordres-pharmaciens\/applications\/\"><img loading=\"lazy\" decoding=\"async\" class=\"aligncenter\" src=\"\/wp-content\/uploads\/2017\/06\/DSOFT.png\" alt=\"editors\" width=\"103\" height=\"103\" \/><\/a><\/p>\n<h5>Applications et programmes<br \/><\/h5>\n<p>Nous personnalisons vos solutions pour bureau, dispositifs mobiles ou sites internet<\/p>\n<\/div>\n<\/div>\n","protected":false},"excerpt":{"rendered":"<p>Ordres Pharmaciens Datinza collabore avec 32 ordres pharmaciens provinciaux dans 13 communaut\u00e9s autonomes espagnoles, ce qui lui a permis d\u2019acqu\u00e9rir une grande exp\u00e9rience et la capacit\u00e9 de s\u2019adapter \u00e0 leurs singularit\u00e9s. Ce background nous permet d\u2019affirmer aujourd\u2019hui que nous sommes le leader en Espagne de l\u2019ordonnance m\u00e9dicale \u00e9lectronique et que nous continuons d\u2019innover pour offrir [&hellip;]<\/p>\n","protected":false},"author":1,"featured_media":0,"parent":0,"menu_order":0,"comment_status":"closed","ping_status":"closed","template":"page-full-width.php","meta":{"footnotes":""},"class_list":["post-1853","page","type-page","status-publish","hentry"],"_links":{"self":[{"href":"https:\/\/www.datinza.com\/index.php\/wp-json\/wp\/v2\/pages\/1853","targetHints":{"allow":["GET"]}}],"collection":[{"href":"https:\/\/www.datinza.com\/index.php\/wp-json\/wp\/v2\/pages"}],"about":[{"href":"https:\/\/www.datinza.com\/index.php\/wp-json\/wp\/v2\/types\/page"}],"author":[{"embeddable":true,"href":"https:\/\/www.datinza.com\/index.php\/wp-json\/wp\/v2\/users\/1"}],"replies":[{"embeddable":true,"href":"https:\/\/www.datinza.com\/index.php\/wp-json\/wp\/v2\/comments?post=1853"}],"version-history":[{"count":10,"href":"https:\/\/www.datinza.com\/index.php\/wp-json\/wp\/v2\/pages\/1853\/revisions"}],"predecessor-version":[{"id":2429,"href":"https:\/\/www.datinza.com\/index.php\/wp-json\/wp\/v2\/pages\/1853\/revisions\/2429"}],"wp:attachment":[{"href":"https:\/\/www.datinza.com\/index.php\/wp-json\/wp\/v2\/media?parent=1853"}],"curies":[{"name":"wp","href":"https:\/\/api.w.org\/{rel}","templated":true}]}}