{"id":1857,"date":"2017-10-31T19:01:46","date_gmt":"2017-10-31T17:01:46","guid":{"rendered":"http:\/\/www250.e1016.servidornet.com\/?page_id=1857"},"modified":"2017-11-27T18:25:19","modified_gmt":"2017-11-27T16:25:19","slug":"delivrance-dordonnance-electronique","status":"publish","type":"page","link":"https:\/\/www.datinza.com\/index.php\/fr\/ordres-pharmaciens\/delivrance-dordonnance-electronique\/","title":{"rendered":"D\u00e9livrance d\u2019ordonnance \u00e9lectronique"},"content":{"rendered":"<p><!--<meta name=\"viewport\" content=\"width=device-width, initial-scale=1\">\n<link rel=\"stylesheet\" href=\"https:\/\/www.w3schools.com\/w3css\/4\/w3.css\"> --><br \/>\n<meta name=\"viewport\" content=\"width=device-width, initial-scale=1\">\n<link rel=\"stylesheet\" href=\"https:\/\/www.w3schools.com\/w3css\/4\/w3.css\">\n<A name=\"DISPENSACION\"><\/A><\/p>\n<div class=\"w3-row-padding \">\n<div class=\"w3-quarter\">\n<p><!--  <img loading=\"lazy\" decoding=\"async\" class=\"aligncenter\" src=\"\/wp-content\/uploads\/2017\/06\/RE.png\" alt=\"editors\" width=\"160\" height=\"160\" \/> -->\n  <\/div>\n<div class=\"w3-rest w3-container\">\n<h4 style=\"text-align: left;\">Ordres Pharmaciens <\/h4>\n<p  class=\"tx1\"  style = \"color:#22a1c4;font-size: 130%;font-weight: regular; \" > D\u00e9livrance d\u2019ordonnance \u00e9lectronique <\/p>\n<p class=\"tx1\"> Datinza assure la gestion int\u00e9grale du processus de d\u00e9livrance de l\u2019ordonnance m\u00e9dicale \u00e9lectronique \u00e0 travers le d\u00e9veloppement d\u2019un syst\u00e8me adapt\u00e9 aux n\u00e9cessit\u00e9s de chaque ordre pharmacien et des diff\u00e9rents services des d\u00e9partements de sant\u00e9 r\u00e9gionaux.<\/p>\n<p class=\"tx1\" >Le service comprend le consulting et le suivi de toutes les phases du processus, de la d\u00e9livrance de l\u2019ordonnance dans la pharmacie \u00e0 l\u2019exploitation ult\u00e9rieure des donn\u00e9es.\n <\/p>\n<\/p><\/div>\n<\/div>\n<div class=\"w3-row-padding \">\n<div class=\"w3-quarter \">\n<div class=\"imagen_vertical \">   <img decoding=\"async\" class=\"aligncenter\"  src=\"\/wp-content\/uploads\/2017\/09\/CPD_.jpg\" alt=\"editors\"  style = \"width: 100%;height: 100%;  \" \/>\n    <\/div>\n<\/p><\/div>\n<div class=\"w3-rest w3-container\" >\n<p class=\"tx1\"  style = \"color:#196F8A;font-size: 110%;font-weight: regular; margin: 5% 5% 2% 10%;\" > Housing <\/p>\n<ul style=\"list-style-type: square;  margin: 0% 10% 0% 10%;\">\n<li>\n<p style=\"margin:0;\"> Nous proposons un service complet et efficace d&#8217;archivage donn\u00e9es, accessible 365j\u00d724h depuis n\u2019importe quel endroit connect\u00e9.<\/p>\n<\/li>\n<li>\n<p style=\"margin:0;\"> Nous d\u00e9veloppons les protocoles de communication, le logiciel et l\u2019interface n\u00e9cessaire \u00e0 la consultation.<\/p>\n<\/li>\n<li>\n<p style=\"margin:0;\"> Notre Syst\u00e8me de Gestion de la S\u00e9curit\u00e9 de l\u2019Information est certifi\u00e9 et audit\u00e9 par AENOR, conform\u00e9ment \u00e0 la norme ISO 27001 sur la Protection des Donn\u00e9es. Le type d\u2019information que nous traitons nous oblige \u00e0 passer des audits biannuels.<\/p>\n<\/li>\n<\/ul>\n<p class=\"tx1\"  style = \"color:#196F8A;font-size: 110%;font-weight: regular; margin: 5% 5% 2% 10%;\" > CPD<\/p>\n<p class=\"tx1\" style=\"margin: 0% 5% 0% 10%;\">Notre Centre de Processus de Donn\u00e9es est conforme \u00e0 toutes les normes techniques et l\u00e9gales exigibles pour ce type d\u2019installations:<\/p>\n<\/p>\n<ul style=\"list-style-type: square; margin: 0% 10% 0% 10%;\">\n<li>\n<p style=\"margin:0;\">Acc\u00e8s restreint et contr\u00f4l\u00e9.<\/p>\n<\/li>\n<li>\n<p style=\"margin:0;\">Enregistrement continu d\u2019images<\/p>\n<\/li>\n<li>\n<p style=\"margin:0;\">Contr\u00f4le de temp\u00e9rature et d\u2019humidit\u00e9.<\/p>\n<\/li>\n<li>\n<p style=\"margin:0;\">Alimentation \u00e9lectrique autonome et redondante.<\/p>\n<\/li>\n<li>\n<p style=\"margin:0;\">Connexion de donn\u00e9es par fibre redondante.<\/p>\n<\/li>\n<li>\n<p style=\"margin:0;\">Protection incendie dans la structure et avec agent extincteur.<\/p>\n<\/li>\n<li>\n<p style=\"margin:0;\">Surveillance intrusion connect\u00e9e \u00e0 centrale <\/p>\n<\/li>\n<\/ul><\/div>\n<\/div>\n","protected":false},"excerpt":{"rendered":"<p>Ordres Pharmaciens D\u00e9livrance d\u2019ordonnance \u00e9lectronique Datinza assure la gestion int\u00e9grale du processus de d\u00e9livrance de l\u2019ordonnance m\u00e9dicale \u00e9lectronique \u00e0 travers le d\u00e9veloppement d\u2019un syst\u00e8me adapt\u00e9 aux n\u00e9cessit\u00e9s de chaque ordre pharmacien et des diff\u00e9rents services des d\u00e9partements de sant\u00e9 r\u00e9gionaux. Le service comprend le consulting et le suivi de toutes les phases du processus, de [&hellip;]<\/p>\n","protected":false},"author":1,"featured_media":1463,"parent":1853,"menu_order":0,"comment_status":"closed","ping_status":"closed","template":"page-full-width.php","meta":{"footnotes":""},"class_list":["post-1857","page","type-page","status-publish","has-post-thumbnail","hentry"],"_links":{"self":[{"href":"https:\/\/www.datinza.com\/index.php\/wp-json\/wp\/v2\/pages\/1857","targetHints":{"allow":["GET"]}}],"collection":[{"href":"https:\/\/www.datinza.com\/index.php\/wp-json\/wp\/v2\/pages"}],"about":[{"href":"https:\/\/www.datinza.com\/index.php\/wp-json\/wp\/v2\/types\/page"}],"author":[{"embeddable":true,"href":"https:\/\/www.datinza.com\/index.php\/wp-json\/wp\/v2\/users\/1"}],"replies":[{"embeddable":true,"href":"https:\/\/www.datinza.com\/index.php\/wp-json\/wp\/v2\/comments?post=1857"}],"version-history":[{"count":6,"href":"https:\/\/www.datinza.com\/index.php\/wp-json\/wp\/v2\/pages\/1857\/revisions"}],"predecessor-version":[{"id":2328,"href":"https:\/\/www.datinza.com\/index.php\/wp-json\/wp\/v2\/pages\/1857\/revisions\/2328"}],"up":[{"embeddable":true,"href":"https:\/\/www.datinza.com\/index.php\/wp-json\/wp\/v2\/pages\/1853"}],"wp:featuredmedia":[{"embeddable":true,"href":"https:\/\/www.datinza.com\/index.php\/wp-json\/wp\/v2\/media\/1463"}],"wp:attachment":[{"href":"https:\/\/www.datinza.com\/index.php\/wp-json\/wp\/v2\/media?parent=1857"}],"curies":[{"name":"wp","href":"https:\/\/api.w.org\/{rel}","templated":true}]}}