{"id":1861,"date":"2017-11-02T13:00:18","date_gmt":"2017-11-02T11:00:18","guid":{"rendered":"http:\/\/www250.e1016.servidornet.com\/?page_id=1861"},"modified":"2017-11-27T18:26:49","modified_gmt":"2017-11-27T16:26:49","slug":"facturation","status":"publish","type":"page","link":"https:\/\/www.datinza.com\/index.php\/fr\/ordres-pharmaciens\/facturation\/","title":{"rendered":"Facturation"},"content":{"rendered":"<p><!--<meta name=\"viewport\" content=\"width=device-width, initial-scale=1\">\n<link rel=\"stylesheet\" href=\"https:\/\/www.w3schools.com\/w3css\/4\/w3.css\"> --><br \/>\n<meta name=\"viewport\" content=\"width=device-width, initial-scale=1\">\n<link rel=\"stylesheet\" href=\"https:\/\/www.w3schools.com\/w3css\/4\/w3.css\">\n<div class=\"w3-row-padding \">\n<div class=\"w3-quarter\">\n       <img loading=\"lazy\" decoding=\"async\" class=\"aligncenter\" src=\"\/wp-content\/uploads\/2017\/06\/DF.png\" alt=\"editors\" width=\"160\" height=\"160\" \/>\n  <\/div>\n<div class=\"w3-rest w3-container\">\n<h4 style=\"text-align: left;\">Ordres Pharmaciens <\/h4>\n<p  class=\"tx1\"  style = \"color:#22a1c4;font-size: 130%;font-weight: regular; \" > Facturation et num\u00e9risation d\u2019ordonnances m\u00e9dicales <\/p>\n<p><!--\n\n\n<p class=\"tx1\" text-align: right;>Datinza realiza la gesti\u00f3n integral del proceso de dispensaci\u00f3n de la receta electr\u00f3nica mediante el desarrollo de un sistema adaptado a las necesidades de cada Colgeio y de los diferentes Servicios de Salud Auton\u00f3micos. <\/p>\n\n\n--><\/p>\n<p class=\"tx1\">Notre Centre de Processus de Donn\u00e9es est conforme \u00e0 toutes les normes techniques et l\u00e9gales exigibles \u00e0 ce type d\u2019installations: acc\u00e8s restreint et contr\u00f4l\u00e9, enregistrement continu d\u2019images,  contr\u00f4le de temp\u00e9rature et d\u2019humidit\u00e9, alimentation \u00e9lectrique autonome et redondante, connexion de donn\u00e9es par fibre redondante, protection incendie dans la structure et avec agent extincteur, surveillance intrusion connect\u00e9e \u00e0 centrale.\n <\/p>\n<\/p><\/div>\n<\/div>\n<div class=\"w3-container\" style=\" margin: 0% 0% 0% 20%; \">\n<div class=\"w3-row-padding\" style=\" margin: 5% 0% 0% 0%; \">\n<div class=\"w3-container w3-twothird\" style=\" text-align: left;  \">\n<p class=\"tx1\"   style = \"color:#196F8A;font-size: 110%;font-weight: regular; margin: 5% 5% 2% 15%; \"  >&#8718; Justificatifs de d\u00e9livrances \u00e9lectroniques<\/p>\n<p class=\"tx1\"  style=\"margin:0% 5% 0% 15%; color:#196F8A;\" > Num\u00e9risation et traitement de justificatifs <\/p>\n<p class=\"tx1\"  style=\"margin:0% 5% 0% 15%; \"   > Nous num\u00e9risons les justificatifs en nous adaptant aux diff\u00e9rents formats de chaque communaut\u00e9 autonome, en bouclant ainsi un processus complet et enti\u00e8rement centralis\u00e9, sans l\u2019intervention d&#8217;autres agents.<\/p>\n<\/p><\/div>\n<div class=\"w3-container w3-third\">\n   <img decoding=\"async\" class=\"aligncenter w3-round-large\"  src=\"\/wp-content\/uploads\/2017\/06\/MAQUINA.jpg\" alt=\"editors\"  style = \"width: 100%;height: auto;  \" \/>\n  <\/div>\n<\/div>\n<div class=\"w3-row-padding\"  style=\" margin: 5% 0% 0% 9%; \">\n<div class=\"w3-container w3-third\" style=\"padding: 4% 0% 0% 0%;\">\n   <img decoding=\"async\" class=\"aligncenter w3-round-large\"  src=\"\/wp-content\/uploads\/2017\/09\/digitalizacion_.jpg\" alt=\"editors\"  style = \"width: 100%;height: auto;  margin: 0% 0% 0% 0%;\"\/>\n  <\/div>\n<div class=\"w3-container w3-twothird\">\n<p class=\"tx1\"  style = \"color:#196F8A;font-size: 110%;font-weight: regular; margin: 5% 5% 2% 5%;\" >&#8718; Ordonnance papier<\/p>\n<p class=\"tx1\"  style=\"margin:0% 5% 0% 5%;color:#196F8A;\"> Num\u00e9risation<\/p>\n<p class=\"tx1\"  style=\"margin:0% 5% 5% 5%;;\">Nous num\u00e9risons cent pour cent des ordonnances m\u00e9dicales en nous adaptant aux exigences et caract\u00e9ristiques de chaque communaut\u00e9 autonome. Nous g\u00e9rons l\u2019envoi de donn\u00e9es et la facturation avant le 10 du mois suivant le mois \u00e9chu.<\/p>\n<p class=\"tx1\"  style=\"margin:0% 5% 0% 5%;color:#196F8A;\">R\u00e9sultats de facturation<\/p>\n<p class=\"tx1\"  style=\"margin:0% 5% 5% 5%;;\">Nous facturons les ordonnances directement aux services des d\u00e9partements de sant\u00e9 r\u00e9gionaux correspondants. Nous mettons \u00e0 la disposition des pharmacies les outils de contr\u00f4le et de consultation des donn\u00e9es de cette facturation.<\/p>\n<p class=\"tx1\"  style=\"margin:0% 5% 0% 5%;color:#196F8A;\">Archivage<\/p>\n<p class=\"tx1\"  style=\"margin:0% 5% 5% 5%;;\">En compl\u00e9ments, nous proposons un service d\u2019archivage et de garde des ordonnances trait\u00e9es dans notre magasin, \u00e9quip\u00e9 de la technologie la plus avanc\u00e9e en mati\u00e8re de s\u00e9curit\u00e9 et de protection.<\/p>\n<\/p><\/div>\n<\/div>\n<\/div>\n","protected":false},"excerpt":{"rendered":"<p>Ordres Pharmaciens Facturation et num\u00e9risation d\u2019ordonnances m\u00e9dicales Notre Centre de Processus de Donn\u00e9es est conforme \u00e0 toutes les normes techniques et l\u00e9gales exigibles \u00e0 ce type d\u2019installations: acc\u00e8s restreint et contr\u00f4l\u00e9, enregistrement continu d\u2019images, contr\u00f4le de temp\u00e9rature et d\u2019humidit\u00e9, alimentation \u00e9lectrique autonome et redondante, connexion de donn\u00e9es par fibre redondante, protection incendie dans la structure [&hellip;]<\/p>\n","protected":false},"author":1,"featured_media":1436,"parent":1853,"menu_order":0,"comment_status":"closed","ping_status":"closed","template":"page-full-width.php","meta":{"footnotes":""},"class_list":["post-1861","page","type-page","status-publish","has-post-thumbnail","hentry"],"_links":{"self":[{"href":"https:\/\/www.datinza.com\/index.php\/wp-json\/wp\/v2\/pages\/1861","targetHints":{"allow":["GET"]}}],"collection":[{"href":"https:\/\/www.datinza.com\/index.php\/wp-json\/wp\/v2\/pages"}],"about":[{"href":"https:\/\/www.datinza.com\/index.php\/wp-json\/wp\/v2\/types\/page"}],"author":[{"embeddable":true,"href":"https:\/\/www.datinza.com\/index.php\/wp-json\/wp\/v2\/users\/1"}],"replies":[{"embeddable":true,"href":"https:\/\/www.datinza.com\/index.php\/wp-json\/wp\/v2\/comments?post=1861"}],"version-history":[{"count":2,"href":"https:\/\/www.datinza.com\/index.php\/wp-json\/wp\/v2\/pages\/1861\/revisions"}],"predecessor-version":[{"id":2332,"href":"https:\/\/www.datinza.com\/index.php\/wp-json\/wp\/v2\/pages\/1861\/revisions\/2332"}],"up":[{"embeddable":true,"href":"https:\/\/www.datinza.com\/index.php\/wp-json\/wp\/v2\/pages\/1853"}],"wp:featuredmedia":[{"embeddable":true,"href":"https:\/\/www.datinza.com\/index.php\/wp-json\/wp\/v2\/media\/1436"}],"wp:attachment":[{"href":"https:\/\/www.datinza.com\/index.php\/wp-json\/wp\/v2\/media?parent=1861"}],"curies":[{"name":"wp","href":"https:\/\/api.w.org\/{rel}","templated":true}]}}