{"id":1914,"date":"2017-11-02T16:57:05","date_gmt":"2017-11-02T14:57:05","guid":{"rendered":"http:\/\/www250.e1016.servidornet.com\/?page_id=1914"},"modified":"2019-12-18T12:07:44","modified_gmt":"2019-12-18T10:07:44","slug":"empresa-2","status":"publish","type":"page","link":"https:\/\/www.datinza.com\/index.php\/empresa-2\/","title":{"rendered":"Empresa"},"content":{"rendered":"<br \/>\n<style>\n.page-title-col { display: block!important; } \n<\/style>\n<div  >\n<h4 style=\"text-align: center;\"> Empresa <\/h4>\n<\/p><\/div>\n<div class=\"w3-container  \">\n   <a style =\"  text-align: center; \"><br \/>\n<!--\n <img decoding=\"async\"   class=\"img-responsive wp-post-image\" alt=\"\"  src=\"\/wp-content\/uploads\/2017\/06\/PO01_.jpg\" style = \"width: 100%; margin: 0%; padding: 0%;\" \/>\n--><\/p>\n<p style = \"padding: 0% 4% 1% 4%;\">A Datinza nasce em 1997, centrando a o seu objeto na digitaliza\u00e7\u00e3o, processamento e gest\u00e3o de todo o tipo de documentos a alta velocidade.<\/p>\n<p style = \"padding: 1% 4% 1% 4%;\">Gra\u00e7as \u00e0 experi\u00eancia adquirida durante todo este tempo, fomos evoluindo at\u00e9 nos transformarmos em muito mais do que uma empresa de digitaliza\u00e7\u00e3o de documentos, capaz de oferecer servi\u00e7os de ponta na \u00e1rea da inform\u00e1tica e da tecnologia.<\/p>\n<p style = \"padding: 1% 4% 4% 4%;\">Contamos com um excelente grupo de profissionais especializados que lhe proporcionar\u00e3o um atendimento personalizado e direcionado para a consecu\u00e7\u00e3o dos melhores resultados. Trata-se de uma equipa formada e com experi\u00eancia nas diferentes tecnologias da informa\u00e7\u00e3o que contribui com solu\u00e7\u00f5es atrav\u00e9s do desenvolvimento de software e <em>apps<\/em>.<\/p>\n<p><\/a>\n  <\/div>\n<div align=\"center\"><video  autoplay loop style = \"width: 100%; height: auto; margin: 0 auto;\"><source src=\"\/wp-content\/uploads\/2017\/06\/DATINZA_05.mp4\" type=\"video\/mp4\" >Your browser does not support the video tag.<\/video>\n<\/div>\n<link rel=\"stylesheet\" href=\"https:\/\/www.w3schools.com\/w3css\/4\/w3.css\">\n<p><!-- SEPARADOR --><\/p>\n<p> .  <\/p>\n<div class=\"pagetitle-separator\">\n<div class=\"pagetitle-separator-border\">\n<div class=\"pagetitle-separator-box\"><\/div>\n<\/p><\/div>\n<\/p><\/div>\n<p><!-- FIN SEPARADOR --><\/p>\n<p><dic class=\"container\"><\/p>\n<div class=\"w3-row\">\n<div class=\"w3-third w3-container\">\n<div class=\"team-box\"  >\n       <img decoding=\"async\" width=\"256\" class=\"img-responsive wp-post-image\" alt=\"\" src=\"\/wp-content\/uploads\/2017\/06\/MISION_a.png\" \/>\n     <\/div>\n<div class=\"team-area\">\n<h5>Miss\u00e3o<span><\/span><\/h5>\n<div class=\"desi-seperate\"><\/div>\n<p>A nossa miss\u00e3o consiste em oferecer novidades tanto em servi\u00e7os de digitaliza\u00e7\u00e3o como em servi\u00e7os tecnol\u00f3gicos, bem como no desenvolvimento de software e apps. Desta forma, a Datinza pode definir-se como um agente motivador de mudan\u00e7as para os nossos clientes, capaz de criar solu\u00e7\u00f5es interativas que acrescentem valor e vantagens competitivas aos seus neg\u00f3cios de uma forma personalizada e pr\u00f3xima.<\/p>\n<\/p><\/div>\n<\/p><\/div>\n<div class=\"w3-third w3-container\">\n<div class=\"team-box\"  >\n       <img decoding=\"async\" width=\"256\" class=\"img-responsive wp-post-image\" alt=\"\" src=\"\/wp-content\/uploads\/2017\/06\/VISION_a.png\" \/>\n     <\/div>\n<div class=\"team-area\">\n<h5>Vis\u00e3o<span><\/span><\/h5>\n<div class=\"desi-seperate\"><\/div>\n<p>Na Datinza queremos ser concebidos como um referencial no nosso setor gra\u00e7as ao cont\u00ednuo crescimento como empresa, motivado pela inova\u00e7\u00e3o constante, a aprendizagem que nos proporcionam os nossos clientes e a experi\u00eancia e envolvimento de todos os nossos empregados. <\/p>\n<p style=\"color: white;\">.<\/p>\n<\/h5>\n<p style=\"color: white;\">.<\/p>\n<\/h5><\/div>\n<\/p><\/div>\n<div class=\"w3-third w3-container \">\n<div class=\"team-box\"  >\n       <img decoding=\"async\" width=\"256\" class=\"img-responsive wp-post-image\" alt=\"\" src=\"\/wp-content\/uploads\/2017\/06\/VALORES_a.png\" \/>\n     <\/div>\n<div class=\"team-area\">\n<h5>Valores<span><\/span><\/h5>\n<div class=\"desi-seperate\" style = \"text-align: left;\" ><\/div>\n<p class = \"tx1\"  style = \"text-align: left;\">&#8211;<b> Compromisso<\/b> de cumprir todas e cada uma das obriga\u00e7\u00f5es para com os nossos clientes.<br \/>\n&#8211;<b> Adaptabilidade<\/b> \u00e0s necessidades do cliente.<br \/>\n&#8211;<b> Proactividade<\/b> na hora de inovar e oferecer melhorias cont\u00ednuas nos nossos servi\u00e7os.<br \/>\n&#8211;<b> Ambi\u00e7\u00e3o<\/b> de evolu\u00e7\u00e3o como grupo com um projeto em constante desenvolvimento.<br \/>\n&#8211;<b> Transpar\u00eancia<\/b> total para com os nossos clientes.\n<\/p>\n<\/p><\/div>\n<\/p><\/div>\n<\/div><\/div>\n<p><!-- SEPARADOR --><\/p>\n<p> .  <\/p>\n<div class=\"pagetitle-separator\">\n<div class=\"pagetitle-separator-border\">\n<div class=\"pagetitle-separator-box\"><\/div>\n<\/p><\/div>\n<\/p><\/div>\n<p><!-- FIN SEPARADOR --><br \/>\n<!--   ------------------------------------------- --><\/p>\n<div style=\"text-align: center;\" class=\"w3-row-padding\">\n<div class=\"w3-third\" style=\"padding: 0px 10px 0px 10px ; \">\n<p><!--a href=\"#BIG_DATA\"><img decoding=\"async\" class=\"aligncenter\" src=\"\/wp-content\/uploads\/2017\/06\/logo_empresa_registrada.jpg\" alt=\"editors\" \/><\/a> \n     \n    \n    \n\n<p style=\"margin: 5% 10% 0% 10%!important;\">Certifica\u00e7\u00e3o AENOR de Sistema de Gest\u00e3o da <a style=\"color:#01A9DB;\" href=\"index.php\/politica-de-calidad\"><strong>Qualidade<\/strong><\/a>Qualidade com base na UNE-EN ISO 9001:2015<\/p-->\n <\/div>\n<div class=\"w3-third\" style=\"padding: 0px 10px 0px 10px ; \"> <a href=\"#PERSONALIZADO\"><img decoding=\"async\" class=\"aligncenter\" src=\"\/wp-content\/uploads\/2017\/06\/logo_seguridad_informacion.jpg\" alt=\"editors\"   \/><\/a> <\/p>\n<p style=\"margin: 5% 10% 0% 10%!important;\">Certifica\u00e7\u00e3o AENOR de Sistema de Gest\u00e3o da Seguran\u00e7a da Informa\u00e7\u00e3o (SGSI) com base na UNE-ISO\/IEC 27001:2014<\/p>\n<\/p><\/div>\n<div class=\"w3-third\" style=\"padding: 0px 10px 0px 10px ; \">\n<p><!--a href=\"#WEB\"><img decoding=\"async\" class=\"aligncenter\" src=\"\/wp-content\/uploads\/2017\/06\/brand.gif\" alt=\"editors\"   width=\"100\" style=\"top:-10px;\" \/><\/a> \n\n     \n   \n    \n\n<p style=\"margin: 5% 10% 0% 10%!important;\">Certificado IQNET para \"O design e a presta\u00e7\u00e3o do servi\u00e7o de digitaliza\u00e7\u00e3o e processamento de dados de documentos de texto e codificados\"<\/p-->\n  <\/div>\n<\/p><\/div>\n<p><!-- ----------------------------------------------- --><\/p>\n<div class=\"row\">\n<div class=\"callout-section\">\n<h3>Fale connosco.<\/h3>\n<p>Pergunte pelos nossos servi\u00e7os sem qualquer compromisso, estudaremos o seu caso dando-lhe uma resposta o mais breve poss\u00edvel.<br \/>\n\t\t\t\t<a class=\"normal-button  reverse\" href=\"\/index.php\/contacto\">Contactar<\/a>\n\t\t\t\t<\/p>\n<\/p><\/div>\n<\/div>\n","protected":false},"excerpt":{"rendered":"<p>Empresa A Datinza nasce em 1997, centrando a o seu objeto na digitaliza\u00e7\u00e3o, processamento e gest\u00e3o de todo o tipo de documentos a alta velocidade. Gra\u00e7as \u00e0 experi\u00eancia adquirida durante todo este tempo, fomos evoluindo at\u00e9 nos transformarmos em muito mais do que uma empresa de digitaliza\u00e7\u00e3o de documentos, capaz de oferecer servi\u00e7os de ponta [&hellip;]<\/p>\n","protected":false},"author":1,"featured_media":894,"parent":0,"menu_order":0,"comment_status":"closed","ping_status":"closed","template":"page-full-width.php","meta":{"footnotes":""},"class_list":["post-1914","page","type-page","status-publish","has-post-thumbnail","hentry"],"_links":{"self":[{"href":"https:\/\/www.datinza.com\/index.php\/wp-json\/wp\/v2\/pages\/1914","targetHints":{"allow":["GET"]}}],"collection":[{"href":"https:\/\/www.datinza.com\/index.php\/wp-json\/wp\/v2\/pages"}],"about":[{"href":"https:\/\/www.datinza.com\/index.php\/wp-json\/wp\/v2\/types\/page"}],"author":[{"embeddable":true,"href":"https:\/\/www.datinza.com\/index.php\/wp-json\/wp\/v2\/users\/1"}],"replies":[{"embeddable":true,"href":"https:\/\/www.datinza.com\/index.php\/wp-json\/wp\/v2\/comments?post=1914"}],"version-history":[{"count":7,"href":"https:\/\/www.datinza.com\/index.php\/wp-json\/wp\/v2\/pages\/1914\/revisions"}],"predecessor-version":[{"id":2424,"href":"https:\/\/www.datinza.com\/index.php\/wp-json\/wp\/v2\/pages\/1914\/revisions\/2424"}],"wp:featuredmedia":[{"embeddable":true,"href":"https:\/\/www.datinza.com\/index.php\/wp-json\/wp\/v2\/media\/894"}],"wp:attachment":[{"href":"https:\/\/www.datinza.com\/index.php\/wp-json\/wp\/v2\/media?parent=1914"}],"curies":[{"name":"wp","href":"https:\/\/api.w.org\/{rel}","templated":true}]}}