{"id":1921,"date":"2017-11-02T17:32:02","date_gmt":"2017-11-02T15:32:02","guid":{"rendered":"http:\/\/www250.e1016.servidornet.com\/?page_id=1921"},"modified":"2020-01-13T16:53:41","modified_gmt":"2020-01-13T14:53:41","slug":"ordens-dos-farmaceuticos","status":"publish","type":"page","link":"https:\/\/www.datinza.com\/index.php\/pt\/ordens-dos-farmaceuticos\/","title":{"rendered":"Ordens dos farmac\u00eauticos"},"content":{"rendered":"<link rel=\"stylesheet\" href=\"https:\/\/www.w3schools.com\/w3css\/4\/w3.css\">\n<div class=\"w3-row\">\n <!-- \n\n<div class=\"w3-container w3-quarter\"> --><\/p>\n<div class=\"w3-container w3-third\">\n    <video  autoplay  style = \"position: center;width: 100%; height: auto; margin: 0 auto; padding:  0% 4% 0% 0%;\"><source src=\"\/wp-content\/uploads\/2017\/06\/MAPA_ES_DATINZA_3.mp4\" type=\"video\/mp4\" ><\/div>\n<p> <!-- \n\n<div class=\"w3-container w3-threequarter\"> --><\/p>\n<div class=\"w3-container w3-twothird\">\n<h4 style=\"text-align: left; margin: 0% 0% 5% 0%!important;\">Ordres Pharmaciens<\/h4>\n<p style=\"text-align: left; padding:  0% 14% 0% 0%;\">A Datinza trabalha com <b>32 Ordens de Farmac\u00eauticos<\/b> por toda a Espanha, num total de <b>13 Comunidades Aut\u00f3nomas<\/b>, o que nos proporcionou uma grande experi\u00eancia e permite adaptarmo-nos \u00e0s necessidades particulares de cada um deles. Gra\u00e7as a isso, podemos afirmar que somos l\u00edderes em receita eletr\u00f3nica a n\u00edvel nacional e que continuamos a inovar para oferecer aos nossos clientes novos e melhores servi\u00e7os.<\/p>\n<p style=\"text-align: left;  padding: 0% 14% 0% 0%;\">O nosso departamento t\u00e9cnico concebe e desenvolve solu\u00e7\u00f5es aos desafios apresentados pelo cliente, quer porque este surge com novas necessidades quer porque assim lho exigem as mudan\u00e7as legislativas ou normativas.<\/p>\n<p>&nbsp;\n  <\/p><\/div>\n<\/div>\n<div style=\"text-align: center;\">\n<p><!--\n\n\n<h1>Prueba<\/h1>\n\n\n--><\/p>\n<\/div>\n<div class=\"w3-row-padding\" style=\"text-align: center;\">\n<div class=\"w3-quarter\" style=\"padding: 0px 10px 0px 10px;\">\n<p><a href=\"\/index.php\/pt\/ordens-dos-farmaceuticos\/dispensa-de-receita-eletronica\/\"><img loading=\"lazy\" decoding=\"async\" class=\"aligncenter\" src=\"\/wp-content\/uploads\/2017\/06\/RE.png\" alt=\"editors\" width=\"103\" height=\"103\" \/><\/a><\/p>\n<h5>Dispensa para Receta Eletr\u00f3nica<br \/><\/h5>\n<p><!--<a href=\"#DISPENSACION\"><img loading=\"lazy\" decoding=\"async\" class=\"aligncenter\" src=\"\/wp-content\/uploads\/2017\/06\/RE.png\" alt=\"editors\" width=\"103\" height=\"103\" \/><\/a>\n\n\n<h5>Dispensa para Receta Eletr\u00f3nica<br \/><\/h5>\n\n --><\/p>\n<p>Desenvolvemos os servi\u00e7os de integra\u00e7\u00e3o do Nodo Colegial entre farm\u00e1cias e Departamento de Sa\u00fade, bem como os servi\u00e7os espec\u00edficos dos COFs (Ordens dos Farmac\u00eauticos) com os quais trabalhamos.<\/p>\n<\/div>\n<div class=\"w3-quarter\" style=\"padding: 0px 10px 0px 10px;\">\n<p><a href=\"\/index.php\/pt\/ordens-dos-farmaceuticos\/faturacao\/\"><img loading=\"lazy\" decoding=\"async\" class=\"aligncenter\" src=\"\/wp-content\/uploads\/2017\/06\/DF.png\" alt=\"editors\" width=\"103\" height=\"103\" \/><\/a><\/p>\n<h5>Digitaliza\u00e7\u00e3o e Fatura\u00e7\u00e3o de Receita Farmac\u00eautica<\/h5>\n<p>Tanto de receita em papel tradicional como os justificantes da receita eletr\u00f3nica<\/p>\n<\/div>\n<div class=\"w3-quarter\" style=\"padding: 0px 10px 0px 10px;\">\n<p><a href=\"\/index.php\/pt\/ordens-dos-farmaceuticos\/secretaria\/\"><img loading=\"lazy\" decoding=\"async\" class=\"aligncenter\" src=\"\/wp-content\/uploads\/2017\/06\/ERP.png\" alt=\"editors\" width=\"103\" height=\"103\" \/><\/a><\/p>\n<h5>Secretaria virtual<br \/>\n(ERP)<\/h5>\n<p>Inclui servi\u00e7os de an\u00e1lise de dados e gr\u00e1ficos<\/p>\n<\/div>\n<div class=\"w3-quarter\" style=\"padding: 0px 10px 0px 10px;\">\n<p><a href=\"\/index.php\/pt\/ordens-dos-farmaceuticos\/aplicacoes-e-programas-para-as-ordens-dos-farmaceuticos\/\"><img loading=\"lazy\" decoding=\"async\" class=\"aligncenter\" src=\"\/wp-content\/uploads\/2017\/06\/DSOFT.png\" alt=\"editors\" width=\"103\" height=\"103\" \/><\/a><\/p>\n<h5>Aplica\u00e7\u00f5es e Programas<br \/><\/h5>\n<p>Personalizamos as suas solu\u00e7\u00f5es tanto para secret\u00e1ria, dispositivos m\u00f3veis ou web\n<\/p>\n<\/div>\n<\/div>\n","protected":false},"excerpt":{"rendered":"<p>Ordres Pharmaciens A Datinza trabalha com 32 Ordens de Farmac\u00eauticos por toda a Espanha, num total de 13 Comunidades Aut\u00f3nomas, o que nos proporcionou uma grande experi\u00eancia e permite adaptarmo-nos \u00e0s necessidades particulares de cada um deles. Gra\u00e7as a isso, podemos afirmar que somos l\u00edderes em receita eletr\u00f3nica a n\u00edvel nacional e que continuamos a [&hellip;]<\/p>\n","protected":false},"author":1,"featured_media":0,"parent":0,"menu_order":0,"comment_status":"closed","ping_status":"closed","template":"page-full-width.php","meta":{"footnotes":""},"class_list":["post-1921","page","type-page","status-publish","hentry"],"_links":{"self":[{"href":"https:\/\/www.datinza.com\/index.php\/wp-json\/wp\/v2\/pages\/1921","targetHints":{"allow":["GET"]}}],"collection":[{"href":"https:\/\/www.datinza.com\/index.php\/wp-json\/wp\/v2\/pages"}],"about":[{"href":"https:\/\/www.datinza.com\/index.php\/wp-json\/wp\/v2\/types\/page"}],"author":[{"embeddable":true,"href":"https:\/\/www.datinza.com\/index.php\/wp-json\/wp\/v2\/users\/1"}],"replies":[{"embeddable":true,"href":"https:\/\/www.datinza.com\/index.php\/wp-json\/wp\/v2\/comments?post=1921"}],"version-history":[{"count":12,"href":"https:\/\/www.datinza.com\/index.php\/wp-json\/wp\/v2\/pages\/1921\/revisions"}],"predecessor-version":[{"id":2430,"href":"https:\/\/www.datinza.com\/index.php\/wp-json\/wp\/v2\/pages\/1921\/revisions\/2430"}],"wp:attachment":[{"href":"https:\/\/www.datinza.com\/index.php\/wp-json\/wp\/v2\/media?parent=1921"}],"curies":[{"name":"wp","href":"https:\/\/api.w.org\/{rel}","templated":true}]}}