{"id":1923,"date":"2017-11-02T17:37:55","date_gmt":"2017-11-02T15:37:55","guid":{"rendered":"http:\/\/www250.e1016.servidornet.com\/?page_id=1923"},"modified":"2017-11-27T18:25:30","modified_gmt":"2017-11-27T16:25:30","slug":"dispensa-de-receita-eletronica","status":"publish","type":"page","link":"https:\/\/www.datinza.com\/index.php\/pt\/ordens-dos-farmaceuticos\/dispensa-de-receita-eletronica\/","title":{"rendered":"Dispensa de Receita Eletr\u00f3nica"},"content":{"rendered":"<p><!--<meta name=\"viewport\" content=\"width=device-width, initial-scale=1\">\n<link rel=\"stylesheet\" href=\"https:\/\/www.w3schools.com\/w3css\/4\/w3.css\"> --><br \/>\n<meta name=\"viewport\" content=\"width=device-width, initial-scale=1\">\n<link rel=\"stylesheet\" href=\"https:\/\/www.w3schools.com\/w3css\/4\/w3.css\">\n<A name=\"DISPENSACION\"><\/A><\/p>\n<div class=\"w3-row-padding \">\n<div class=\"w3-quarter\">\n<p><!--  <img loading=\"lazy\" decoding=\"async\" class=\"aligncenter\" src=\"\/wp-content\/uploads\/2017\/06\/RE.png\" alt=\"editors\" width=\"160\" height=\"160\" \/> -->\n  <\/div>\n<div class=\"w3-rest w3-container\">\n<h4 style=\"text-align: left;\">Ordres Pharmaciens<\/h4>\n<p  class=\"tx1\"  style = \"color:#22a1c4;font-size: 130%;font-weight: regular; \" > D\u00e9livrance d\u2019ordonnance \u00e9lectronique <\/p>\n<p class=\"tx1\"> A Datinza realiza a gest\u00e3o integral do processo de dispensa da receita eletr\u00f3nica mediante o desenvolvimento de um sistema adaptado \u00e0s necessidades de cada Ordem e dos diferentes Servi\u00e7os de Sa\u00fade Auton\u00f3micos.<\/p>\n<p class=\"tx1\" >O servi\u00e7o inclui consultoria e acompanhamento de todas as fases do processo desde a dispensa na farm\u00e1cia at\u00e9 \u00e0 explora\u00e7\u00e3o de dados posterior.\n <\/p>\n<\/p><\/div>\n<\/div>\n<div class=\"w3-row-padding \">\n<div class=\"w3-quarter \">\n<div class=\"imagen_vertical \">   <img decoding=\"async\" class=\"aligncenter\"  src=\"\/wp-content\/uploads\/2017\/09\/CPD_.jpg\" alt=\"editors\"  style = \"width: 100%;height: 100%;  \" \/>\n    <\/div>\n<\/p><\/div>\n<div class=\"w3-rest w3-container\" >\n<p class=\"tx1\"  style = \"color:#196F8A;font-size: 110%;font-weight: regular; margin: 5% 5% 2% 10%;\" > Housing <\/p>\n<ul style=\"list-style-type: square;  margin: 0% 10% 0% 10%;\">\n<li>\n<p style=\"margin:0;\"> Oferecemos o servi\u00e7o de guarda de dados, com acesso 365\u00d724 a partir de qualquer lugar com liga\u00e7\u00e3o.<\/p>\n<\/li>\n<li>\n<p style=\"margin:0;\"> Desenvolvemos os protocolos de comunica\u00e7\u00e3o, o software e a interface necess\u00e1ria para a sua consulta.<\/p>\n<\/li>\n<li>\n<p style=\"margin:0;\"> O nosso sistema de Gest\u00e3o da Seguran\u00e7a da Informa\u00e7\u00e3o esta certificado e auditado pela AENOR, de acordo com a norma ISO 27001 de Prote\u00e7\u00e3o de Dados. Pelo tipo de informa\u00e7\u00e3o que gerimos, somos obrigados a submetermo-nos a auditorias bianuais.<\/p>\n<\/li>\n<\/ul>\n<p class=\"tx1\"  style = \"color:#196F8A;font-size: 110%;font-weight: regular; margin: 5% 5% 2% 10%;\" > CPD<\/p>\n<p class=\"tx1\" style=\"margin: 0% 5% 0% 10%;\">O nosso Centro de Processo de Dados cumpre com todos os standards t\u00e9cnicos e legais exig\u00edveis a este tipo de instala\u00e7\u00f5es:<\/p>\n<\/p>\n<ul style=\"list-style-type: square; margin: 0% 10% 0% 10%;\">\n<li>\n<p style=\"margin:0;\">Acesso restringido e controlado.<\/p>\n<\/li>\n<li>\n<p style=\"margin:0;\">Grava\u00e7\u00e3o cont\u00ednua de imagens<\/p>\n<\/li>\n<li>\n<p style=\"margin:0;\">Controlo de temperatura e humidade.<\/p>\n<\/li>\n<li>\n<p style=\"margin:0;\">Alimenta\u00e7\u00e3o el\u00e9trica aut\u00f3noma e redundante.<\/p>\n<\/li>\n<li>\n<p style=\"margin:0;\">Liga\u00e7\u00e3o de dados por fibra redundante.<\/p>\n<\/li>\n<li>\n<p style=\"margin:0;\">Prote\u00e7\u00e3o anti-inc\u00eandios na estrutura e com agente extintor.<\/p>\n<\/li>\n<li>\n<p style=\"margin:0;\">Vigil\u00e2ncia de intrusos ligada \u00e0 central.<\/p>\n<\/li>\n<\/ul><\/div>\n<\/div>\n","protected":false},"excerpt":{"rendered":"<p>Ordres Pharmaciens D\u00e9livrance d\u2019ordonnance \u00e9lectronique A Datinza realiza a gest\u00e3o integral do processo de dispensa da receita eletr\u00f3nica mediante o desenvolvimento de um sistema adaptado \u00e0s necessidades de cada Ordem e dos diferentes Servi\u00e7os de Sa\u00fade Auton\u00f3micos. O servi\u00e7o inclui consultoria e acompanhamento de todas as fases do processo desde a dispensa na farm\u00e1cia at\u00e9 [&hellip;]<\/p>\n","protected":false},"author":1,"featured_media":1463,"parent":1921,"menu_order":0,"comment_status":"closed","ping_status":"closed","template":"page-full-width.php","meta":{"footnotes":""},"class_list":["post-1923","page","type-page","status-publish","has-post-thumbnail","hentry"],"_links":{"self":[{"href":"https:\/\/www.datinza.com\/index.php\/wp-json\/wp\/v2\/pages\/1923","targetHints":{"allow":["GET"]}}],"collection":[{"href":"https:\/\/www.datinza.com\/index.php\/wp-json\/wp\/v2\/pages"}],"about":[{"href":"https:\/\/www.datinza.com\/index.php\/wp-json\/wp\/v2\/types\/page"}],"author":[{"embeddable":true,"href":"https:\/\/www.datinza.com\/index.php\/wp-json\/wp\/v2\/users\/1"}],"replies":[{"embeddable":true,"href":"https:\/\/www.datinza.com\/index.php\/wp-json\/wp\/v2\/comments?post=1923"}],"version-history":[{"count":5,"href":"https:\/\/www.datinza.com\/index.php\/wp-json\/wp\/v2\/pages\/1923\/revisions"}],"predecessor-version":[{"id":2329,"href":"https:\/\/www.datinza.com\/index.php\/wp-json\/wp\/v2\/pages\/1923\/revisions\/2329"}],"up":[{"embeddable":true,"href":"https:\/\/www.datinza.com\/index.php\/wp-json\/wp\/v2\/pages\/1921"}],"wp:featuredmedia":[{"embeddable":true,"href":"https:\/\/www.datinza.com\/index.php\/wp-json\/wp\/v2\/media\/1463"}],"wp:attachment":[{"href":"https:\/\/www.datinza.com\/index.php\/wp-json\/wp\/v2\/media?parent=1923"}],"curies":[{"name":"wp","href":"https:\/\/api.w.org\/{rel}","templated":true}]}}