{"id":1930,"date":"2017-11-02T18:39:19","date_gmt":"2017-11-02T16:39:19","guid":{"rendered":"http:\/\/www250.e1016.servidornet.com\/?page_id=1930"},"modified":"2017-11-27T18:29:20","modified_gmt":"2017-11-27T16:29:20","slug":"secretaria","status":"publish","type":"page","link":"https:\/\/www.datinza.com\/index.php\/pt\/ordens-dos-farmaceuticos\/secretaria\/","title":{"rendered":"Secretaria"},"content":{"rendered":"<p><!--<meta name=\"viewport\" content=\"width=device-width, initial-scale=1\">\n<link rel=\"stylesheet\" href=\"https:\/\/www.w3schools.com\/w3css\/4\/w3.css\"> --><br \/>\n<meta name=\"viewport\" content=\"width=device-width, initial-scale=1\">\n<link rel=\"stylesheet\" href=\"https:\/\/www.w3schools.com\/w3css\/4\/w3.css\">\n<h4 style=\"text-align: center;\">Ordens dos farmac\u00eauticos<\/h4>\n<p><img loading=\"lazy\" decoding=\"async\" class=\"aligncenter\" src=\"\/wp-content\/uploads\/2017\/06\/ERP.png\" alt=\"editors\" width=\"160\" height=\"160\" \/> <\/p>\n<p  class=\"tx1\"  style = \"color:#22a1c4;font-size: 130%;font-weight: regular; margin: 0% 0% 5% 0%; text-align: center;\" > Secretaria Virtual <br \/>(ERP)<\/p>\n<div class=\"w3-row-padding  w3-container\">\n<div class=\"w3-threequarter w3-container\" >\n<p class=\"tx1\"  style = \"color:#196F8A;font-size: 110%;font-weight: regular; margin: 5% 5% 2% 10%;\" >Programa DATINZA-ERP<\/p>\n<p class=\"tx1\" style=\"margin: 0% 5% 0% 10%;\">Desenvolvimento \u00e0 medida de uma secretaria virtual espec\u00edfica para as Ordens dos Farmac\u00eauticos (COF). Esta plataforma cobre todas as dilig\u00eancias habituais que s\u00e3o realizadas nos referidos organismos oficiais.<\/p>\n<p class=\"tx1\" style=\"margin: 0% 5% 0% 10%;\">\u00c9 composto por uma s\u00e9rie de m\u00f3dulos principais e comuns que contemplam todas as dilig\u00eancias standard dos COF (Ordens dos Farmac\u00eauticos):\n<\/p>\n<ul style=\"list-style-type: square;  margin: 3% 10% 0% 10%;\">\n<li>\n<p style=\"margin:0;\">Gest\u00e3o de fichas de associados.<\/p>\n<\/li>\n<li>\n<p style=\"margin:0;\">Gest\u00e3o das suas farm\u00e1cias associadas.<\/p>\n<\/li>\n<li>\n<p style=\"margin:0;\">Gest\u00e3o do pagamento de recibos por parte dos associados.<\/p>\n<\/li>\n<li>\n<p style=\"margin:0;\">Gest\u00e3o de liquida\u00e7\u00f5es de farm\u00e1cia.<\/p>\n<\/li>\n<li>\n<p style=\"margin:0;\">Registo oficial de documentos da Ordem.<\/p>\n<\/li>\n<\/ul>\n<p class=\"tx1\" style=\"margin: 3% 5% 0% 10%;\"> Gra\u00e7as \u00e0 experi\u00eancia da nossa equipa de desenvolvimento, podemos adaptar-nos e assessorar acerca da gest\u00e3o dos recursos inform\u00e1ticos do COF (Ordens dos Farmac\u00eauticos) se for necess\u00e1rio.<\/p>\n<p class=\"tx1\"  style = \"color:#196F8A;font-size: 110%;font-weight: regular; margin: 5% 5% 2% 10%;\" >Portal DATINZA-ERP Web<\/p>\n<p class=\"tx1\" style=\"margin: 0% 5% 0% 10%;\">Todas as dilig\u00eancias realizadas no COF (Ordens dos Farmac\u00eauticos) com o programa DATINZA-ERP, podem ser consultadas online com o nosso portal Web:<\/p>\n<\/p>\n<ul style=\"list-style-type: square; margin: 0% 10% 0% 10%;\">\n<li>\n<p style=\"margin:0;\">Acesso restringido e controlado.<\/p>\n<\/li>\n<li>\n<p style=\"margin:0;\">Todas as dilig\u00eancias relativas a um associado dentro do COF (Ordens dos Farmac\u00eauticos) podem ser visualizadas por este na \u00e1rea privada de cada utilizador. Por exemplo, consultar o valor total dos recibos pagos num ano, ou visualizar um registo de documentos e descarreg\u00e1-lo.<\/p>\n<\/li>\n<li>\n<p style=\"margin:0;\">Les clients peuvent obtenir des services personnalis\u00e9s sous forme de statistiques ou de graphiques suppl\u00e9mentaires, en vue d\u2019am\u00e9liorer l\u2019utilit\u00e9 du service et de nous adapter \u00e0 leurs n\u00e9cessit\u00e9s.<\/p>\n<\/li>\n<\/ul><\/div>\n<div class=\"w3-quarter  w3-container\">\n<div class=\"imagen_vertical \" style = \"margin: 35% 0% 0% 0%;\">   <img decoding=\"async\" class=\"aligncenter\"  src=\"\/wp-content\/uploads\/2017\/06\/PO01.jpg\" alt=\"editors\"  style = \"width: 100%;height: 100%;  \"  \/>\n    <\/div>\n<\/p><\/div>\n<\/div>\n","protected":false},"excerpt":{"rendered":"<p>Ordens dos farmac\u00eauticos Secretaria Virtual (ERP) Programa DATINZA-ERP Desenvolvimento \u00e0 medida de uma secretaria virtual espec\u00edfica para as Ordens dos Farmac\u00eauticos (COF). Esta plataforma cobre todas as dilig\u00eancias habituais que s\u00e3o realizadas nos referidos organismos oficiais. \u00c9 composto por uma s\u00e9rie de m\u00f3dulos principais e comuns que contemplam todas as dilig\u00eancias standard dos COF (Ordens [&hellip;]<\/p>\n","protected":false},"author":1,"featured_media":1450,"parent":1921,"menu_order":0,"comment_status":"closed","ping_status":"closed","template":"page-full-width.php","meta":{"footnotes":""},"class_list":["post-1930","page","type-page","status-publish","has-post-thumbnail","hentry"],"_links":{"self":[{"href":"https:\/\/www.datinza.com\/index.php\/wp-json\/wp\/v2\/pages\/1930","targetHints":{"allow":["GET"]}}],"collection":[{"href":"https:\/\/www.datinza.com\/index.php\/wp-json\/wp\/v2\/pages"}],"about":[{"href":"https:\/\/www.datinza.com\/index.php\/wp-json\/wp\/v2\/types\/page"}],"author":[{"embeddable":true,"href":"https:\/\/www.datinza.com\/index.php\/wp-json\/wp\/v2\/users\/1"}],"replies":[{"embeddable":true,"href":"https:\/\/www.datinza.com\/index.php\/wp-json\/wp\/v2\/comments?post=1930"}],"version-history":[{"count":3,"href":"https:\/\/www.datinza.com\/index.php\/wp-json\/wp\/v2\/pages\/1930\/revisions"}],"predecessor-version":[{"id":2337,"href":"https:\/\/www.datinza.com\/index.php\/wp-json\/wp\/v2\/pages\/1930\/revisions\/2337"}],"up":[{"embeddable":true,"href":"https:\/\/www.datinza.com\/index.php\/wp-json\/wp\/v2\/pages\/1921"}],"wp:featuredmedia":[{"embeddable":true,"href":"https:\/\/www.datinza.com\/index.php\/wp-json\/wp\/v2\/media\/1450"}],"wp:attachment":[{"href":"https:\/\/www.datinza.com\/index.php\/wp-json\/wp\/v2\/media?parent=1930"}],"curies":[{"name":"wp","href":"https:\/\/api.w.org\/{rel}","templated":true}]}}