{"id":1935,"date":"2017-11-02T18:51:12","date_gmt":"2017-11-02T16:51:12","guid":{"rendered":"http:\/\/www250.e1016.servidornet.com\/?page_id=1935"},"modified":"2017-11-28T10:37:18","modified_gmt":"2017-11-28T08:37:18","slug":"digitalizador-de-alta-velocidade","status":"publish","type":"page","link":"https:\/\/www.datinza.com\/index.php\/pt\/digitalizador-de-alta-velocidade\/","title":{"rendered":"Digitalizador de alta velocidade"},"content":{"rendered":"<link rel=\"stylesheet\" href=\"https:\/\/www.w3schools.com\/w3css\/4\/w3.css\">\n<style>\n.blog-post-title {padding:0 !important;}\n<\/style>\n<section>\n<!-- \n\n<h4 style=\"text-align:center;\">Proyecto DIZ-98TR<\/h4>\n\n--><br \/>\n<video  autoplay loop style=\"display:block; width:70%; margin-right:2%; shape-outside: content-box(1% round 45%);  float: left;shape-outside-margin: .5%;\" \n<source src=\"\/wp-content\/uploads\/2017\/09\/Maquina_web_03.mp4\" type=\"video\/mp4\" >Your browser does not support the video tag.<\/video><\/p>\n<p>Em 1998 a companhia decidiu romper com a forma tradicional de digitaliza\u00e7\u00e3o que at\u00e9 ent\u00e3o tinham seguido as empresas do setor com uma grande aposta, tanto econ\u00f3mica como de altera\u00e7\u00f5es de todo o seu processo de trabalho. Esta aposta, com um alto componente de risco, realizou-se em colabora\u00e7\u00e3o com o Centro Polit\u00e9cnico Superior da Universidade de Sarago\u00e7a e com o Instituto Tecnol\u00f3gico de Arag\u00e3o.<\/p>\n<p>Com o objetivo de mecanizar o processo, o primeiro prot\u00f3tipo conseguiu uma velocidade de digitaliza\u00e7\u00e3o de 7 documentos por segundo. Atualmente as nossas m\u00e1quinas t\u00eam uma velocidade de 12 documentos por segundo, al\u00e9m de decodificar m\u00faltiplos c\u00f3digos 1D e 2D ou realizar reconhecimento \u00f3tico de caracteres (OCR), permitindo assim obter tamb\u00e9m a informa\u00e7\u00e3o contida nos documentos para a sua posterior an\u00e1lise e armazenamento em bases de dados.<\/p>\n<p>A incorpora\u00e7\u00e3o deste novo tipo de m\u00e1quina ao processo de trabalho aumentou a produtividade de forma exponencial. A rapidez do servi\u00e7o, unida \u00e0 taxa de erro mais baixa do mercado e ao pre\u00e7o permitiu \u00e0 empresa ir ganhando quota de mercado, e \u00e9 j\u00e1 o maior fornecedor deste servi\u00e7o do pa\u00eds. Neste tempo passou-se, no \u00e2mbito da \u00e1rea da sa\u00fade, de digitalizar nove milh\u00f5es de receitas em 10 dias a digitalizar mais de 50 milh\u00f5es de receitas.\/p><\/p>\n<\/section>\n","protected":false},"excerpt":{"rendered":"","protected":false},"author":1,"featured_media":1432,"parent":0,"menu_order":0,"comment_status":"closed","ping_status":"closed","template":"page-full-width.php","meta":{"footnotes":""},"class_list":["post-1935","page","type-page","status-publish","has-post-thumbnail","hentry"],"_links":{"self":[{"href":"https:\/\/www.datinza.com\/index.php\/wp-json\/wp\/v2\/pages\/1935","targetHints":{"allow":["GET"]}}],"collection":[{"href":"https:\/\/www.datinza.com\/index.php\/wp-json\/wp\/v2\/pages"}],"about":[{"href":"https:\/\/www.datinza.com\/index.php\/wp-json\/wp\/v2\/types\/page"}],"author":[{"embeddable":true,"href":"https:\/\/www.datinza.com\/index.php\/wp-json\/wp\/v2\/users\/1"}],"replies":[{"embeddable":true,"href":"https:\/\/www.datinza.com\/index.php\/wp-json\/wp\/v2\/comments?post=1935"}],"version-history":[{"count":2,"href":"https:\/\/www.datinza.com\/index.php\/wp-json\/wp\/v2\/pages\/1935\/revisions"}],"predecessor-version":[{"id":2357,"href":"https:\/\/www.datinza.com\/index.php\/wp-json\/wp\/v2\/pages\/1935\/revisions\/2357"}],"wp:featuredmedia":[{"embeddable":true,"href":"https:\/\/www.datinza.com\/index.php\/wp-json\/wp\/v2\/media\/1432"}],"wp:attachment":[{"href":"https:\/\/www.datinza.com\/index.php\/wp-json\/wp\/v2\/media?parent=1935"}],"curies":[{"name":"wp","href":"https:\/\/api.w.org\/{rel}","templated":true}]}}