{"id":1939,"date":"2017-11-02T18:57:03","date_gmt":"2017-11-02T16:57:03","guid":{"rendered":"http:\/\/www250.e1016.servidornet.com\/?page_id=1939"},"modified":"2023-11-02T13:55:03","modified_gmt":"2023-11-02T11:55:03","slug":"innova-3","status":"publish","type":"page","link":"https:\/\/www.datinza.com\/index.php\/pt\/innova-3\/","title":{"rendered":"INNOVA"},"content":{"rendered":"<link rel=\"stylesheet\" href=\"https:\/\/www.w3schools.com\/w3css\/4\/w3.css\">\n<article class=\"col2 pad_left1\">\n<div class=\"wrapper\">\n<h2> <\/h2>\n<p>A <strong>Datinza<\/strong> oferece o design chave na m\u00e3o de sistemas de interroga\u00e7\u00e3o inteligentes em base de dados sem\u00e2nticas. No caso de n\u00e3o dispor de tais bases de dados, disp\u00f5e-se do conhecimento e da tecnologia necess\u00e1rios para acrescentar sem\u00e2ntica a qualquer tipo de base de dados.<\/p>\n<\/p><\/div>\n<h2>Proyecto CAU 1.0<\/h2>\n<div class=\"wrapper\">\n<p>A <strong>Datinza<\/strong>desenvolveu um software de acompanhamento de incid\u00eancias relacionado com a receita eletr\u00f3nica, para facilitar o suporte adequado em tempo e forma \u00e0s farm\u00e1cias.<\/p>\n<p>A novidade reside em que, atrav\u00e9s do uso dos resultados obtidos no quadro do projeto INNOVA-A1-064\/13, as solu\u00e7\u00f5es das diferentes incid\u00eancias v\u00e3o sendo armazenadas numa base de conhecimento que permite sugerir solu\u00e7\u00f5es na pr\u00f3pria fase de rece\u00e7\u00e3o dos pedidos, conseguindo desta forma reduzir os tempos de resposta por um lado e por outro inferir problemas mais globais em fun\u00e7\u00e3o da localiza\u00e7\u00e3o, tipo de incid\u00eancia, etc<\/p>\n<\/p><\/div>\n<h2>Proyecto INNOVA-A1-064\/13<\/h2>\n<div class=\"wrapper\">\n<p>A <strong>Datinza<\/strong>, desde a sua cria\u00e7\u00e3o, realizou uma aposta cont\u00ednua pela otimiza\u00e7\u00e3o da sua atividade produtiva, seguindo uma estrat\u00e9gia de inova\u00e7\u00e3o e desenvolvimento das nossas ferramentas e metodologias de trabalho.<\/p>\n<h3>&nbsp;<\/h3>\n<\/p><\/div>\n<div class=\"w3-row-padding \">\n<div class=\"w3-twothird\">\n            <iframe loading=\"lazy\" class=\"left marg_right1  w3-round-large\" align=\"right\" width=\"560\" height=\"315\" src=\"https:\/\/www.youtube.com\/embed\/f1t_t0bR2qo\" frameborder=\"0\" allowfullscreen><\/iframe><\/p>\n<\/div>\n<div class=\"w3-third\">\n<p>V\u00eddeo-apresenta\u00e7\u00e3o de um dos resultados obtidos no quadro do projeto INNOVA-A1-064\/13, cujo prot\u00f3tipo permite consultar uma base de conhecimento mediante intera\u00e7\u00e3o multimodal, incluindo um agente 3D com reconhecimento e s\u00edntese de voz.<\/p>\n<h4>&nbsp;<\/h4>\n<\/div>\n<\/div>\n<div class=\"w3-row-padding \" style=\"margin:5% 0% 0% 0%;\">\n<div class=\"w3-twothird\">\n<p>            <iframe loading=\"lazy\" class=\"left marg_right1  w3-round-large\"  align=\"right\" width=\"480\" height=\"360\" src=\"https:\/\/www.youtube.com\/embed\/lI7jP6wcMWM\" frameborder=\"0\" allowfullscreen><\/iframe>\n <\/div>\n<div class=\"w3-third\">\n<p><strong>V\u00eddeo de exemplo n&ordm;1<\/strong><\/p>\n<p>V\u00eddeo demonstrativo onde se pode ver uma consulta via voz relacionada com a \u00e1rea dos antibi\u00f3ticos.<\/p>\n<h4>\n            <\/h4>\n<\/div>\n<\/div>\n<div class=\"w3-row-padding \" style=\"margin:5% 0% 0% 0%;\">\n<div class=\"w3-twothird\">\n<p>          <iframe loading=\"lazy\" class=\"left marg_right1  w3-round-large\"  align=\"right\" width=\"480\" height=\"360\" src=\"https:\/\/www.youtube.com\/embed\/qQ54e5LEjEo\" frameborder=\"0\" allowfullscreen><\/iframe><\/p>\n<p>&nbsp;<\/p>\n<\/p><\/div>\n<div class=\"w3-third\">\n<p><strong>V\u00eddeo de exemplo n&ordm; 2<\/strong><\/p>\n<p>V\u00eddeo demonstrativo onde se pode ver uma consulta sem\u00e2ntica via voz sobre doen\u00e7as e transtornos.<\/p>\n<h4>\n          <\/h4>\n<\/p><\/div>\n<\/div>\n<div class=\"w3-row-padding \" style=\"margin:5% 0% 0% 0%;\">\n<div class=\"w3-twothird\">\n<p>              <iframe loading=\"lazy\" class=\"left marg_right1  w3-round-large\"  align=\"right\" width=\"480\" height=\"360\" src=\"https:\/\/www.youtube.com\/embed\/8rP9aug3SkQ\" frameborder=\"0\" allowfullscreen><\/iframe>\n  <\/div>\n<div class=\"w3-third\">\n<p> <strong>V\u00eddeo de exemplo n&ordm; 3<\/strong><\/p>\n<p>V\u00eddeo demonstrativo onde se pode ver uma procura sobre a Ind\u00fastria Farmac\u00eautica.<\/p>\n<\/article>\n<\/div>\n","protected":false},"excerpt":{"rendered":"<p>A Datinza oferece o design chave na m\u00e3o de sistemas de interroga\u00e7\u00e3o inteligentes em base de dados sem\u00e2nticas. No caso de n\u00e3o dispor de tais bases de dados, disp\u00f5e-se do conhecimento e da tecnologia necess\u00e1rios para acrescentar sem\u00e2ntica a qualquer tipo de base de dados. Proyecto CAU 1.0 A Datinzadesenvolveu um software de acompanhamento de [&hellip;]<\/p>\n","protected":false},"author":1,"featured_media":1252,"parent":0,"menu_order":0,"comment_status":"closed","ping_status":"closed","template":"page-full-width.php","meta":{"footnotes":""},"class_list":["post-1939","page","type-page","status-publish","has-post-thumbnail","hentry"],"_links":{"self":[{"href":"https:\/\/www.datinza.com\/index.php\/wp-json\/wp\/v2\/pages\/1939","targetHints":{"allow":["GET"]}}],"collection":[{"href":"https:\/\/www.datinza.com\/index.php\/wp-json\/wp\/v2\/pages"}],"about":[{"href":"https:\/\/www.datinza.com\/index.php\/wp-json\/wp\/v2\/types\/page"}],"author":[{"embeddable":true,"href":"https:\/\/www.datinza.com\/index.php\/wp-json\/wp\/v2\/users\/1"}],"replies":[{"embeddable":true,"href":"https:\/\/www.datinza.com\/index.php\/wp-json\/wp\/v2\/comments?post=1939"}],"version-history":[{"count":3,"href":"https:\/\/www.datinza.com\/index.php\/wp-json\/wp\/v2\/pages\/1939\/revisions"}],"predecessor-version":[{"id":2477,"href":"https:\/\/www.datinza.com\/index.php\/wp-json\/wp\/v2\/pages\/1939\/revisions\/2477"}],"wp:featuredmedia":[{"embeddable":true,"href":"https:\/\/www.datinza.com\/index.php\/wp-json\/wp\/v2\/media\/1252"}],"wp:attachment":[{"href":"https:\/\/www.datinza.com\/index.php\/wp-json\/wp\/v2\/media?parent=1939"}],"curies":[{"name":"wp","href":"https:\/\/api.w.org\/{rel}","templated":true}]}}