{"id":1960,"date":"2017-11-03T11:27:48","date_gmt":"2017-11-03T09:27:48","guid":{"rendered":"http:\/\/www250.e1016.servidornet.com\/?page_id=1960"},"modified":"2017-11-27T18:36:27","modified_gmt":"2017-11-27T16:36:27","slug":"espaco-cardio-protegido","status":"publish","type":"page","link":"https:\/\/www.datinza.com\/index.php\/pt\/espaco-cardio-protegido\/","title":{"rendered":"Espa\u00e7o c\u00e1rdio-protegido"},"content":{"rendered":"<link rel=\"stylesheet\" href=\"https:\/\/www.w3schools.com\/w3css\/4\/w3.css\">\n<style>\n.blog-post-title {padding:0 !important;}\n<\/style>\n<div class=\"w3-row\"  style=\"margin:4% 0% 0% 0%;\">\n<div class=\" w3-container w3-third\">\n      <img decoding=\"async\" class=\"aligncenter  w3-round-large\"  src=\"\/wp-content\/uploads\/2017\/09\/Espacio_Cardioprotegido.jpg\" alt=\"editors\"  style = \"width: 100%;   \" \/>\n  <\/div>\n<div class=\"w3-container w3-twothird\"  style=\"margin:1% 0% 0% 0%;\">\n<p >O compromisso social da Datinza S.A. vai para al\u00e9m da reciclagem, das alternativas eletr\u00f3nicas ao papel e dos investimentos em tecnol\u00f3gicas mais limpas e respons\u00e1veis com o meio. Junt\u00e1mo-nos este ano ao Projeto Salva-vidas e transform\u00e1mo-nos num Espa\u00e7o C\u00e1rdio-protegido. O que implica ser um espa\u00e7o c\u00e1rdio-protegido? Um lugar com desfibrilhadores externos semiautom\u00e1ticos (DESA) dispon\u00edveis para o pessoal n\u00e3o relacionados com a sa\u00fade em caso de paragem card\u00edaca.<\/p>\n<p >A certifica\u00e7\u00e3o de Espa\u00e7o C\u00e1rdio-protegido baseia-se em cinco itens:<\/p>\n<ul style=\"list-style-type: square; margin: 0% 5% 5% 5%;\">\n<li>\n<p style=\"margin:0;\"><b>DESFIBRILHADOR E DISTRIBUIDOR:<\/b> Normativas, seguros e cumprimento de regula\u00e7\u00f5es de venda de material.<\/p>\n<\/li>\n<li>\n<p style=\"margin:0;\"><b>INSTALA\u00c7\u00c3O:<\/b> Distribui\u00e7\u00e3o, localiza\u00e7\u00e3o e sinal\u00e9tica.<\/p>\n<\/li>\n<li>\n<p style=\"margin:0;\"><b>FFORMA\u00c7\u00c3O M\u00cdNIMA:<\/b> Acesso p\u00fablico \u00e0 desfibrilha\u00e7\u00e3o, 90 minutos, e regulamentar segundo normativas das diferentes CCAA.<\/p>\n<\/li>\n<li>\n<p style=\"margin:0;\"><b>MANUTEN\u00c7\u00c3O:<\/b>  Controlo de validade informatizada, tanto de baterias como de remendos.<\/p>\n<\/li>\n<li>\n<p style=\"margin:0;\"><b>RENOVA\u00c7\u00c3O:<\/b>  Bianual, reciclagem de forma\u00e7\u00e3o obrigat\u00f3ria, renova\u00e7\u00e3o de remendos y baterias.<\/p>\n<\/li>\n<\/ul>\n<p style=\"margin:5% 0% 0% 0%;\">Os primeiros minutos s\u00e3o cruciais para a v\u00edtima, sendo um tratamento adequado e precoce o que determinar\u00e1 a sua sobreviv\u00eancia. Em Espanha ocorrem aproximadamente 30.000 paragens card\u00edacas ao ano (uma a cada vinte minutos), provocando quatro vezes mais mortes do que por acidente de via\u00e7\u00e3o. Da\u00ed a raz\u00e3o da iniciativa e a vontade de contribuir com o nosso gr\u00e3ozinho de areia.\n<\/p>\n<\/p><\/div>\n<\/div>\n","protected":false},"excerpt":{"rendered":"<p>O compromisso social da Datinza S.A. vai para al\u00e9m da reciclagem, das alternativas eletr\u00f3nicas ao papel e dos investimentos em tecnol\u00f3gicas mais limpas e respons\u00e1veis com o meio. Junt\u00e1mo-nos este ano ao Projeto Salva-vidas e transform\u00e1mo-nos num Espa\u00e7o C\u00e1rdio-protegido. O que implica ser um espa\u00e7o c\u00e1rdio-protegido? Um lugar com desfibrilhadores externos semiautom\u00e1ticos (DESA) dispon\u00edveis para [&hellip;]<\/p>\n","protected":false},"author":1,"featured_media":2246,"parent":0,"menu_order":0,"comment_status":"closed","ping_status":"closed","template":"page-full-width.php","meta":{"footnotes":""},"class_list":["post-1960","page","type-page","status-publish","has-post-thumbnail","hentry"],"_links":{"self":[{"href":"https:\/\/www.datinza.com\/index.php\/wp-json\/wp\/v2\/pages\/1960","targetHints":{"allow":["GET"]}}],"collection":[{"href":"https:\/\/www.datinza.com\/index.php\/wp-json\/wp\/v2\/pages"}],"about":[{"href":"https:\/\/www.datinza.com\/index.php\/wp-json\/wp\/v2\/types\/page"}],"author":[{"embeddable":true,"href":"https:\/\/www.datinza.com\/index.php\/wp-json\/wp\/v2\/users\/1"}],"replies":[{"embeddable":true,"href":"https:\/\/www.datinza.com\/index.php\/wp-json\/wp\/v2\/comments?post=1960"}],"version-history":[{"count":2,"href":"https:\/\/www.datinza.com\/index.php\/wp-json\/wp\/v2\/pages\/1960\/revisions"}],"predecessor-version":[{"id":2353,"href":"https:\/\/www.datinza.com\/index.php\/wp-json\/wp\/v2\/pages\/1960\/revisions\/2353"}],"wp:featuredmedia":[{"embeddable":true,"href":"https:\/\/www.datinza.com\/index.php\/wp-json\/wp\/v2\/media\/2246"}],"wp:attachment":[{"href":"https:\/\/www.datinza.com\/index.php\/wp-json\/wp\/v2\/media?parent=1960"}],"curies":[{"name":"wp","href":"https:\/\/api.w.org\/{rel}","templated":true}]}}