{"id":2123,"date":"2017-11-06T14:46:09","date_gmt":"2017-11-06T12:46:09","guid":{"rendered":"http:\/\/www250.e1016.servidornet.com\/?page_id=2123"},"modified":"2017-11-27T18:32:48","modified_gmt":"2017-11-27T16:32:48","slug":"developpement-de-logiciel","status":"publish","type":"page","link":"https:\/\/www.datinza.com\/index.php\/fr\/services\/developpement-de-logiciel\/","title":{"rendered":"D\u00e9veloppement de logiciel"},"content":{"rendered":"<p><A name=\"HOME\"><\/A><\/p>\n<div > <A name=\"Desarrollo\"><\/A><\/p>\n<h4 style=\"text-align: center;\" > D\u00e9veloppement de logiciel<\/h4>\n<\/p><\/div>\n<p style=\"text-align: center;\">Chez Datinza nous comptons sur un service programmation avec un haut degr\u00e9 d\u2019exp\u00e9rience en d\u00e9veloppement de programmes et d\u2019applications. De plus, nous travaillons avec notre propre logiciel d\u00e9velopp\u00e9 par cette \u00e9quipe et qui nous permet de nous adapter enti\u00e8rement aux n\u00e9cessit\u00e9s de chaque client en fonction de ses caract\u00e9ristiques.<\/p>\n<p><!-- &nbsp; --><br \/>\n<\/p>\n<p><!--<meta name=\"viewport\" content=\"width=device-width, initial-scale=1\">\n<link rel=\"stylesheet\" href=\"https:\/\/www.w3schools.com\/w3css\/4\/w3.css\"> --><br \/>\n<meta name=\"viewport\" content=\"width=device-width, initial-scale=1\">\n<link rel=\"stylesheet\" href=\"https:\/\/www.w3schools.com\/w3css\/4\/w3.css\">\n<div style=\"text-align: center; class=\"w3-container w3-green\">\n <!-- \n\n<h1>Prueba<\/h1>\n\n --><\/p>\n<\/div>\n<div style=\"text-align: center;\" class=\"w3-row-padding\">\n<div class=\"w3-third\" style=\"padding: 0px 10px 0px 10px ; \"><a href=\"#BIG_DATA\"><img loading=\"lazy\" decoding=\"async\" class=\"aligncenter\" src=\"\/wp-content\/uploads\/2017\/06\/BIG_DATA.png\" alt=\"editors\" width=\"103\" height=\"103\" \/><\/a> <\/p>\n<h5>Gestion, analyse et <br \/>exploitation de donn\u00e9es<\/h5>\n<p>Datinza dispose de la technologie n\u00e9cessaire pour traiter de grandes quantit\u00e9s de donn\u00e9es et obtenir l&#8217;information importante qui permet d&#8217;assurer la gestion efficace des processus concern\u00e9s.<\/p>\n<\/p><\/div>\n<div class=\"w3-third\" style=\"padding: 0px 10px 0px 10px ; \"> <a href=\"#PERSONALIZADO\"><img loading=\"lazy\" decoding=\"async\" class=\"aligncenter\" src=\"\/wp-content\/uploads\/2017\/06\/MEDIDA.png\" alt=\"editors\" width=\"103\" height=\"103\" \/><\/a> <\/p>\n<h5  >Applications sur mesure <\/p>\n<p style=\"color: white;\">.<\/p>\n<\/h5>\n<p>Un logiciel ajust\u00e9 \u00e0 vos n\u00e9cessit\u00e9s et adaptable \u00e0 votre croissance.<\/p>\n<\/p><\/div>\n<div class=\"w3-third\" style=\"padding: 0px 10px 0px 10px ; \"><a href=\"#WEB\"><img loading=\"lazy\" decoding=\"async\" class=\"aligncenter\" src=\"\/wp-content\/uploads\/2017\/06\/WEB.png\" alt=\"editors\" width=\"103\" height=\"103\" \/><\/a> <\/p>\n<h5>Conception W<\/p>\n<p style=\"color: white;\">.<\/p>\n<\/h5>\n<p>Ouvrez votre entreprise \u00e0 l\u2019ext\u00e9rieur en projetant une image moderne \u00e0 vos clients.<\/p>\n<\/p><\/div>\n<\/p><\/div>\n<p><!-- SEPARADOR------------------------------------------------------------------------ --><\/p>\n<p style=\"color: white;\">.<\/p>\n<div class=\"pagetitle-separator\">\n<div class=\"pagetitle-separator-border\">\n            <A name=\"BIG_DATA\"><\/A><\/p>\n<div class=\"pagetitle-separator-box\"><\/div>\n<\/p><\/div>\n<\/p><\/div>\n<p><!-- FIN SEPARADOR------------------------------------------------------------------- --><\/p>\n<p><img loading=\"lazy\" decoding=\"async\" class=\"aligncenter\" src=\"\/wp-content\/uploads\/2017\/06\/BIG_DATA.png\" alt=\"editors\" width=\"160\" height=\"160\" \/> <\/p>\n<p  class=\"tx1\"  style = \"color:#22a1c4;font-size: 130%;font-weight: regular; margin: 0% 0% 1% 0%; text-align: center;\" >Gestion, analyse et exploitation de donn\u00e9es<br \/>(BIG DATA)<\/p>\n<p><!--\n \n\n<div  style = \"margin: 0% 0% 0% 0%;\">   <img decoding=\"async\" class=\"aligncenter  w3-round-large\"  src=\"\/wp-content\/uploads\/2017\/06\/G01.jpg\" alt=\"editors\"  style = \"width: 100%;height: 100%;  \"  \/> \n    <\/div>\n\n  \n--><\/p>\n<div align=\"center\"><video  autoplay loop style = \"width: 100%; height: auto; margin: 0 auto;\"><source src=\"\/wp-content\/uploads\/2017\/08\/BG_sl_2.mp4\" type=\"video\/mp4\" >Your browser does not support the video tag.<\/video>\n<\/div>\n<p style=\"padding: 5% 15% 0% 15% ; \">\nDatinza poss\u00e8de sa propre technologie pour extraire l&#8217;information importante \u00e0 partir de grandes quantit\u00e9s de donn\u00e9es avec diff\u00e9rentes typologies pour permettre l&#8217;analyse pr\u00e9dictive et la mine de donn\u00e9es.\n<\/p>\n<p>  <A name=\"PERSONALIZADO\"><\/A><\/p>\n<p style=\"padding: 0% 15% 0% 15% ; \">La visualisation des donn\u00e9es en temps r\u00e9el et les syst\u00e8mes d&#8217;alerte pr\u00e9coce sont quelques-uns de nos d\u00e9veloppements dans ce domaine, qui permettent de g\u00e9rer les processus et de conseiller dans la prise de d\u00e9cisions.<\/p>\n<p><!-- SEPARADOR------------------------------------------------------------------------ --><\/p>\n<p style=\"color: white;\">.<\/p>\n<p><a href=\"#HOME\"><img loading=\"lazy\" decoding=\"async\" class=\"aligncenter\" src=\"\/wp-content\/uploads\/2017\/09\/top_a.png\" alt=\"editors\" width=\"50\" height=\"50\" \/><\/a> <\/p>\n<div class=\"pagetitle-separator\">\n<div class=\"pagetitle-separator-border\">\n<div class=\"pagetitle-separator-box\"><\/div>\n<\/p><\/div>\n<\/p><\/div>\n<p><!-- FIN SEPARADOR------------------------------------------------------------------- --><\/p>\n<p><img loading=\"lazy\" decoding=\"async\" class=\"aligncenter\" src=\"\/wp-content\/uploads\/2017\/06\/MEDIDA.png\" alt=\"editors\" width=\"160\" height=\"160\" \/> <\/p>\n<p  class=\"tx1\"  style = \"color:#22a1c4;font-size: 130%;font-weight: regular; margin: 0% 0% 5% 0%; text-align: center;\" >Applications sur mesure<\/p>\n<p class=\"tx1\"  style=\"padding: 0% 25% 0% 25% ;text-align: left; \">\nDatinza peut cr\u00e9er un logiciel personnalis\u00e9 pour votre entreprise afin de vous permettre de g\u00e9rer vos n\u00e9cessit\u00e9s d&#8217;une mani\u00e8re efficace, comme par exemple:\n<\/p>\n<div class=\"tx1\" style=\"margin: 2% 25% 0% 25%;text-align: left; \" >\n<p  style = \"color:#196F8A;\">\n<b>Programme  CAU<\/b><br \/> (Centre d\u2019Attention \u00e0 l&#8217;Utilisateur)\n<\/p>\n<p>\nSyst\u00e8me qui permet d\u2019enregistrer les incidences en temps r\u00e9el et de faire leur suivi. Ce programme permet d&#8217;\u00e9valuer ces incidences afin de pouvoir \u00e9laborer des processus standardis\u00e9s ou des protocoles d&#8217;action visant \u00e0 r\u00e9duire leur gravit\u00e9, leur fr\u00e9quence et d&#8217;\u00e9viter qu&#8217;elles ne r\u00e9apparaissent.\n<\/p>\n<p>\n\u00c9tant donn\u00e9 que chaque entreprise est diff\u00e9rente, nous nous adaptons aux caract\u00e9ristiques de chacune, en ajoutant ou en supprimant des fonctions suivant les n\u00e9cessit\u00e9s du client.<\/p>\n<\/div>\n<div class=\"w3-row-padding  w3-container\" style =\"padding:0 !important;\">\n<div class=\"w3-quarter  w3-container\"  style =\"padding:0 !important;\">\n<div  style = \"margin: 5% 0% 0% 0%; padding:0 !important;\">   <img decoding=\"async\" class=\"aligncenter  w3-round-large\"  src=\"\/wp-content\/uploads\/2017\/06\/ERP_inf_fr.jpg\" alt=\"editors\" style = \" width: 150%; height: 250%; \" style=\"padding:0 !important;\"  \/>\n    <\/div>\n<\/p><\/div>\n<div class=\"w3-threequarter w3-container\" >\n<div class=\"tx1\" style=\"margin: 20% 5% 0% 25%; text-align: left;\" >\n<p style=\" text-align: left; color:#196F8A;\">\n<b>Programme  ERP<\/b><br \/> (Syst\u00e8me de planification de ressources d\u2019entreprise)\n<\/p>\n<p style=\" text-align: left; \">\nD\u00e9veloppement sur mesure d\u2019une plateforme qui couvre, \u00e0 partir d\u2019une base de donn\u00e9es centralis\u00e9e, toutes les d\u00e9marches auxquelles sont confront\u00e9s habituellement les entreprises, les organismes ou les institutions.<\/p>\n<\/div>\n<\/div>\n<\/div>\n<p><!-- SEPARADOR------------------------------------------------------------------------ --><\/p>\n<p style=\"color: white;\">.<\/p>\n<p><a href=\"#HOME\"><img loading=\"lazy\" decoding=\"async\" class=\"aligncenter\" src=\"\/wp-content\/uploads\/2017\/09\/top_a.png\" alt=\"editors\" width=\"50\" height=\"50\" \/><\/a> <\/p>\n<div class=\"pagetitle-separator\">\n<div class=\"pagetitle-separator-border\">\n            <A name=\"WEB\"><\/A><\/p>\n<div class=\"pagetitle-separator-box\"><\/div>\n<\/p><\/div>\n<\/p><\/div>\n<p><!-- FIN SEPARADOR------------------------------------------------------------------- --><\/p>\n<p><img loading=\"lazy\" decoding=\"async\" class=\"aligncenter\" src=\"\/wp-content\/uploads\/2017\/06\/WEB.png\" alt=\"editors\" width=\"160\" height=\"160\" \/> <\/p>\n<p  class=\"tx1\"  style = \"color:#22a1c4;font-size: 130%;font-weight: regular; margin: 0% 0% 5% 0%; text-align: center;\" >Conception  Web<\/p>\n<p style=\"padding: 0% 25% 0% 25% ; text-align: center;\">\nDatinza vous aide \u00e0 transformer l\u2019image de votre entreprise et de transmettre \u00e0 vos clients une image moderne, fonctionnelle et adapt\u00e9e \u00e0 votre public objectif.<\/p>\n","protected":false},"excerpt":{"rendered":"<p>D\u00e9veloppement de logiciel Chez Datinza nous comptons sur un service programmation avec un haut degr\u00e9 d\u2019exp\u00e9rience en d\u00e9veloppement de programmes et d\u2019applications. De plus, nous travaillons avec notre propre logiciel d\u00e9velopp\u00e9 par cette \u00e9quipe et qui nous permet de nous adapter enti\u00e8rement aux n\u00e9cessit\u00e9s de chaque client en fonction de ses caract\u00e9ristiques.<\/p>\n","protected":false},"author":1,"featured_media":1437,"parent":1876,"menu_order":0,"comment_status":"closed","ping_status":"closed","template":"page-full-width.php","meta":{"_exactmetrics_skip_tracking":false,"_exactmetrics_sitenote_active":false,"_exactmetrics_sitenote_note":"","_exactmetrics_sitenote_category":0,"footnotes":""},"class_list":["post-2123","page","type-page","status-publish","has-post-thumbnail","hentry"],"_links":{"self":[{"href":"https:\/\/www.datinza.com\/index.php\/wp-json\/wp\/v2\/pages\/2123","targetHints":{"allow":["GET"]}}],"collection":[{"href":"https:\/\/www.datinza.com\/index.php\/wp-json\/wp\/v2\/pages"}],"about":[{"href":"https:\/\/www.datinza.com\/index.php\/wp-json\/wp\/v2\/types\/page"}],"author":[{"embeddable":true,"href":"https:\/\/www.datinza.com\/index.php\/wp-json\/wp\/v2\/users\/1"}],"replies":[{"embeddable":true,"href":"https:\/\/www.datinza.com\/index.php\/wp-json\/wp\/v2\/comments?post=2123"}],"version-history":[{"count":4,"href":"https:\/\/www.datinza.com\/index.php\/wp-json\/wp\/v2\/pages\/2123\/revisions"}],"predecessor-version":[{"id":2344,"href":"https:\/\/www.datinza.com\/index.php\/wp-json\/wp\/v2\/pages\/2123\/revisions\/2344"}],"up":[{"embeddable":true,"href":"https:\/\/www.datinza.com\/index.php\/wp-json\/wp\/v2\/pages\/1876"}],"wp:featuredmedia":[{"embeddable":true,"href":"https:\/\/www.datinza.com\/index.php\/wp-json\/wp\/v2\/media\/1437"}],"wp:attachment":[{"href":"https:\/\/www.datinza.com\/index.php\/wp-json\/wp\/v2\/media?parent=2123"}],"curies":[{"name":"wp","href":"https:\/\/api.w.org\/{rel}","templated":true}]}}