{"id":2159,"date":"2017-11-07T13:22:39","date_gmt":"2017-11-07T11:22:39","guid":{"rendered":"http:\/\/www250.e1016.servidornet.com\/?page_id=2159"},"modified":"2017-11-28T10:36:54","modified_gmt":"2017-11-28T08:36:54","slug":"high-speed-scanner","status":"publish","type":"page","link":"https:\/\/www.datinza.com\/index.php\/en\/high-speed-scanner\/","title":{"rendered":"High-Speed Scanner"},"content":{"rendered":"<link rel=\"stylesheet\" href=\"https:\/\/www.w3schools.com\/w3css\/4\/w3.css\">\n<style>\n.blog-post-title {padding:0 !important;}\n<\/style>\n<p><!--\n\n\n\n<div class=\"w3-row\" style=\"margin:5%;\">\n  \n\n<div class=\"w3-container w3-twothird\"  style=\"margin:5%;\">\n      \n        <video  autoplay loop style=\"display:block; width:100%;   margin:5px;\" \n<source src=\"\/wp-content\/uploads\/2017\/09\/Maquina_web_03.mp4\" type=\"video\/mp4\" >\n  \n         Your browser does not support the video tag. \n<\/video>\n       \n  <\/div>\n\n\n  \n\n<div class=\"w3-container w3-third\" style=\"margin:5%;\">\n   \n\n\n\n<p>In 1998 the company decided to break with traditional ways of digitalization that had been used by similar businesses until then in order to pursue a new venue that would revolutionize both the company\u2019s finances and all the work process. This highly risky project was carried out in collaboration with the Centro Polit\u00e9cnico Superior de la Universidad de Zaragoza (the University of Zaragoza\u2019s Advanced Polytechnic Centre) and the Instituto Tecnol\u00f3gico de Arag\u00f3n (the Technological Institute of Arag\u00f3n).<\/p>\n\n\n\n\n<p>The aim was to mechanize the process and so the first prototype reached a digitalization speed of 7 documents per minute. Our machines currently work at 12 documents per second, in addition to decoding multiple 1D and 2D codes and performing optical character recognition (OCR). This allows access to all information in documents for its later analysis and storage in databases.<\/p>\n\n\n\n\n<p>By using this new type of machine in the work process, productivity was increased exponentially. Due to the service\u2019s high speed, along with the lowest error rate in the market and excellent price, Datinza has gained large market share over the years and is now Spain\u2019s biggest provider of this kind of service. During this period, the Health sector went from digitalizing nine million prescriptions in 10 days to digitalizing more than 50 million.<\/p>\n\n\n\n  <\/div>\n\n\n<\/div>\n\n\n\n--><\/p>\n<section>\n<!-- \n\n<h4 style=\"text-align:center;\">Proyecto DIZ-98TR<\/h4>\n\n--><br \/>\n<video  autoplay loop style=\"display:block; width:70%; margin-right:2%; shape-outside: content-box(1% round 45%);  float: left;shape-outside-margin: .5%;\" \n<source src=\"\/wp-content\/uploads\/2017\/09\/Maquina_web_03.mp4\" type=\"video\/mp4\" >Your browser does not support the video tag.<\/video><\/p>\n<p>In 1998 the company decided to break with traditional ways of digitalization that had been used by similar businesses until then in order to pursue a new venue that would revolutionize both the company\u2019s finances and all the work process. This highly risky project was carried out in collaboration with the Centro Polit\u00e9cnico Superior de la Universidad de Zaragoza (the University of Zaragoza\u2019s Advanced Polytechnic Centre) and the Instituto Tecnol\u00f3gico de Arag\u00f3n (the Technological Institute of Arag\u00f3n).<\/p>\n<p>The aim was to mechanize the process and so the first prototype reached a digitalization speed of 7 documents per minute. Our machines currently work at 12 documents per second, in addition to decoding multiple 1D and 2D codes and performing optical character recognition (OCR). This allows access to all information in documents for its later analysis and storage in databases.<\/p>\n<p>By using this new type of machine in the work process, productivity was increased exponentially. Due to the service\u2019s high speed, along with the lowest error rate in the market and excellent price, Datinza has gained large market share over the years and is now Spain\u2019s biggest provider of this kind of service. During this period, the Health sector went from digitalizing nine million prescriptions in 10 days to digitalizing more than 50 million.<\/p>\n<\/section>\n","protected":false},"excerpt":{"rendered":"","protected":false},"author":1,"featured_media":1432,"parent":0,"menu_order":0,"comment_status":"closed","ping_status":"closed","template":"page-full-width.php","meta":{"_exactmetrics_skip_tracking":false,"_exactmetrics_sitenote_active":false,"_exactmetrics_sitenote_note":"","_exactmetrics_sitenote_category":0,"footnotes":""},"class_list":["post-2159","page","type-page","status-publish","has-post-thumbnail","hentry"],"_links":{"self":[{"href":"https:\/\/www.datinza.com\/index.php\/wp-json\/wp\/v2\/pages\/2159","targetHints":{"allow":["GET"]}}],"collection":[{"href":"https:\/\/www.datinza.com\/index.php\/wp-json\/wp\/v2\/pages"}],"about":[{"href":"https:\/\/www.datinza.com\/index.php\/wp-json\/wp\/v2\/types\/page"}],"author":[{"embeddable":true,"href":"https:\/\/www.datinza.com\/index.php\/wp-json\/wp\/v2\/users\/1"}],"replies":[{"embeddable":true,"href":"https:\/\/www.datinza.com\/index.php\/wp-json\/wp\/v2\/comments?post=2159"}],"version-history":[{"count":2,"href":"https:\/\/www.datinza.com\/index.php\/wp-json\/wp\/v2\/pages\/2159\/revisions"}],"predecessor-version":[{"id":2355,"href":"https:\/\/www.datinza.com\/index.php\/wp-json\/wp\/v2\/pages\/2159\/revisions\/2355"}],"wp:featuredmedia":[{"embeddable":true,"href":"https:\/\/www.datinza.com\/index.php\/wp-json\/wp\/v2\/media\/1432"}],"wp:attachment":[{"href":"https:\/\/www.datinza.com\/index.php\/wp-json\/wp\/v2\/media?parent=2159"}],"curies":[{"name":"wp","href":"https:\/\/api.w.org\/{rel}","templated":true}]}}