{"id":2281,"date":"2017-11-20T17:11:59","date_gmt":"2017-11-20T15:11:59","guid":{"rendered":"http:\/\/www250.e1016.servidornet.com\/?page_id=2281"},"modified":"2019-12-18T12:01:43","modified_gmt":"2019-12-18T10:01:43","slug":"politica-de-calidad","status":"publish","type":"page","link":"https:\/\/www.datinza.com\/index.php\/politica-de-calidad\/","title":{"rendered":"Politica de Calidad"},"content":{"rendered":"<article class=\"col2 pad_left1\" style=\"margin: 0% 5% 5% 5%;\">\n<h4>Pol\u00edtica de Calidad<\/h4>\n<p>Para <strong>DATINZA, S.A. <\/strong> el cumplimiento de los requisitos, necesidades y expectativas de las partes interesadas es la base sobre la que se soporta nuestro concepto de calidad. Los principios en los que se basa nuestro Sistema de Gesti\u00f3n de la Calidad son los siguientes:<\/p>\n<ul style=\"list-style-type: square;  margin: 4% 5% 5% 5%;\">\n<li>\n<p style=\"margin:2%;\">Conseguir la satisfacci\u00f3n de las partes interesadas mediante la prestaci\u00f3n de los servicios existentes o de nuevo dise\u00f1o m\u00e1s adecuados a sus necesidades, entregando los datos solicitados en el plazo acordado.<\/p>\n<\/li>\n<li>\n<p style=\"margin:2%;\">Consideramos la calidad como un elemento estrat\u00e9gico de nuestra empresa, y como consecuencia trabajamos por la mejora continua de la eficacia de nuestro Sistema de Gesti\u00f3n.<\/p>\n<\/li>\n<li>\n<p style=\"margin:2%;\">La Direcci\u00f3n se compromete a proporcionar los recursos necesarios para cumplir los requisitos establecidos ya sean de las partes interesadas, reglamentarios o voluntarios, y para conseguir los objetivos de la calidad.<\/p>\n<\/li>\n<li>\n<p style=\"margin:2%;\">La Direcci\u00f3n se compromete a proporcionar los recursos necesarios para cumplir los requisitos establecidos ya sean de las partes interesadas, reglamentarios o voluntarios, y para conseguir los objetivos de la calidad.<\/p>\n<\/li>\n<\/ul>\n<p  style=\"margin: 0% 0% 0% 0%;\">Los requisitos y objetivos de calidad han de ser asumidos por todo el personal que forma parte de nuestra organizaci\u00f3n.<\/p>\n<p><!--h4 style=\"margin: 3% 0% 0% 0%;\">Alcance<\/h4>\n\n\n<br \/>\n\n\n<p><strong>DATINZA, S.A. <\/strong> dispone de un sistema de gesti\u00f3n de calidad conforme a la norma UNE-EN ISO 9001:2015, para las actividades:<\/p>\n\n\n\n\n<p style=\"margin: 0% 5% 0% 5%;\"><strong>El dise\u00f1o y la prestaci\u00f3n del servicio de digitalizaci\u00f3n y procesado de datos de documentos de texto y codificados.<\/strong><\/p-->\n","protected":false},"excerpt":{"rendered":"<p>Pol\u00edtica de Calidad Para DATINZA, S.A. el cumplimiento de los requisitos, necesidades y expectativas de las partes interesadas es la base sobre la que se soporta nuestro concepto de calidad. Los principios en los que se basa nuestro Sistema de Gesti\u00f3n de la Calidad son los siguientes: Conseguir la satisfacci\u00f3n de las partes interesadas mediante [&hellip;]<\/p>\n","protected":false},"author":1,"featured_media":0,"parent":0,"menu_order":0,"comment_status":"closed","ping_status":"closed","template":"page-full-width.php","meta":{"footnotes":""},"class_list":["post-2281","page","type-page","status-publish","hentry"],"_links":{"self":[{"href":"https:\/\/www.datinza.com\/index.php\/wp-json\/wp\/v2\/pages\/2281","targetHints":{"allow":["GET"]}}],"collection":[{"href":"https:\/\/www.datinza.com\/index.php\/wp-json\/wp\/v2\/pages"}],"about":[{"href":"https:\/\/www.datinza.com\/index.php\/wp-json\/wp\/v2\/types\/page"}],"author":[{"embeddable":true,"href":"https:\/\/www.datinza.com\/index.php\/wp-json\/wp\/v2\/users\/1"}],"replies":[{"embeddable":true,"href":"https:\/\/www.datinza.com\/index.php\/wp-json\/wp\/v2\/comments?post=2281"}],"version-history":[{"count":7,"href":"https:\/\/www.datinza.com\/index.php\/wp-json\/wp\/v2\/pages\/2281\/revisions"}],"predecessor-version":[{"id":2421,"href":"https:\/\/www.datinza.com\/index.php\/wp-json\/wp\/v2\/pages\/2281\/revisions\/2421"}],"wp:attachment":[{"href":"https:\/\/www.datinza.com\/index.php\/wp-json\/wp\/v2\/media?parent=2281"}],"curies":[{"name":"wp","href":"https:\/\/api.w.org\/{rel}","templated":true}]}}