{"id":2493,"date":"2023-12-01T18:09:52","date_gmt":"2023-12-01T16:09:52","guid":{"rendered":"http:\/\/www.datinza.com\/?page_id=2493"},"modified":"2024-04-03T10:56:35","modified_gmt":"2024-04-03T08:56:35","slug":"canal-etico","status":"publish","type":"page","link":"https:\/\/www.datinza.com\/index.php\/canal-etico\/","title":{"rendered":"Canal \u00c9tico"},"content":{"rendered":"<p><head>\n    <link rel=\"stylesheet\" href=\"https:\/\/cdnjs.cloudflare.com\/ajax\/libs\/font-awesome\/5.15.3\/css\/all.min.css\">\n<\/head><\/p>\n<style>\n.tag-box-v12 { \n    border: 0px; \n    border-top: solid 2px #72c02c; \n    padding: 20px; \n} \n.custom-button12 {\n    padding: 10px 20px;\n    background-color: green; \/* Color de fondo verde *\/\n    color: white; \/* Color de texto blanco *\/\n    text-decoration: none;\n    border-radius: 10px; \/* Bordes redondeados *\/\n    font-weight: bold;\n}\n.button-container {\n    display: flex; \/* Utiliza Flexbox para el contenedor *\/\n    justify-content: center; \/* Centra los botones en el contenedor *\/\n    gap: 10px; \/* Espacio entre los botones *\/\n}\n.center-icons {\n    text-align: center;\n    margin-bottom: 20px;\n}\n.center-icons a {\n    margin: 0 10px;\n    color: black; \/* Color del texto del enlace *\/\n    text-decoration: none;\n}\n.center-icons a i {\n    color: red!important; \/* Solo el icono en rojo *\/\n    font-size: 3em; \/* Iconos tres veces m\u00e1s grandes *\/\n}\n<\/style>\n<p><a name=\"canal-de-denuncias\"><\/a><\/p>\n<h1 style=\"text-align: center;\">Canal de denuncias<\/h1>\n<div class=\"col-md-12 tab-box tag-box-v12\">\n<p>En cumplimiento de la Ley 2\/2023, de 20 de febrero, que regula la protecci\u00f3n de las personas que informan sobre infracciones normativas y fomenta la lucha contra la corrupci\u00f3n, DATINZA S.A. pone a disposici\u00f3n este medio para comunicar posibles irregularidades, incumplimientos de la normativa legal y\/o de nuestros c\u00f3digos internos de conducta.<\/p>\n<p><strong><u>Este canal de denuncias no es un buz\u00f3n de sugerencias ni un servicio de atenci\u00f3n al cliente<\/u><\/strong>. Por tanto, no podemos atender consultas relacionadas con nuestros productos y servicios.<\/p>\n<div class=\"center-icons\" style=\"margin: 30px 0px 40px 0px; border-top: solid 2px #72c02c3d; border-bottom: solid 2px #72c02c3d; padding: 30px;\">\n        <a href=\"\/wp-content\/uploads\/2023\/12\/Politica_CANAL_DE_DENUNCIAS_DATINZA.pdf\" target=\"_blank\"><i class=\"fas fa-file-pdf fa-3x\"><\/i> Pol\u00edtica del sistema interno de informaci\u00f3n de DATINZA S.A.<\/a><br \/>\n        <a href=\"\/wp-content\/uploads\/2023\/12\/Procedimiento_Canal_de_Denuncias_DATINZA.pdf\" target=\"_blank\"><i class=\"fas fa-file-pdf fa-3x\"><\/i> Procedimiento del sistema interno de informaci\u00f3n de DATINZA S.A.<\/a>\n    <\/div>\n<p>    <!-- Botones centrados y uno al lado del otro con Flexbox --><\/p>\n<div class=\"button-container\">\n        <a href=\"https:\/\/www.servicioscof.es\/canaldenunciasdatinza\/PresentarDenuncia.aspx\" class=\"custom-button12\">Presentar Denuncia<\/a><br \/>\n        <a href=\"https:\/\/www.servicioscof.es\/canaldenunciasdatinza\/VerDenuncia.aspx\" class=\"custom-button12\">Seguimiento Denuncia<\/a>\n    <\/div>\n<\/div>\n","protected":false},"excerpt":{"rendered":"<p>Canal de denuncias En cumplimiento de la Ley 2\/2023, de 20 de febrero, que regula la protecci\u00f3n de las personas que informan sobre infracciones normativas y fomenta la lucha contra la corrupci\u00f3n, DATINZA S.A. pone a disposici\u00f3n este medio para comunicar posibles irregularidades, incumplimientos de la normativa legal y\/o de nuestros c\u00f3digos internos de conducta. [&hellip;]<\/p>\n","protected":false},"author":1,"featured_media":0,"parent":0,"menu_order":0,"comment_status":"closed","ping_status":"closed","template":"page-full-width.php","meta":{"_exactmetrics_skip_tracking":false,"_exactmetrics_sitenote_active":false,"_exactmetrics_sitenote_note":"","_exactmetrics_sitenote_category":0,"footnotes":""},"class_list":["post-2493","page","type-page","status-publish","hentry"],"_links":{"self":[{"href":"https:\/\/www.datinza.com\/index.php\/wp-json\/wp\/v2\/pages\/2493","targetHints":{"allow":["GET"]}}],"collection":[{"href":"https:\/\/www.datinza.com\/index.php\/wp-json\/wp\/v2\/pages"}],"about":[{"href":"https:\/\/www.datinza.com\/index.php\/wp-json\/wp\/v2\/types\/page"}],"author":[{"embeddable":true,"href":"https:\/\/www.datinza.com\/index.php\/wp-json\/wp\/v2\/users\/1"}],"replies":[{"embeddable":true,"href":"https:\/\/www.datinza.com\/index.php\/wp-json\/wp\/v2\/comments?post=2493"}],"version-history":[{"count":33,"href":"https:\/\/www.datinza.com\/index.php\/wp-json\/wp\/v2\/pages\/2493\/revisions"}],"predecessor-version":[{"id":2549,"href":"https:\/\/www.datinza.com\/index.php\/wp-json\/wp\/v2\/pages\/2493\/revisions\/2549"}],"wp:attachment":[{"href":"https:\/\/www.datinza.com\/index.php\/wp-json\/wp\/v2\/media?parent=2493"}],"curies":[{"name":"wp","href":"https:\/\/api.w.org\/{rel}","templated":true}]}}