{"id":299,"date":"2017-07-27T11:30:46","date_gmt":"2017-07-27T09:30:46","guid":{"rendered":"http:\/\/www250.e1016.servidornet.com\/?page_id=299"},"modified":"2021-09-24T10:36:06","modified_gmt":"2021-09-24T08:36:06","slug":"empresa","status":"publish","type":"page","link":"https:\/\/www.datinza.com\/index.php\/empresa\/","title":{"rendered":"Empresa"},"content":{"rendered":"<br \/>\n<style>\n.page-title-col { display: block!important; } \n<\/style>\n<div  >\n<h4 style=\"text-align: center;\"> Empresa <\/h4>\n<\/p><\/div>\n<p><!--\n\n\n\n<div class=\"w3-row\">\n  \n\n<div class=\"w3-container w3-quarter\">\n   \n<img decoding=\"async\"   class=\"img-responsive wp-post-image\" alt=\"\"  src=\"\/wp-content\/uploads\/2017\/06\/PO01.jpg\" align=\"top\" style = \" margin: 0%; padding: 0%;\" \/>\n \n  <\/div>\n\n\n  \n\n<div class=\"w3-container w3-rest\">\n   <a style = \"margin: 0% 2% 0% 0%; padding: 0%;\"> <img decoding=\"async\"   class=\"img-responsive wp-post-image\" alt=\"\"  src=\"\/wp-content\/uploads\/2017\/06\/ENTRADA.jpg\" style = \"width: 100%; margin: 0%; padding: 0%;\" \/> \n\n<p  \">Datinza nace en 1997,\u00a0en nuestros inicios nos centr\u00e1bamos en la digitalizaci\u00f3n, procesado y gesti\u00f3n de todo tipo de documentos a alta velocidad.\n\nGracias a la experiencia adquirida durante todo este tiempo, hemos ido evolucionando hasta convertirnos en mucho m\u00e1s que una empresa de digitalizaci\u00f3n de documentos, capaz de ofrecer servicios punteros en el campo de la inform\u00e1tica y la tecnolog\u00eda.\n\nContamos con un excelente grupo de profesionales especializados que le proporcionar\u00e1n una atenci\u00f3n personalizada y orientada a conseguir los mejores resultados. Es un equipo formado y con experiencia en las distintas tecnolog\u00edas utilizadas habitualmente por parte de la administraci\u00f3n de sistemas, como en la administraci\u00f3n de servidores de aplicaciones y bases de datos, desarrollo de software y <em>apps<\/em> a medida.<\/a>\n  <\/div>\n\n\n   \n<\/div>\n\n\n\n--><\/p>\n<div class=\"w3-container  \">\n   <a style =\"  text-align: center; \"><br \/>\n<!--\n <img decoding=\"async\"   class=\"img-responsive wp-post-image\" alt=\"\"  src=\"\/wp-content\/uploads\/2017\/06\/PO01_.jpg\" style = \"width: 100%; margin: 0%; padding: 0%;\" \/>\n--><\/p>\n<p style = \"padding: 0% 4% 1% 4%;\">Datinza nace en 1997,\u00a0en nuestros inicios nos centr\u00e1bamos en la digitalizaci\u00f3n, procesado y gesti\u00f3n de todo tipo de documentos a alta velocidad.<\/p>\n<p style = \"padding: 1% 4% 1% 4%;\">Gracias a la experiencia adquirida durante todo este tiempo, hemos ido evolucionando hasta convertirnos en mucho m\u00e1s que una empresa de digitalizaci\u00f3n de documentos, capaz de ofrecer servicios punteros en el campo de la inform\u00e1tica y la tecnolog\u00eda.<\/p>\n<p style = \"padding: 1% 4% 4% 4%;\">Contamos con un excelente grupo de profesionales especializados que le proporcionar\u00e1n una atenci\u00f3n personalizada y orientada a conseguir los mejores resultados. Es un equipo formado y con experiencia en las distintas tecnolog\u00edas utilizadas habitualmente por parte de la administraci\u00f3n de sistemas, como en la administraci\u00f3n de servidores de aplicaciones y bases de datos, desarrollo de software y <em>apps<\/em> a medida..<\/p>\n<p><\/a>\n  <\/div>\n<p> <!--div align=\"center\"><video  autoplay loop style = \"width: 1150px; height: auto; margin: 0 auto;\"--><div align=\"center\"><video  autoplay loop style = \"width: 100%; height: auto; margin: 0 auto;\"><source src=\"\/wp-content\/uploads\/2017\/06\/DATINZA_05.mp4\" type=\"video\/mp4\" >Your browser does not support the video tag.<\/video>\n<\/div>\n<link rel=\"stylesheet\" href=\"https:\/\/www.w3schools.com\/w3css\/4\/w3.css\">\n<p><!-- SEPARADOR --><\/p>\n<p> .  <\/p>\n<div class=\"pagetitle-separator\">\n<div class=\"pagetitle-separator-border\">\n<div class=\"pagetitle-separator-box\"><\/div>\n<\/p><\/div>\n<\/p><\/div>\n<p><!-- FIN SEPARADOR --><\/p>\n<p><dic class=\"container\"><\/p>\n<div class=\"w3-row\">\n<div class=\"w3-third w3-container\">\n<div class=\"team-box\"  >\n       <img decoding=\"async\" width=\"256\" class=\"img-responsive wp-post-image\" alt=\"\" src=\"\/wp-content\/uploads\/2017\/06\/MISION_a.png\" \/>\n     <\/div>\n<div class=\"team-area\">\n<h5>Misi\u00f3n<span><\/span><\/h5>\n<div class=\"desi-seperate\"><\/div>\n<p>Nuestra misi\u00f3n es ofrecer lo \u00faltimo tanto en servicios de digitalizaci\u00f3n como en servicios tecnol\u00f3gicos, as\u00ed como en el desarrollo de software y apps. De esta forma, Datinza puede definirse como un agente motivador de cambios para nuestros clientes, capaz de crear soluciones interactivas que agreguen valor y ventajas competitivas a sus negocios de una forma personalizada y cercana.<\/p>\n<\/p><\/div>\n<\/p><\/div>\n<div class=\"w3-third w3-container\">\n<div class=\"team-box\"  >\n       <img decoding=\"async\" width=\"256\" class=\"img-responsive wp-post-image\" alt=\"\" src=\"\/wp-content\/uploads\/2017\/06\/VISION_a.png\" \/>\n     <\/div>\n<div class=\"team-area\">\n<h5>Visi\u00f3n<span><\/span><\/h5>\n<div class=\"desi-seperate\"><\/div>\n<p>En Datinza queremos ser concebidos como un referente en nuestro sector gracias al continuo crecimiento como empresa, motivado por la innovaci\u00f3n constante, el aprendizaje que nos proporcionan nuestros clientes y la experiencia e implicaci\u00f3n de todos nuestros empleados <\/p>\n<p style=\"color: white;\">.<\/p>\n<\/h5>\n<p style=\"color: white;\">.<\/p>\n<\/h5><\/div>\n<\/p><\/div>\n<div class=\"w3-third w3-container \">\n<div class=\"team-box\"  >\n       <img decoding=\"async\" width=\"256\" class=\"img-responsive wp-post-image\" alt=\"\" src=\"\/wp-content\/uploads\/2017\/06\/VALORES_a.png\" \/>\n     <\/div>\n<div class=\"team-area\">\n<h5>Valores<span><\/span><\/h5>\n<div class=\"desi-seperate\" style = \"text-align: left;\" ><\/div>\n<p class = \"tx1\"  style = \"text-align: left;\">&#8211;<b> Compromiso<\/b> de cumplir todas y cada una de las obligaciones hacia nuestros clientes.<br \/>\n&#8211;<b> Adaptabilidad<\/b> a las necesidades del cliente.<br \/>\n&#8211;<b> Proactividad<\/b> a la hora de innovar y ofrecer mejoras continuas en nuestros servicios.<br \/>\n&#8211;<b> Ambici\u00f3n<\/b> de evoluci\u00f3n como grupo con un proyecto en constante desarrollo.<br \/>\n&#8211;<b> Transparencia<\/b> total hacia nuestros clientes.\n<\/p>\n<\/p><\/div>\n<\/p><\/div>\n<\/div><\/div>\n<p><!-- SEPARADOR --><\/p>\n<p> .  <\/p>\n<div class=\"pagetitle-separator\">\n<div class=\"pagetitle-separator-border\">\n<div class=\"pagetitle-separator-box\"><\/div>\n<\/p><\/div>\n<\/p><\/div>\n<p><!-- FIN SEPARADOR --><br \/>\n<!--   ------------------------------------------- --><\/p>\n<div style=\"text-align: center;\" class=\"w3-row-padding\">\n<div class=\"w3-third\" style=\"padding: 0px 10px 0px 10px ; \">\n<p><!--a href=\"#BIG_DATA\"><img decoding=\"async\" class=\"aligncenter\" src=\"\/wp-content\/uploads\/2017\/06\/logo_empresa_registrada.jpg\" alt=\"editors\" \/><\/a> \n     \n    \n    \n\n<p style=\"margin: 5% 10% 0% 10%!important;\">Certificaci\u00f3n AENOR de Sistema de Gesti\u00f3n de la <a style=\"color:#01A9DB;\" href=\"index.php\/politica-de-calidad\"><strong>Calidad<\/strong><\/a> en base a la UNE-EN ISO 9001:2015<\/p-->\n <\/div>\n<div class=\"w3-third\" style=\"padding: 0px 10px 0px 10px ; \">\n<p><!--a href=\"#PERSONALIZADO\"><img decoding=\"async\" class=\"aligncenter\" src=\"\/wp-content\/uploads\/2017\/06\/logo_seguridad_informacion.jpg\" alt=\"editors\"   \/><\/a> \n    \n     \n    \n\n<p style=\"margin: 5% 10% 0% 10%!important;\">Certificaci\u00f3n AENOR de Sistema de Gesti\u00f3n de la Seguridad de la Informaci\u00f3n (SGSI) en base a la UNE-ISO\/IEC 27001:2014<\/p-->\n  <\/div>\n<div class=\"w3-third\" style=\"padding: 0px 10px 0px 10px ; \">\n<p><!--a href=\"#WEB\"><img decoding=\"async\" class=\"aligncenter\" src=\"\/wp-content\/uploads\/2017\/06\/brand.gif\" alt=\"editors\"   width=\"100\" style=\"top:-10px;\" \/><\/a> \n\n     \n   \n    \n\n<p style=\"margin: 5% 10% 0% 10%!important;\">Certificado IQNET para \"El dise\u00f1o y la prestaci\u00f3n del servicio de digitalizaci\u00f3n y procesado de datos de documentos de texto y codificados\"<\/p-->\n  <\/div>\n<\/p><\/div>\n<p><!-- ----------------------------------------------- --><\/p>\n<div class=\"row\">\n<div class=\"callout-section\">\n<h3>Contacte con nosotros<\/h3>\n<p>Pregunte por nuestros servicios sin compromiso alguno, estudiaremos su caso d\u00e1ndole una respuesta lo antes posible.<br \/>\n\t\t\t\t<a class=\"normal-button  reverse\" href=\"\/index.php\/contacto\">Contactar<\/a>\n\t\t\t\t<\/p>\n<\/p><\/div>\n<\/div>\n","protected":false},"excerpt":{"rendered":"<p>Empresa Datinza nace en 1997,\u00a0en nuestros inicios nos centr\u00e1bamos en la digitalizaci\u00f3n, procesado y gesti\u00f3n de todo tipo de documentos a alta velocidad. Gracias a la experiencia adquirida durante todo este tiempo, hemos ido evolucionando hasta convertirnos en mucho m\u00e1s que una empresa de digitalizaci\u00f3n de documentos, capaz de ofrecer servicios punteros en el campo [&hellip;]<\/p>\n","protected":false},"author":1,"featured_media":894,"parent":0,"menu_order":0,"comment_status":"closed","ping_status":"closed","template":"page-full-width.php","meta":{"footnotes":""},"class_list":["post-299","page","type-page","status-publish","has-post-thumbnail","hentry"],"_links":{"self":[{"href":"https:\/\/www.datinza.com\/index.php\/wp-json\/wp\/v2\/pages\/299","targetHints":{"allow":["GET"]}}],"collection":[{"href":"https:\/\/www.datinza.com\/index.php\/wp-json\/wp\/v2\/pages"}],"about":[{"href":"https:\/\/www.datinza.com\/index.php\/wp-json\/wp\/v2\/types\/page"}],"author":[{"embeddable":true,"href":"https:\/\/www.datinza.com\/index.php\/wp-json\/wp\/v2\/users\/1"}],"replies":[{"embeddable":true,"href":"https:\/\/www.datinza.com\/index.php\/wp-json\/wp\/v2\/comments?post=299"}],"version-history":[{"count":166,"href":"https:\/\/www.datinza.com\/index.php\/wp-json\/wp\/v2\/pages\/299\/revisions"}],"predecessor-version":[{"id":2469,"href":"https:\/\/www.datinza.com\/index.php\/wp-json\/wp\/v2\/pages\/299\/revisions\/2469"}],"wp:featuredmedia":[{"embeddable":true,"href":"https:\/\/www.datinza.com\/index.php\/wp-json\/wp\/v2\/media\/894"}],"wp:attachment":[{"href":"https:\/\/www.datinza.com\/index.php\/wp-json\/wp\/v2\/media?parent=299"}],"curies":[{"name":"wp","href":"https:\/\/api.w.org\/{rel}","templated":true}]}}