{"id":335,"date":"2017-07-28T10:40:54","date_gmt":"2017-07-28T08:40:54","guid":{"rendered":"http:\/\/www250.e1016.servidornet.com\/?page_id=335"},"modified":"2020-01-13T16:47:21","modified_gmt":"2020-01-13T14:47:21","slug":"colegios-farmaceuticos","status":"publish","type":"page","link":"https:\/\/www.datinza.com\/index.php\/servicios\/colegios-farmaceuticos\/","title":{"rendered":"Colegios Farmac\u00e9uticos"},"content":{"rendered":"<link rel=\"stylesheet\" href=\"https:\/\/www.w3schools.com\/w3css\/4\/w3.css\">\n<div class=\"w3-row\">\n <!-- \n\n<div class=\"w3-container w3-quarter\"> --><\/p>\n<div class=\"w3-container w3-third\">\n    <video  autoplay  style = \"position: center;width: 100%; height: auto; margin: 0 auto; padding:  0% 4% 0% 0%;\"><source src=\"\/wp-content\/uploads\/2017\/06\/MAPA_ES_DATINZA_3.mp4\" type=\"video\/mp4\" ><\/div>\n<p> <!-- \n\n<div class=\"w3-container w3-threequarter\"> -->  <\/p>\n<div class=\"w3-container w3-twothird\">\n<h4 style=\"text-align: left; margin: 0% 0% 5% 0%!important;\">Colegios Oficiales Farmac\u00e9uticos <\/h4>\n<p style=\"text-align: left; padding:  0% 14% 0% 0%;\">Datinza trabaja con <b>32 Colegios Oficiales de Farmac\u00e9uticos<\/b> por toda Espa\u00f1a, en un total de <b>13 Comunidades Aut\u00f3nomas<\/b>, lo que nos ha proporcionado una gran experiencia y nos permite adaptarnos a las necesidades particulares de cada uno de ellos. Gracias a ello, podemos afirmar que somos l\u00edderes en receta electr\u00f3nica a nivel nacional y que seguimos innovando para ofrecer a nuestros clientes nuevos y mejores servicios.<\/p>\n<p style=\"text-align: left;  padding: 0% 14% 0% 0%;\">Nuestro departamento t\u00e9cnico idea y desarrolla soluciones a los retos que plantea el cliente, bien porque a \u00e9ste le surjan nuevas necesidades o bien porque as\u00ed se lo exijan los cambios legislativos o normativos.<\/p>\n<p>&nbsp;\n  <\/p><\/div>\n<\/div>\n<div style=\"text-align: center;\">\n<p><!--\n\n\n<h1>Prueba<\/h1>\n\n\n--><\/p>\n<\/div>\n<div class=\"w3-row-padding\" style=\"text-align: center;\">\n<div class=\"w3-quarter\" style=\"padding: 0px 10px 0px 10px;\">\n<p><a href=\"\/index.php\/servicios\/colegios-farmaceuticos\/dispensacion_de_re\/\"><img loading=\"lazy\" decoding=\"async\" class=\"aligncenter\" src=\"\/wp-content\/uploads\/2017\/06\/RE.png\" alt=\"editors\" width=\"103\" height=\"103\" \/><\/a><\/p>\n<h5>Dispensaci\u00f3n de Receta Electr\u00f3nica<br \/><\/h5>\n<p><!--<a href=\"#DISPENSACION\"><img loading=\"lazy\" decoding=\"async\" class=\"aligncenter\" src=\"\/wp-content\/uploads\/2017\/06\/RE.png\" alt=\"editors\" width=\"103\" height=\"103\" \/><\/a>\n\n\n<h5>Dispensaci\u00f3n de Receta Electr\u00f3nica<br \/><\/h5>\n\n --><\/p>\n<p>Hemos desarrollado los servicios de integraci\u00f3n del Nodo Colegial entre farmacias y Departamento de Salud, as\u00ed como los servicios espec\u00edficos de los COFs con los que trabajamos.<\/p>\n<\/div>\n<div class=\"w3-quarter\" style=\"padding: 0px 10px 0px 10px;\">\n<p><a href=\"\/index.php\/servicios\/colegios-farmaceuticos\/facturacion\/\"><img loading=\"lazy\" decoding=\"async\" class=\"aligncenter\" src=\"\/wp-content\/uploads\/2017\/06\/DF.png\" alt=\"editors\" width=\"103\" height=\"103\" \/><\/a><\/p>\n<h5>Digitalizaci\u00f3n y Facturaci\u00f3n de Receta Farmac\u00e9utica<\/h5>\n<p>Tanto la receta papel tradicional como los justificantes de la receta electr\u00f3nica<\/p>\n<\/div>\n<div class=\"w3-quarter\" style=\"padding: 0px 10px 0px 10px;\">\n<p><a href=\"\/index.php\/servicios\/colegios-farmaceuticos\/secretaria\/\"><img loading=\"lazy\" decoding=\"async\" class=\"aligncenter\" src=\"\/wp-content\/uploads\/2017\/06\/ERP.png\" alt=\"editors\" width=\"103\" height=\"103\" \/><\/a><\/p>\n<h5>Secretar\u00eda virtual<br \/>\n(ERP)<\/h5>\n<p>Incluye servicios de an\u00e1lisis de datos y gr\u00e1ficas<\/p>\n<\/div>\n<div class=\"w3-quarter\" style=\"padding: 0px 10px 0px 10px;\">\n<p><a href=\"\/index.php\/servicios\/colegios-farmaceuticos\/aplicaciones\/\"><img loading=\"lazy\" decoding=\"async\" class=\"aligncenter\" src=\"\/wp-content\/uploads\/2017\/06\/DSOFT.png\" alt=\"editors\" width=\"103\" height=\"103\" \/><\/a><\/p>\n<h5>Aplicaciones y Programas<br \/><\/h5>\n<p>Personalizamos sus soluciones tanto para escritorio, dispositivos m\u00f3viles o web<\/p>\n<\/div>\n<\/div>\n","protected":false},"excerpt":{"rendered":"<p>Colegios Oficiales Farmac\u00e9uticos Datinza trabaja con 32 Colegios Oficiales de Farmac\u00e9uticos por toda Espa\u00f1a, en un total de 13 Comunidades Aut\u00f3nomas, lo que nos ha proporcionado una gran experiencia y nos permite adaptarnos a las necesidades particulares de cada uno de ellos. Gracias a ello, podemos afirmar que somos l\u00edderes en receta electr\u00f3nica a nivel [&hellip;]<\/p>\n","protected":false},"author":1,"featured_media":0,"parent":315,"menu_order":0,"comment_status":"closed","ping_status":"closed","template":"page-full-width.php","meta":{"footnotes":""},"class_list":["post-335","page","type-page","status-publish","hentry"],"_links":{"self":[{"href":"https:\/\/www.datinza.com\/index.php\/wp-json\/wp\/v2\/pages\/335","targetHints":{"allow":["GET"]}}],"collection":[{"href":"https:\/\/www.datinza.com\/index.php\/wp-json\/wp\/v2\/pages"}],"about":[{"href":"https:\/\/www.datinza.com\/index.php\/wp-json\/wp\/v2\/types\/page"}],"author":[{"embeddable":true,"href":"https:\/\/www.datinza.com\/index.php\/wp-json\/wp\/v2\/users\/1"}],"replies":[{"embeddable":true,"href":"https:\/\/www.datinza.com\/index.php\/wp-json\/wp\/v2\/comments?post=335"}],"version-history":[{"count":237,"href":"https:\/\/www.datinza.com\/index.php\/wp-json\/wp\/v2\/pages\/335\/revisions"}],"predecessor-version":[{"id":2427,"href":"https:\/\/www.datinza.com\/index.php\/wp-json\/wp\/v2\/pages\/335\/revisions\/2427"}],"up":[{"embeddable":true,"href":"https:\/\/www.datinza.com\/index.php\/wp-json\/wp\/v2\/pages\/315"}],"wp:attachment":[{"href":"https:\/\/www.datinza.com\/index.php\/wp-json\/wp\/v2\/media?parent=335"}],"curies":[{"name":"wp","href":"https:\/\/api.w.org\/{rel}","templated":true}]}}