{"id":337,"date":"2017-07-28T11:06:38","date_gmt":"2017-07-28T09:06:38","guid":{"rendered":"http:\/\/www250.e1016.servidornet.com\/?page_id=337"},"modified":"2017-11-27T18:17:11","modified_gmt":"2017-11-27T16:17:11","slug":"digitalizacion-de-documentos","status":"publish","type":"page","link":"https:\/\/www.datinza.com\/index.php\/servicios\/digitalizacion-de-documentos\/","title":{"rendered":"Digitalizaci\u00f3n de Documentos"},"content":{"rendered":"<style>\n.blog-post-title {\n    padding: 0px 0px 0px 0px!important;\n}\n<\/style>\n<p><A name=\"HOME\"><\/A><\/p>\n<div align=\"center\"><video  autoplay loop style = \"width: 100%; height: auto; margin: 0 auto;\"><source src=\"\/wp-content\/uploads\/2017\/09\/video_02_TIMELAPSE_DATINZA.mp4\" type=\"video\/mp4\" >Your browser does not support the video tag.<\/video><\/p>\n<div  >\n<h4 style=\"text-align: center;\"> Digitalizaci\u00f3n de Documentos <\/h4>\n<\/p><\/div>\n<p style=\"text-align: center;\">Digitalizamos, procesamos y gestionamos todo tipo de documentos, llegando a superar 36.000 documentos a la hora. Llevamos a cabo la indexaci\u00f3n autom\u00e1tica de dichos documentos en una base de datos, para llevar a cabo b\u00fasquedas inteligentes y reducir el tiempo de gesti\u00f3n de la informaci\u00f3n.<\/p>\n<p>&nbsp;<\/p>\n<p><!--<meta name=\"viewport\" content=\"width=device-width, initial-scale=1\">\n<link rel=\"stylesheet\" href=\"https:\/\/www.w3schools.com\/w3css\/4\/w3.css\"> --><br \/>\n<meta name=\"viewport\" content=\"width=device-width, initial-scale=1\">\n<link rel=\"stylesheet\" href=\"https:\/\/www.w3schools.com\/w3css\/4\/w3.css\">\n<div style=\"text-align: center;\" class=\"w3-row-padding\"><p\">\n<div class=\"w3-quarter\" style=\"padding: 0px 10px 0px 10px ; \"> <a href=\"#DMasiva\"><img loading=\"lazy\" decoding=\"async\" class=\"aligncenter\" src=\"\/wp-content\/uploads\/2017\/06\/DIG_MAS.png\" alt=\"editors\" width=\"103\" height=\"103\" \/><\/a> <\/p>\n<h5 >Digitalizaci\u00f3n Masiva de Documentos<\/h5>\n<p >No importa la cantidad ni la tipolog\u00eda de los documentos, nuestro software se adapta a sus requerimientos y organizaci\u00f3n<\/p>\n<\/p><\/div>\n<div class=\"w3-quarter\" style=\"padding: 0px 10px 0px 10px ; \"><a href=\"#OCR\"><img loading=\"lazy\" decoding=\"async\" class=\"aligncenter\" src=\"\/wp-content\/uploads\/2017\/06\/OCR.png\" alt=\"editors\" width=\"103\" height=\"103\" \/><\/a> <\/p>\n<h5>Reconocimiento Autom\u00e1tico<br \/>de Contenidos<\/h5>\n<p>Para que pueda realizar cualquier tipo de b\u00fasqueda en los documentos digitalizados<\/p>\n<\/p><\/div>\n<div class=\"w3-quarter\" style=\"padding: 0px 10px 0px 10px ; \"><a href=\"#ALMACEN\"><img loading=\"lazy\" decoding=\"async\" class=\"aligncenter\" src=\"\/wp-content\/uploads\/2017\/06\/CUS.png\" alt=\"editors\" width=\"103\" height=\"103\" \/><\/a> <\/p>\n<h5>Guarda y <br \/>Custodia<\/h5>\n<p>Datinza dispone de m\u00e1s de 1.500 metros cuadrados de instalaciones para cubrir un amplio servicio de almacenamiento temporal de documentos<\/p>\n<\/p><\/div>\n<div class=\"w3-quarter\" style=\"padding: 0px 10px 0px 10px ; \"> <img loading=\"lazy\" decoding=\"async\" class=\"aligncenter\" src=\"\/wp-content\/uploads\/2017\/06\/DES.png\" alt=\"editors\" width=\"103\" height=\"103\" \/> <\/p>\n<h5>Destrucci\u00f3n <br \/>Certificada<\/h5>\n<p>   <!-- \n\n\n\n--><\/p>\n<p>Cuando ya no necesite sus documentos, procederemos a destruirlos proporcion\u00e1ndole el certificado correspondiente<\/p>\n<\/p><\/div>\n<\/div>\n<p><A name=\"DMasiva\"><\/A><\/p>\n<p><!-- SEPARADOR --><\/p>\n<p style=\"color: white;\">.<\/p>\n<div class=\"pagetitle-separator\">\n<div class=\"pagetitle-separator-border\">\n<div class=\"pagetitle-separator-box\"><\/div>\n<\/p><\/div>\n<\/p><\/div>\n<p><!-- FIN SEPARADOR --><\/p>\n<p><!-- ***************************************** --><\/p>\n<p>&nbsp;&nbsp;<\/p>\n<div class=\"w3-row\"  style = \"width: 100%;\n   \n    background-image: url('\/wp-content\/uploads\/2017\/09\/DATINZA_Dmasiva_2.jpg');\n    \n    background-size: cover; \n    \n   \n\n\n\n<div class=\"w3-row\">\n<div class=\"w3-third\" >&nbsp;<\/p>\n<div   style=\"padding: 0px 10px 0px 10px ; \"> <a  ><img loading=\"lazy\" decoding=\"async\" class=\"aligncenter\" src=\"\/wp-content\/uploads\/2017\/06\/DIG_MAS.png\" alt=\"editors\" width=\"103\" height=\"103\" \/><\/a> <\/p>\n<p style = \"text-align: center;color:#FFFFFF;font-size: 130%;font-weight: regular; \" >Digitalizaci\u00f3n Masiva <br \/>de Documentos<\/p>\n<\/p><\/div>\n<\/div>\n<div class=\"w3-twothird\" >\n<p class=\"tx1 w3-large\" style = \"color:#FFFFFF; font-size: 130%; font-weight: regular; margin-top: 4%; margin-left: 5%; margin-bottom: 4%; margin-right: 5%;\"> No importa la cantidad ni la tipolog\u00eda de los documentos, nos adaptamos a sus requerimientos y organizaci\u00f3n, adem\u00e1s de facilitar su firmado electr\u00f3nico para garantizar la autenticidad y no manipulaci\u00f3n posterior.<\/p>\n<div class=\"w3-row\" style= \" margin-top: 0%; \">\n<div class=\"w3-container w3-quarter\" style=\"padding: 10px 10px 10px 10px ; margin-top: -2%;\"><a href=\"\/index.php\/2017\/06\/\"><img loading=\"lazy\" decoding=\"async\"  class=\"aligncenter\"  src=\"\/wp-content\/uploads\/2017\/06\/EXP.png\" alt=\"editors\" width=\"60\" height=\"60\" \/><\/a>\n           <\/div>\n<div class=\"w3-container w3-rest\" >\n<p class=\"tx1\" style= \"color:#ffffff; font-size: 120%;font-weight: bold;\">Experiencia<\/p>\n<p class=\"tx1\" style= \"color:#ffffff;  margin-top: -2%;  \"> Desde 1997 trabajando por nuestros clientes<\/p>\n<\/p><\/div>\n<\/p><\/div>\n<div class=\"w3-row\" >\n<div class=\"w3-container w3-quarter\" style=\"padding: 10px 10px 10px 10px ; \"><a href=\"\/index.php\/2017\/06\/\"><img loading=\"lazy\" decoding=\"async\"  class=\"aligncenter\"  src=\"\/wp-content\/uploads\/2017\/06\/TEC.png\" alt=\"editors\" width=\"60\" height=\"60\" \/><\/a>\n           <\/div>\n<div class=\"w3-container w3-rest\" style = \"@media only screen and (max-device-width: 400px)   {text-align: center;}\">\n<p class=\"tx1\" style= \"color:#ffffff; font-size: 120%;font-weight: bold;\">Tecnolog\u00eda<\/p>\n<p class=\"tx1\" style= \"color:#ffffff;   margin-top: -2%;  \"> Hemos creado la m\u00e1quina de digitalizaci\u00f3n m\u00e1s r\u00e1pida del mercado: 36.000 documentos por hora<\/p>\n<\/p><\/div>\n<\/p><\/div>\n<div class=\"w3-row\">\n<div class=\"w3-container w3-quarter\" style=\"padding: 10px 10px 10px 10px ; \"><a href=\"\/index.php\/2017\/06\/\"><img loading=\"lazy\" decoding=\"async\"  class=\"aligncenter\"   src=\"\/wp-content\/uploads\/2017\/06\/CAL.png\" alt=\"editors\" width=\"60\" height=\"60\" \/><\/a>\n           <\/div>\n<div class=\"w3-container w3-rest\"  >\n<p class=\"tx1\" style= \"color:#ffffff; font-size: 120%;font-weight: bold;   \">Calidad<\/p>\n<p><A name=\"OCR\"><\/A><\/p>\n<p class=\"tx1\" style= \"color:#ffffff;   margin-top: -2%;  \"> Todos nuestros procesos de trabajo est\u00e1n altamente automatizados y supervisados<\/p>\n<\/p><\/div>\n<\/p><\/div>\n<\/p><\/div>\n<\/div>\n<\/div>\n<p><!-- ***************************************** --><\/p>\n<p><!-- SEPARADOR --><\/p>\n<p style=\"color: white;\">.<\/p>\n<p><a href=\"#HOME\"><img loading=\"lazy\" decoding=\"async\" class=\"aligncenter\" src=\"\/wp-content\/uploads\/2017\/09\/top_a.png\" alt=\"editors\" width=\"50\" height=\"50\" \/><\/a> <\/p>\n<div class=\"pagetitle-separator\">\n<div class=\"pagetitle-separator-border\">\n<div class=\"pagetitle-separator-box\"><\/div>\n<\/p><\/div>\n<\/p><\/div>\n<p><!-- FIN SEPARADOR --><\/p>\n<p><!-- ***************************************** --><\/p>\n<p>&nbsp;&nbsp;<\/p>\n<div class=\"w3-row\"  style = \"width: 100%;\n   \n <!--   background-image: url('\/wp-content\/uploads\/2017\/06\/DATINZA_OCR_.jpg');\n    \n    background-size: contain; \n --><\/p>\n<div class=\"w3-row\">\n  <!--  \n\n<div class=\"w3-third\" >&nbsp;\n\n<p>\n\n <\/p>\n\n--><\/p>\n<div   style=\"padding: 0px 10px 0px 10px ; \"> <a  ><img loading=\"lazy\" decoding=\"async\" class=\"aligncenter\" src=\"\/wp-content\/uploads\/2017\/06\/OCR.png\" alt=\"editors\" width=\"103\" height=\"103\" \/><\/a> <\/p>\n<p style = \"text-align: center;color:#22a1c4;font-size: 130%;font-weight: regular; \" >Reconocimiento Autom\u00e1tico <br \/>de Contenidos<\/p>\n<p><!--   <\/div>\n\n --><\/p>\n<p><A name=\"ALMACEN\"><\/A><\/p>\n<\/div>\n<p> <!--    \n\n<div class=\"w3-twothird\" >--><\/p>\n<p    style = \"color:#000000; font-size: 100%; font-weight: regular; margin-top: 4%; margin-left: 5%; margin-bottom: 4%; margin-right: 5%;text-align: center;\">Contamos con la \u00faltima tecnolog\u00eda en reconocimiento digital de caracteres, de marcas y de c\u00f3digos 1D y 2D, lo cual nos permite llevar a cabo el proceso de digitalizaci\u00f3n sin errores. Gracias a esta tecnolog\u00eda somos capaces de extraer los datos necesarios de cualquier documento y de almacenarlos en bases de datos para su tratamiento y an\u00e1lisis posterior.<\/p>\n<p> <!--\n      \n\n<div class=\"w3-row\" style= \" margin-top: 0%; \">  \n           \n\n<div class=\"w3-container w3-quarter\" style=\"padding: 10px 10px 10px 10px ; margin-top: -2%;\"><a href=\"\/index.php\/2017\/06\/\"><img loading=\"lazy\" decoding=\"async\"  class=\"aligncenter\"  src=\"\/wp-content\/uploads\/2017\/06\/SOFT.png\" alt=\"editors\" width=\"60\" height=\"60\" \/><\/a> \n           <\/div>\n\n\n           \n\n<div class=\"w3-container w3-rest\" >\n               \n\n<p class=\"tx1\" style= \"color:#000000; font-size: 120%;font-weight: bold;\">Experiencia<\/p>\n\n\n                \n\n<p class=\"tx1\" style= \"color:#000000;  margin-top: -2%;  \"> Desde 1997trabajando por nuestros clientes<\/p>\n\n\n           <\/div>\n\n\n      <\/div>\n\n \n\n\n       \n\n<div class=\"w3-row\" >\n           \n\n<div class=\"w3-container w3-quarter\" style=\"padding: 10px 10px 10px 10px ; \"><a href=\"\/index.php\/2017\/06\/\"><img loading=\"lazy\" decoding=\"async\"  class=\"aligncenter\"  src=\"\/wp-content\/uploads\/2017\/06\/SOFT.png\" alt=\"editors\" width=\"60\" height=\"60\" \/><\/a> \n           <\/div>\n\n\n           \n\n<div class=\"w3-container w3-rest\" style = \"@media only screen and (max-device-width: 400px)   {text-align: center;}\">\n               \n\n<p class=\"tx1\" style= \"color:#000000; font-size: 120%;font-weight: bold;\">Tecnolog\u00eda<\/p>\n\n\n                \n\n<p class=\"tx1\" style= \"color:#000000;   margin-top: -2%;  \"> Hemos creado la m\u00e1quina de digitalizaci\u00f3n m\u00e1s r\u00e1pida del mercado: 36.000 documentos por hora<\/p>\n\n\n           <\/div>\n\n\n        <\/div>\n\n \n\n        \n\n<div class=\"w3-row\"> \n           \n\n<div class=\"w3-container w3-quarter\" style=\"padding: 10px 10px 10px 10px ; \"><a href=\"\/index.php\/2017\/06\/\"><img loading=\"lazy\" decoding=\"async\"  class=\"aligncenter\"   src=\"\/wp-content\/uploads\/2017\/06\/SOFT.png\" alt=\"editors\" width=\"60\" height=\"60\" \/><\/a> \n           <\/div>\n\n\n           \n\n<div class=\"w3-container w3-rest\"  >\n               \n\n<p class=\"tx1\" style= \"color:#000000; font-size: 100%;font-weight: bold;   \">Calidad<\/p>\n\n\n                \n\n<p class=\"tx1\" style= \"color:#000000;   margin-top: -2%;  \"> Todos nuestros procesos de trabajo est\u00e1 altamente automatizados y supervisados<\/p>\n\n\n           <\/div>\n\n\n        <\/div>\n\n \n    <\/div>\n\n\n<\/div>\n\n\n-->\n<\/div>\n<p><!-- ***************************************** --><\/p>\n<p><!-- SEPARADOR --><\/p>\n<p style=\"color: white;\">.<\/p>\n<p><a href=\"#HOME\"><img loading=\"lazy\" decoding=\"async\" class=\"aligncenter\" src=\"\/wp-content\/uploads\/2017\/09\/top_a.png\" alt=\"editors\" width=\"50\" height=\"50\" \/><\/a> <\/p>\n<div class=\"pagetitle-separator\">\n<div class=\"pagetitle-separator-border\">\n<div class=\"pagetitle-separator-box\"><\/div>\n<\/p><\/div>\n<\/p><\/div>\n<\/div>\n<p><!-- FIN SEPARADOR --><\/p>\n<p><!-- ***************************************** --><\/p>\n<div class=\"w3-row\"  style = \"width: 100%;\n <!--  \n    background-image: url('\/wp-content\/uploads\/2017\/06\/DATINZA_OCR_.jpg');\n    \n    background-size: contain; \n -->  <\/p>\n<div class=\"w3-row\">\n<div> <a  ><img loading=\"lazy\" decoding=\"async\" class=\"aligncenter\" src=\"\/wp-content\/uploads\/2017\/06\/CUS.png\" alt=\"editors\" width=\"103\" height=\"103\" \/><\/a> <\/p>\n<p style = \"text-align: center;color:#22a1c4;font-size: 130%;font-weight: regular; \" > Guarda y Custodia <\/p>\n<\/div>\n<p style = \"color:#000000; font-size:100%; font-weight: regular; margin-top: 4%; margin-left: 5%; margin-bottom: 4%; margin-right: 5%;text-align: center;\">Nuestras instalaciones se han ido remodelando, hasta contar en la actualidad con m\u00e1s de 1.500 metros cuadrados de superficie disponible de almac\u00e9n perfectamente habilitados para custodiar documentos. <\/p>\n<\/div>\n<\/div>\n","protected":false},"excerpt":{"rendered":"<p>Your browser does not support the video tag. Digitalizaci\u00f3n de Documentos Digitalizamos, procesamos y gestionamos todo tipo de documentos, llegando a superar 36.000 documentos a la hora. Llevamos a cabo la indexaci\u00f3n autom\u00e1tica de dichos documentos en una base de datos, para llevar a cabo b\u00fasquedas inteligentes y reducir el tiempo de gesti\u00f3n de la [&hellip;]<\/p>\n","protected":false},"author":1,"featured_media":0,"parent":315,"menu_order":0,"comment_status":"closed","ping_status":"closed","template":"page-full-width.php","meta":{"footnotes":""},"class_list":["post-337","page","type-page","status-publish","hentry"],"_links":{"self":[{"href":"https:\/\/www.datinza.com\/index.php\/wp-json\/wp\/v2\/pages\/337","targetHints":{"allow":["GET"]}}],"collection":[{"href":"https:\/\/www.datinza.com\/index.php\/wp-json\/wp\/v2\/pages"}],"about":[{"href":"https:\/\/www.datinza.com\/index.php\/wp-json\/wp\/v2\/types\/page"}],"author":[{"embeddable":true,"href":"https:\/\/www.datinza.com\/index.php\/wp-json\/wp\/v2\/users\/1"}],"replies":[{"embeddable":true,"href":"https:\/\/www.datinza.com\/index.php\/wp-json\/wp\/v2\/comments?post=337"}],"version-history":[{"count":240,"href":"https:\/\/www.datinza.com\/index.php\/wp-json\/wp\/v2\/pages\/337\/revisions"}],"predecessor-version":[{"id":2316,"href":"https:\/\/www.datinza.com\/index.php\/wp-json\/wp\/v2\/pages\/337\/revisions\/2316"}],"up":[{"embeddable":true,"href":"https:\/\/www.datinza.com\/index.php\/wp-json\/wp\/v2\/pages\/315"}],"wp:attachment":[{"href":"https:\/\/www.datinza.com\/index.php\/wp-json\/wp\/v2\/media?parent=337"}],"curies":[{"name":"wp","href":"https:\/\/api.w.org\/{rel}","templated":true}]}}